{"id":1669,"date":"2024-02-27T13:08:22","date_gmt":"2024-02-27T12:08:22","guid":{"rendered":"https:\/\/www.weanhean.at\/content\/?page_id=1669"},"modified":"2025-02-26T11:15:01","modified_gmt":"2025-02-26T10:15:01","slug":"donnerstag-11-april-2024","status":"publish","type":"page","link":"https:\/\/www.weanhean.at\/content\/donnerstag-11-april-2024\/","title":{"rendered":"DONNERSTAG, 11. APRIL 2024"},"content":{"rendered":"\n<h2 class=\"wp-block-heading\">OWA AUFFI!<br>FESTIVALER\u00d6FFNUNG<\/h2>\n\n\n<p><span style=\"font-weight: 400;\">Es tut sich was, dort oben am Berg auf der Baumgartner H\u00f6h\u2019. Nach mehr als einem Jahrhundert klinischer Nutzung gestaltet sich das Otto Wagner Areal immer mehr zu einem Ort f\u00fcr ALLE! Wie sich unser Wienerlied in dieses denkmalgesch\u00fctzte Ensemble mit wertvollem Gr\u00fcnraum hier einpflanzt, schauen wir uns zum Festivalauftakt mit Ihnen gemeinsam an. Auf drei B\u00fchnen laden wir ein zum Flanieren und verw\u00f6hnen mit Wiener Weltstadtmusik von bratfisch, virtuosem Humptata von Klakradl, dem waschechten Weanaliad von den 16er Buam, der einzigartigen Bratschen- und Vokalakrobatin Jelena Popr\u017ean und den wean schb\u00fc\u00fcn Schrammeln. Au\u00dferdem packt Herbert Zotti gemeinsam mit Katharina Pecher f\u00fcr Sie die Wiener Schlagerkiste aus. OWA auffi, gemma wean hean!<\/span><\/p>\n\n\n<blockquote class=\"wp-block-quote is-layout-flow wp-block-quote-is-layout-flow\">\n<p><a href=\"https:\/\/www.16erbuam.at\/\" target=\"_blank\" rel=\"noreferrer noopener\">16ER BUAM<\/a><br><a href=\"https:\/\/www.bratfisch.or.at\/\" target=\"_blank\" rel=\"noreferrer noopener\">BRATFISCH<\/a><br><a href=\"https:\/\/www.klakmusic.com\/projects\/\" target=\"_blank\" rel=\"noreferrer noopener\">KLAKRADL<\/a><br><a href=\"https:\/\/www.jelenapoprzan.com\/\" target=\"_blank\" rel=\"noreferrer noopener\">JELENA <strong>POPR\u017eAN<\/strong><\/a><br>WEAN SCHB\u00dc\u00dcN<br><strong>\u201cAUSNAHMSWEISE SCHLAGER\u201d &#8211; EIN PUBLIKUMSSINGEN MIT KATHARINA PECHER UND HERBERT ZOTTI<\/strong><\/p>\n<\/blockquote>\n\n\n\n<h2 class=\"wp-block-heading\">Tickets<\/h2>\n\n\n<p>Freie Spende!<br \/>F\u00fcr die Er\u00f6ffnung ist keine Anmeldung notwendig. Kommen Sie einfach vorbei!<\/p>\n\n\n<h2 class=\"wp-block-heading\">Abendprogramm<\/h2>\n\n\n\n<div class=\"wp-block-group is-nowrap is-layout-flex wp-container-core-group-is-layout-ad2f72ca wp-block-group-is-layout-flex\"><div id=\"filebird-document-library\">\n\t<div class=\"njt-fbdl\" data-json=\"{&quot;request&quot;:{&quot;pagination&quot;:{&quot;current&quot;:1,&quot;limit&quot;:10},&quot;search&quot;:&quot;&quot;,&quot;orderBy&quot;:&quot;post_title&quot;,&quot;orderType&quot;:&quot;DESC&quot;,&quot;selectedFolder&quot;:[&quot;46&quot;]},&quot;layout&quot;:&quot;grid&quot;,&quot;title&quot;:&quot;&quot;,&quot;column&quot;:4}\"><\/div>\n<\/div>\n\t\t<\/div>\n\n\n\n<div class=\"wp-block-group is-nowrap is-layout-flex wp-container-core-group-is-layout-ad2f72ca wp-block-group-is-layout-flex\">\n<div class=\"wp-block-columns is-layout-flex wp-container-core-columns-is-layout-9d6595d7 wp-block-columns-is-layout-flex\">\n<div class=\"wp-block-column is-layout-flow wp-block-column-is-layout-flow\" style=\"flex-basis:100%\"><\/div>\n<\/div>\n<\/div>\n\n\n\n<h2 class=\"wp-block-heading\">Uhrzeit<\/h2>\n\n\n<p>18:00 &#8211; 22:00 | Einlass 17:00<\/p>\n\n\n<h2 class=\"wp-block-heading\"><a href=\"https:\/\/www.owa-wien.at\/\" target=\"_blank\" rel=\"noreferrer noopener\">OTTO WAGNER AREAL<\/a><\/h2>\n\n\n<p>1140 Wien | Baumgartner H\u00f6he 1 | U3 Ottakring + 48A Otto Wagner Areal\u00a0<\/p>\n<div data-carousel-extra='{\"blog_id\":1,\"permalink\":\"https:\\\/\\\/www.weanhean.at\\\/content\\\/donnerstag-11-april-2024\\\/\"}' class=\"tiled-gallery type-square\" data-original-width=\"990\"><div class=\"tiled-gallery-item calling-this\"><a border=\"0\" href=\"https:\/\/www.weanhean.at\/content\/donnerstag-11-april-2024\/klakradl2_florian-proprenter\/\"><img decoding=\"async\" data-attachment-id=\"1676\" data-orig-file=\"https:\/\/www.weanhean.at\/content\/wp-content\/uploads\/2024\/02\/Klakradl2_\u00a9Florian-Proprenter.jpg\" data-orig-size=\"2409,2089\" data-comments-opened=\"0\" data-image-meta=\"{&quot;aperture&quot;:&quot;0&quot;,&quot;credit&quot;:&quot;&quot;,&quot;camera&quot;:&quot;&quot;,&quot;caption&quot;:&quot;&quot;,&quot;created_timestamp&quot;:&quot;0&quot;,&quot;copyright&quot;:&quot;&quot;,&quot;focal_length&quot;:&quot;0&quot;,&quot;iso&quot;:&quot;0&quot;,&quot;shutter_speed&quot;:&quot;0&quot;,&quot;title&quot;:&quot;&quot;,&quot;orientation&quot;:&quot;0&quot;}\" data-image-title=\"Klakradl\u00a9Florian-Proprenter\" data-image-description=\"\" data-medium-file=\"https:\/\/www.weanhean.at\/content\/wp-content\/uploads\/2024\/02\/Klakradl2_\u00a9Florian-Proprenter-300x260.jpg\" data-large-file=\"https:\/\/www.weanhean.at\/content\/wp-content\/uploads\/2024\/02\/Klakradl2_\u00a9Florian-Proprenter-1024x888.jpg\" style=\"margin: 2px\" src=\"https:\/\/www.weanhean.at\/content\/wp-content\/uploads\/2024\/02\/Klakradl2_\u00a9Florian-Proprenter-2089x2089.jpg\" width=491 height=491 title=\"Klakradl\u00a9Florian-Proprenter\" \/><\/a><\/div><div class=\"tiled-gallery-item calling-this\"><a border=\"0\" href=\"https:\/\/www.weanhean.at\/content\/donnerstag-11-april-2024\/20240130-cd-praesentation-wean-hean-bockkeller-c-2024-www-mussil-eu-013-2\/\"><img decoding=\"async\" data-attachment-id=\"1677\" data-orig-file=\"https:\/\/www.weanhean.at\/content\/wp-content\/uploads\/2024\/02\/20240130-CD-Praesentation-WEAN-HEAN-@-Bockkeller-c-2024-www.mussil.eu-013-2.jpg\" data-orig-size=\"2200,1467\" data-comments-opened=\"0\" data-image-meta=\"{&quot;aperture&quot;:&quot;0&quot;,&quot;credit&quot;:&quot;Stephan Mussil&quot;,&quot;camera&quot;:&quot;&quot;,&quot;caption&quot;:&quot;&quot;,&quot;created_timestamp&quot;:&quot;0&quot;,&quot;copyright&quot;:&quot;(c)2023 Stephan Mussil&quot;,&quot;focal_length&quot;:&quot;0&quot;,&quot;iso&quot;:&quot;0&quot;,&quot;shutter_speed&quot;:&quot;0&quot;,&quot;title&quot;:&quot;&quot;,&quot;orientation&quot;:&quot;1&quot;}\" data-image-title=\"Pia Madlener_weanschb\u00fc\u00fcn_c_Stephan Mussil\" data-image-description=\"\" data-medium-file=\"https:\/\/www.weanhean.at\/content\/wp-content\/uploads\/2024\/02\/20240130-CD-Praesentation-WEAN-HEAN-@-Bockkeller-c-2024-www.mussil.eu-013-2-300x200.jpg\" data-large-file=\"https:\/\/www.weanhean.at\/content\/wp-content\/uploads\/2024\/02\/20240130-CD-Praesentation-WEAN-HEAN-@-Bockkeller-c-2024-www.mussil.eu-013-2-1024x683.jpg\" style=\"margin: 2px\" src=\"https:\/\/www.weanhean.at\/content\/wp-content\/uploads\/2024\/02\/20240130-CD-Praesentation-WEAN-HEAN-@-Bockkeller-c-2024-www.mussil.eu-013-2-1467x1467.jpg\" width=491 height=491 title=\"Pia Madlener_weanschb\u00fc\u00fcn_c_Stephan Mussil\" \/><\/a><\/div><div class=\"tiled-gallery-item calling-this\"><a border=\"0\" href=\"https:\/\/www.weanhean.at\/content\/donnerstag-11-april-2024\/20240130-cd-praesentation-wean-hean-bockkeller-c-2024-www-mussil-eu-010-2\/\"><img decoding=\"async\" data-attachment-id=\"1678\" data-orig-file=\"https:\/\/www.weanhean.at\/content\/wp-content\/uploads\/2024\/02\/20240130-CD-Praesentation-WEAN-HEAN-@-Bockkeller-c-2024-www.mussil.eu-010-2.jpg\" data-orig-size=\"2200,1467\" data-comments-opened=\"0\" data-image-meta=\"{&quot;aperture&quot;:&quot;0&quot;,&quot;credit&quot;:&quot;Stephan Mussil&quot;,&quot;camera&quot;:&quot;&quot;,&quot;caption&quot;:&quot;&quot;,&quot;created_timestamp&quot;:&quot;0&quot;,&quot;copyright&quot;:&quot;(c)2023 Stephan Mussil&quot;,&quot;focal_length&quot;:&quot;0&quot;,&quot;iso&quot;:&quot;0&quot;,&quot;shutter_speed&quot;:&quot;0&quot;,&quot;title&quot;:&quot;&quot;,&quot;orientation&quot;:&quot;1&quot;}\" data-image-title=\"Magdalena Ley_weanschb\u00fc\u00fcn_c_Stephan Mussil\" data-image-description=\"\" data-medium-file=\"https:\/\/www.weanhean.at\/content\/wp-content\/uploads\/2024\/02\/20240130-CD-Praesentation-WEAN-HEAN-@-Bockkeller-c-2024-www.mussil.eu-010-2-300x200.jpg\" data-large-file=\"https:\/\/www.weanhean.at\/content\/wp-content\/uploads\/2024\/02\/20240130-CD-Praesentation-WEAN-HEAN-@-Bockkeller-c-2024-www.mussil.eu-010-2-1024x683.jpg\" style=\"margin: 2px\" src=\"https:\/\/www.weanhean.at\/content\/wp-content\/uploads\/2024\/02\/20240130-CD-Praesentation-WEAN-HEAN-@-Bockkeller-c-2024-www.mussil.eu-010-2-1467x1467.jpg\" width=491 height=491 title=\"Magdalena Ley_weanschb\u00fc\u00fcn_c_Stephan Mussil\" \/><\/a><\/div><div class=\"tiled-gallery-item calling-this\"><a border=\"0\" href=\"https:\/\/www.weanhean.at\/content\/donnerstag-11-april-2024\/jelenapoprzan_csascha_osaka\/\"><img decoding=\"async\" data-attachment-id=\"1675\" data-orig-file=\"https:\/\/www.weanhean.at\/content\/wp-content\/uploads\/2024\/02\/JelenaPoprzan_cSascha_Osaka-scaled.jpg\" data-orig-size=\"2560,1706\" data-comments-opened=\"0\" data-image-meta=\"{&quot;aperture&quot;:&quot;0&quot;,&quot;credit&quot;:&quot;\\u00a9Sascha Osaka&quot;,&quot;camera&quot;:&quot;&quot;,&quot;caption&quot;:&quot;&quot;,&quot;created_timestamp&quot;:&quot;1508448176&quot;,&quot;copyright&quot;:&quot;\\u00a9Sascha Osaka, osaka.at&quot;,&quot;focal_length&quot;:&quot;0&quot;,&quot;iso&quot;:&quot;0&quot;,&quot;shutter_speed&quot;:&quot;0&quot;,&quot;title&quot;:&quot;&quot;,&quot;orientation&quot;:&quot;0&quot;}\" data-image-title=\"JelenaPoprzan_c_Sascha_Osaka\" data-image-description=\"\" data-medium-file=\"https:\/\/www.weanhean.at\/content\/wp-content\/uploads\/2024\/02\/JelenaPoprzan_cSascha_Osaka-300x200.jpg\" data-large-file=\"https:\/\/www.weanhean.at\/content\/wp-content\/uploads\/2024\/02\/JelenaPoprzan_cSascha_Osaka-1024x683.jpg\" style=\"margin: 2px\" src=\"https:\/\/www.weanhean.at\/content\/wp-content\/uploads\/2024\/02\/JelenaPoprzan_cSascha_Osaka-scaled-1706x1706.jpg\" width=491 height=491 title=\"JelenaPoprzan_c_Sascha_Osaka\" \/><\/a><\/div><div class=\"tiled-gallery-item calling-this\"><a border=\"0\" href=\"https:\/\/www.weanhean.at\/content\/donnerstag-11-april-2024\/bratfisch1_cstefanknittel\/\"><img decoding=\"async\" data-attachment-id=\"1673\" data-orig-file=\"https:\/\/www.weanhean.at\/content\/wp-content\/uploads\/2024\/02\/bratfisch1_cStefanKnittel-scaled.jpg\" data-orig-size=\"2560,1703\" data-comments-opened=\"0\" data-image-meta=\"{&quot;aperture&quot;:&quot;0&quot;,&quot;credit&quot;:&quot;Stefan Knittel&quot;,&quot;camera&quot;:&quot;&quot;,&quot;caption&quot;:&quot;&quot;,&quot;created_timestamp&quot;:&quot;1629140155&quot;,&quot;copyright&quot;:&quot;&quot;,&quot;focal_length&quot;:&quot;0&quot;,&quot;iso&quot;:&quot;0&quot;,&quot;shutter_speed&quot;:&quot;0&quot;,&quot;title&quot;:&quot;&quot;,&quot;orientation&quot;:&quot;1&quot;}\" data-image-title=\"bratfisch1_c_StefanKnittel\" data-image-description=\"\" data-medium-file=\"https:\/\/www.weanhean.at\/content\/wp-content\/uploads\/2024\/02\/bratfisch1_cStefanKnittel-300x200.jpg\" data-large-file=\"https:\/\/www.weanhean.at\/content\/wp-content\/uploads\/2024\/02\/bratfisch1_cStefanKnittel-1024x681.jpg\" style=\"margin: 2px\" src=\"https:\/\/www.weanhean.at\/content\/wp-content\/uploads\/2024\/02\/bratfisch1_cStefanKnittel-scaled-1703x1703.jpg\" width=491 height=491 title=\"bratfisch1_c_StefanKnittel\" \/><\/a><\/div><div class=\"tiled-gallery-item calling-this\"><a border=\"0\" href=\"https:\/\/www.weanhean.at\/content\/donnerstag-11-april-2024\/16erbuam4_christophacker\/\"><img decoding=\"async\" data-attachment-id=\"1671\" data-orig-file=\"https:\/\/www.weanhean.at\/content\/wp-content\/uploads\/2024\/02\/16erBuam4_ChristophAcker-scaled.jpg\" data-orig-size=\"1707,2560\" data-comments-opened=\"0\" data-image-meta=\"{&quot;aperture&quot;:&quot;4&quot;,&quot;credit&quot;:&quot;Christoph ACKER&quot;,&quot;camera&quot;:&quot;Canon EOS R6m2&quot;,&quot;caption&quot;:&quot;&quot;,&quot;created_timestamp&quot;:&quot;1701615434&quot;,&quot;copyright&quot;:&quot;&quot;,&quot;focal_length&quot;:&quot;24&quot;,&quot;iso&quot;:&quot;6400&quot;,&quot;shutter_speed&quot;:&quot;0.005&quot;,&quot;title&quot;:&quot;&quot;,&quot;orientation&quot;:&quot;1&quot;}\" data-image-title=\"16erBuam_c_ChristophAcker\" data-image-description=\"\" data-medium-file=\"https:\/\/www.weanhean.at\/content\/wp-content\/uploads\/2024\/02\/16erBuam4_ChristophAcker-200x300.jpg\" data-large-file=\"https:\/\/www.weanhean.at\/content\/wp-content\/uploads\/2024\/02\/16erBuam4_ChristophAcker-683x1024.jpg\" style=\"margin: 2px\" src=\"https:\/\/www.weanhean.at\/content\/wp-content\/uploads\/2024\/02\/16erBuam4_ChristophAcker-scaled-1707x1707.jpg\" width=491 height=491 title=\"16erBuam_c_ChristophAcker\" \/><\/a><\/div><div class=\"tiled-gallery-item calling-this\"><a border=\"0\" href=\"https:\/\/www.weanhean.at\/content\/dienstag-16-april-2024\/heut-machma-blau-12\/\"><img decoding=\"async\" data-attachment-id=\"664\" data-orig-file=\"https:\/\/www.weanhean.at\/content\/wp-content\/uploads\/2023\/02\/13_dsc_0695.jpg\" data-orig-size=\"915,609\" data-comments-opened=\"0\" data-image-meta=\"{&quot;aperture&quot;:&quot;2.8&quot;,&quot;credit&quot;:&quot;&quot;,&quot;camera&quot;:&quot;NIKON Z 6&quot;,&quot;caption&quot;:&quot;weanhean2022&quot;,&quot;created_timestamp&quot;:&quot;1652983960&quot;,&quot;copyright&quot;:&quot;(c) Barbara Brandst\\u00e4tter&quot;,&quot;focal_length&quot;:&quot;105&quot;,&quot;iso&quot;:&quot;450&quot;,&quot;shutter_speed&quot;:&quot;0.004&quot;,&quot;title&quot;:&quot;Heut mach&#039;ma blau&quot;,&quot;orientation&quot;:&quot;0&quot;}\" data-image-title=\"Herbert Zotti_c_Barbara Brandstaetter\" data-image-description=\"\" data-medium-file=\"https:\/\/www.weanhean.at\/content\/wp-content\/uploads\/2023\/02\/13_dsc_0695-300x200.jpg\" data-large-file=\"https:\/\/www.weanhean.at\/content\/wp-content\/uploads\/2023\/02\/13_dsc_0695.jpg\" style=\"margin: 2px\" src=\"https:\/\/www.weanhean.at\/content\/wp-content\/uploads\/2023\/02\/13_dsc_0695-609x609.jpg\" width=491 height=491 title=\"Herbert Zotti_c_Barbara Brandstaetter\" \/><\/a><\/div><div class=\"tiled-gallery-item calling-this\"><a border=\"0\" href=\"https:\/\/www.weanhean.at\/content\/donnerstag-11-april-2024\/2504_freundin-ich-komm-mit-der-zither1_c_herbert-zotti\/\"><img decoding=\"async\" data-attachment-id=\"1688\" data-orig-file=\"https:\/\/www.weanhean.at\/content\/wp-content\/uploads\/2024\/02\/2504_Freundin-ich-komm-mit-der-Zither1_c_Herbert-Zotti.jpg\" data-orig-size=\"1772,1539\" data-comments-opened=\"0\" data-image-meta=\"{&quot;aperture&quot;:&quot;8&quot;,&quot;credit&quot;:&quot;&quot;,&quot;camera&quot;:&quot;NIKON Z 6&quot;,&quot;caption&quot;:&quot;&quot;,&quot;created_timestamp&quot;:&quot;1578931879&quot;,&quot;copyright&quot;:&quot;&quot;,&quot;focal_length&quot;:&quot;112&quot;,&quot;iso&quot;:&quot;1250&quot;,&quot;shutter_speed&quot;:&quot;0.016666666666667&quot;,&quot;title&quot;:&quot;&quot;,&quot;orientation&quot;:&quot;1&quot;}\" data-image-title=\"Katharina Pecher_c_Herbert Zotti\" data-image-description=\"\" data-medium-file=\"https:\/\/www.weanhean.at\/content\/wp-content\/uploads\/2024\/02\/2504_Freundin-ich-komm-mit-der-Zither1_c_Herbert-Zotti-300x261.jpg\" data-large-file=\"https:\/\/www.weanhean.at\/content\/wp-content\/uploads\/2024\/02\/2504_Freundin-ich-komm-mit-der-Zither1_c_Herbert-Zotti-1024x889.jpg\" style=\"margin: 2px\" src=\"https:\/\/www.weanhean.at\/content\/wp-content\/uploads\/2024\/02\/2504_Freundin-ich-komm-mit-der-Zither1_c_Herbert-Zotti-1539x1539.jpg\" width=491 height=491 title=\"Katharina Pecher_c_Herbert Zotti\" \/><\/a><\/div><\/div>","protected":false},"excerpt":{"rendered":"<p>OWA AUFFI!FESTIVALER\u00d6FFNUNG Es tut sich was, dort oben am Berg auf der Baumgartner H\u00f6h\u2019. Nach mehr als einem Jahrhundert klinischer Nutzung gestaltet sich das Otto Wagner Areal immer mehr zu<a href=\"https:\/\/www.weanhean.at\/content\/donnerstag-11-april-2024\/\" class=\"more-link\"><span class=\"readmore\">Continue reading<span class=\"screen-reader-text\">DONNERSTAG, 11. APRIL 2024<\/span><\/span><\/a><\/p>\n","protected":false},"author":1,"featured_media":858,"parent":0,"menu_order":0,"comment_status":"closed","ping_status":"closed","template":"","meta":{"footnotes":""},"class_list":["post-1669","page","type-page","status-publish","has-post-thumbnail","hentry"],"_links":{"self":[{"href":"https:\/\/www.weanhean.at\/content\/wp-json\/wp\/v2\/pages\/1669","targetHints":{"allow":["GET"]}}],"collection":[{"href":"https:\/\/www.weanhean.at\/content\/wp-json\/wp\/v2\/pages"}],"about":[{"href":"https:\/\/www.weanhean.at\/content\/wp-json\/wp\/v2\/types\/page"}],"author":[{"embeddable":true,"href":"https:\/\/www.weanhean.at\/content\/wp-json\/wp\/v2\/users\/1"}],"replies":[{"embeddable":true,"href":"https:\/\/www.weanhean.at\/content\/wp-json\/wp\/v2\/comments?post=1669"}],"version-history":[{"count":21,"href":"https:\/\/www.weanhean.at\/content\/wp-json\/wp\/v2\/pages\/1669\/revisions"}],"predecessor-version":[{"id":2945,"href":"https:\/\/www.weanhean.at\/content\/wp-json\/wp\/v2\/pages\/1669\/revisions\/2945"}],"wp:featuredmedia":[{"embeddable":true,"href":"https:\/\/www.weanhean.at\/content\/wp-json\/wp\/v2\/media\/858"}],"wp:attachment":[{"href":"https:\/\/www.weanhean.at\/content\/wp-json\/wp\/v2\/media?parent=1669"}],"curies":[{"name":"wp","href":"https:\/\/api.w.org\/{rel}","templated":true}]}}