{"id":1734,"date":"2024-02-27T16:54:20","date_gmt":"2024-02-27T15:54:20","guid":{"rendered":"https:\/\/www.weanhean.at\/content\/?page_id=1734"},"modified":"2025-02-26T11:30:07","modified_gmt":"2025-02-26T10:30:07","slug":"freitag-19-april-2024","status":"publish","type":"page","link":"https:\/\/www.weanhean.at\/content\/freitag-19-april-2024\/","title":{"rendered":"FREITAG, 19. APRIL 2024"},"content":{"rendered":"\n<h2 class=\"wp-block-heading\">HOLLATRIO<br>DREI BLEAMAL IM GOATN<\/h2>\n\n\n<p><span style=\"font-weight: 400;\">Gibt es Besseres als den Genuss von Musik und Gaumenfreuden im Gr\u00fcnen? Wir finden, kaum, daher g\u00f6nnen wir uns einen Fr\u00fchlingsnachmittag in Wiens sch\u00f6nster Farm im Augarten und lauschen dort drei Bl\u00fcten der Wiener Musik. Gemeint sind Tini Kainrath, Marie-Theres Stickler und Maria Stippich, die sich zum fulminanten Power-Trio fusionieren und ihre Lieblingslieder singend, dudelnd, Kn\u00f6pferl- und Kontragitarre-spielend zu neuer Bl\u00fcte bringen. Bevor wir uns zum Hollatrio-H\u00f6ren im Innenhof-Garten der City Farm zusammenfinden, gibt es die einmalige Gelegenheit, diese Erlebnis-Oase mit ihrer Gem\u00fcsevielfalt im Rahmen einer F\u00fchrung kennenzulernen. Naschen von Angebautem inklusive! Wenn das keine blumigen Aussichten sind, die zum Aussto\u00dfen eines freudigen \u201eHollat\u2026\u201c, Pardon, \u201eHolladrio!\u201c verleiten.<\/span><\/p>\n\n\n<blockquote class=\"wp-block-quote is-layout-flow wp-block-quote-is-layout-flow\">\n<p><a href=\"https:\/\/www.tinikainrath.at\/de\/\" target=\"_blank\" rel=\"noreferrer noopener\">Tini Kainrath<\/a><br><a href=\"https:\/\/marie-theres-stickler.at\/\" target=\"_blank\" rel=\"noreferrer noopener\">Marie-Theres Stickler<\/a><br><a href=\"https:\/\/www.stippichs.com\/\" target=\"_blank\" rel=\"noreferrer noopener\">Maria Stippich<\/a><\/p>\n<\/blockquote>\n\n\n\n<h2 class=\"wp-block-heading\">INFOS<\/h2>\n\n\n<p><strong>Die Veranstaltung ist AUSVERKAUFT!<br \/>Die F\u00fchrung in der City Farm im Augarten findet bei jedem Wetter drau\u00dfen statt. Bitte Winter-Wind- und Regenkleidung anziehen! Das Konzert mit Tini Kainrath, Marie-Theres Stickler und Maria Stippich haben wir vom Garten in die Muttergottes Kirche am Augarten verlegt.<\/strong><\/p>\n\n\n<h2 class=\"wp-block-heading\">ZEITPLAN<\/h2>\n\n\n<ul>\n<li>EINLASS in der City Farm: 16:00 Uhr<\/li>\n<li>F\u00dcHRUNG: 16:30 bis 17:30 Uhr<\/li>\n<li>PAUSE mit Aufstrichbroten, Getr\u00e4nken, Tee und Kaffee zum Aufw\u00e4rmen!<\/li>\n<li>Gemeinsamer SPAZIERGANG DURCH DEN AUGARTEN um 18:00 UHR zur Muttergottes Kirche im Augarten (Zu Ehren der Muttergottes von der Wunderbaren Medaille) Fu\u00dfweg ca. 15 Minuten.<\/li>\n<li>KONZERT: ab ca. 18:30 Uhr, Dauer 1 Stunde<\/li>\n<li>ENDE: ca. 19:30 Uhr<\/li>\n<\/ul>\n\n\n<h2 class=\"wp-block-heading\"><a href=\"https:\/\/www.cityfarm.wien\/\" target=\"_blank\" rel=\"noreferrer noopener\">CITY FARM AUGARTEN<\/a> &amp; MUTTERGOTTES KIRCHE AUGARTEN<\/h2>\n\n\n<p>City Farm: 1020 Wien | Obere Augartenstra\u00dfe 1C | U2 \/ 2 Taborstra\u00dfe | 31 Obere Augartenstra\u00dfe<br \/>Muttergottes Kirche: 1020 Wien | Gau\u00dfplatz 14<\/p>\n<div data-carousel-extra='{\"blog_id\":1,\"permalink\":\"https:\\\/\\\/www.weanhean.at\\\/content\\\/freitag-19-april-2024\\\/\"}' class=\"tiled-gallery type-rectangular\" data-original-width=\"990\"><div class=\"gallery-row\" style=\"width: 985px; height: 626px;\"><div class=\"gallery-group images-2\" style=\"width: 470px; height: 630px;\"><div class=\"tiled-gallery-item tiled-gallery-item-full\"><a href=\"https:\/\/www.weanhean.at\/content\/dienstag-16-april-2024\/tini_kainrathcstephan-mussil\/\"><img loading=\"lazy\" decoding=\"async\" data-attachment-id=\"1726\" data-orig-file=\"https:\/\/www.weanhean.at\/content\/wp-content\/uploads\/2024\/02\/Tini_KainrathcStephan-Mussil-scaled.jpg\" data-orig-size=\"2560,1710\" data-comments-opened=\"0\" data-image-meta=\"{&quot;aperture&quot;:&quot;2.8&quot;,&quot;credit&quot;:&quot;c2016 stephan mussil&quot;,&quot;camera&quot;:&quot;ILCE-7SM2&quot;,&quot;caption&quot;:&quot;&quot;,&quot;created_timestamp&quot;:&quot;1468063279&quot;,&quot;copyright&quot;:&quot;http:\\\/\\\/mussil.eu&quot;,&quot;focal_length&quot;:&quot;200&quot;,&quot;iso&quot;:&quot;1000&quot;,&quot;shutter_speed&quot;:&quot;0.0025&quot;,&quot;title&quot;:&quot;&quot;,&quot;orientation&quot;:&quot;0&quot;}\" data-image-title=\"Tini_Kainrath_c_Stephan_Mussil\" data-image-description=\"\" data-medium-file=\"https:\/\/www.weanhean.at\/content\/wp-content\/uploads\/2024\/02\/Tini_KainrathcStephan-Mussil-300x200.jpg\" data-large-file=\"https:\/\/www.weanhean.at\/content\/wp-content\/uploads\/2024\/02\/Tini_KainrathcStephan-Mussil-1024x684.jpg\" src=\"https:\/\/www.weanhean.at\/content\/wp-content\/uploads\/2024\/02\/Tini_KainrathcStephan-Mussil-scaled.jpg\" width=\"466\" height=\"311\" align=\"left\" title=\"Tini_Kainrath_c_Stephan_Mussil\" \/><\/a><\/div><div class=\"tiled-gallery-item tiled-gallery-item-full\"><a href=\"https:\/\/www.weanhean.at\/content\/dienstag-16-april-2024\/marie-theres_sticklercstephan-mussil\/\"><img loading=\"lazy\" decoding=\"async\" data-attachment-id=\"1717\" data-orig-file=\"https:\/\/www.weanhean.at\/content\/wp-content\/uploads\/2024\/02\/Marie-Theres_SticklercStephan-Mussil.jpg\" data-orig-size=\"1000,668\" data-comments-opened=\"0\" data-image-meta=\"{&quot;aperture&quot;:&quot;0&quot;,&quot;credit&quot;:&quot;&quot;,&quot;camera&quot;:&quot;&quot;,&quot;caption&quot;:&quot;&quot;,&quot;created_timestamp&quot;:&quot;0&quot;,&quot;copyright&quot;:&quot;&quot;,&quot;focal_length&quot;:&quot;0&quot;,&quot;iso&quot;:&quot;0&quot;,&quot;shutter_speed&quot;:&quot;0&quot;,&quot;title&quot;:&quot;&quot;,&quot;orientation&quot;:&quot;0&quot;}\" data-image-title=\"Marie-Theres_Stickler_c_Stephan Mussil\" data-image-description=\"\" data-medium-file=\"https:\/\/www.weanhean.at\/content\/wp-content\/uploads\/2024\/02\/Marie-Theres_SticklercStephan-Mussil-300x200.jpg\" data-large-file=\"https:\/\/www.weanhean.at\/content\/wp-content\/uploads\/2024\/02\/Marie-Theres_SticklercStephan-Mussil.jpg\" src=\"https:\/\/www.weanhean.at\/content\/wp-content\/uploads\/2024\/02\/Marie-Theres_SticklercStephan-Mussil.jpg\" width=\"466\" height=\"311\" align=\"left\" title=\"Marie-Theres_Stickler_c_Stephan Mussil\" \/><\/a><\/div><\/div><div class=\"gallery-group images-1\" style=\"width: 515px; height: 630px;\"><div class=\"tiled-gallery-item tiled-gallery-item-full\"><a href=\"https:\/\/www.weanhean.at\/content\/dienstag-16-april-2024\/maria_stippichcmartin-hanus\/\"><img loading=\"lazy\" decoding=\"async\" data-attachment-id=\"1716\" data-orig-file=\"https:\/\/www.weanhean.at\/content\/wp-content\/uploads\/2024\/02\/Maria_StippichcMartin-Hanus.jpg\" data-orig-size=\"1475,1807\" data-comments-opened=\"0\" data-image-meta=\"{&quot;aperture&quot;:&quot;0&quot;,&quot;credit&quot;:&quot;&quot;,&quot;camera&quot;:&quot;&quot;,&quot;caption&quot;:&quot;&quot;,&quot;created_timestamp&quot;:&quot;0&quot;,&quot;copyright&quot;:&quot;&quot;,&quot;focal_length&quot;:&quot;0&quot;,&quot;iso&quot;:&quot;0&quot;,&quot;shutter_speed&quot;:&quot;0&quot;,&quot;title&quot;:&quot;&quot;,&quot;orientation&quot;:&quot;1&quot;}\" data-image-title=\"Maria_Stippich_c_Martin_Hanus\" data-image-description=\"\" data-medium-file=\"https:\/\/www.weanhean.at\/content\/wp-content\/uploads\/2024\/02\/Maria_StippichcMartin-Hanus-245x300.jpg\" data-large-file=\"https:\/\/www.weanhean.at\/content\/wp-content\/uploads\/2024\/02\/Maria_StippichcMartin-Hanus-836x1024.jpg\" src=\"https:\/\/www.weanhean.at\/content\/wp-content\/uploads\/2024\/02\/Maria_StippichcMartin-Hanus.jpg\" width=\"511\" height=\"626\" align=\"left\" title=\"Maria_Stippich_c_Martin_Hanus\" \/><\/a><\/div><\/div><\/div><div class=\"gallery-row\" style=\"width: 985px; height: 936px;\"><div class=\"gallery-group images-1\" style=\"width: 985px; height: 940px;\"><div class=\"tiled-gallery-item tiled-gallery-item-full\"><a href=\"https:\/\/www.weanhean.at\/content\/samstag-11-mai-2024\/hollatrio_c_daniela-fuchs\/\"><img loading=\"lazy\" decoding=\"async\" data-attachment-id=\"1762\" data-orig-file=\"https:\/\/www.weanhean.at\/content\/wp-content\/uploads\/2024\/02\/Hollatrio_c_Daniela-Fuchs.jpg\" data-orig-size=\"2289,2184\" data-comments-opened=\"0\" data-image-meta=\"{&quot;aperture&quot;:&quot;5.6&quot;,&quot;credit&quot;:&quot;H Zotti&quot;,&quot;camera&quot;:&quot;NIKON Z 6&quot;,&quot;caption&quot;:&quot;&quot;,&quot;created_timestamp&quot;:&quot;1706628442&quot;,&quot;copyright&quot;:&quot;&quot;,&quot;focal_length&quot;:&quot;34&quot;,&quot;iso&quot;:&quot;2000&quot;,&quot;shutter_speed&quot;:&quot;0.003125&quot;,&quot;title&quot;:&quot;&quot;,&quot;orientation&quot;:&quot;0&quot;}\" data-image-title=\"Hollatrio_c_Daniela Fuchs\" data-image-description=\"\" data-medium-file=\"https:\/\/www.weanhean.at\/content\/wp-content\/uploads\/2024\/02\/Hollatrio_c_Daniela-Fuchs-300x286.jpg\" data-large-file=\"https:\/\/www.weanhean.at\/content\/wp-content\/uploads\/2024\/02\/Hollatrio_c_Daniela-Fuchs-1024x977.jpg\" src=\"https:\/\/www.weanhean.at\/content\/wp-content\/uploads\/2024\/02\/Hollatrio_c_Daniela-Fuchs.jpg\" width=\"981\" height=\"936\" align=\"left\" title=\"Hollatrio_c_Daniela Fuchs\" \/><\/a><\/div><\/div><\/div><\/div>","protected":false},"excerpt":{"rendered":"<p>HOLLATRIODREI BLEAMAL IM GOATN Gibt es Besseres als den Genuss von Musik und Gaumenfreuden im Gr\u00fcnen? Wir finden, kaum, daher g\u00f6nnen wir uns einen Fr\u00fchlingsnachmittag in Wiens sch\u00f6nster Farm im<a href=\"https:\/\/www.weanhean.at\/content\/freitag-19-april-2024\/\" class=\"more-link\"><span class=\"readmore\">Continue reading<span class=\"screen-reader-text\">FREITAG, 19. APRIL 2024<\/span><\/span><\/a><\/p>\n","protected":false},"author":1,"featured_media":858,"parent":0,"menu_order":0,"comment_status":"closed","ping_status":"closed","template":"","meta":{"footnotes":""},"class_list":["post-1734","page","type-page","status-publish","has-post-thumbnail","hentry"],"_links":{"self":[{"href":"https:\/\/www.weanhean.at\/content\/wp-json\/wp\/v2\/pages\/1734","targetHints":{"allow":["GET"]}}],"collection":[{"href":"https:\/\/www.weanhean.at\/content\/wp-json\/wp\/v2\/pages"}],"about":[{"href":"https:\/\/www.weanhean.at\/content\/wp-json\/wp\/v2\/types\/page"}],"author":[{"embeddable":true,"href":"https:\/\/www.weanhean.at\/content\/wp-json\/wp\/v2\/users\/1"}],"replies":[{"embeddable":true,"href":"https:\/\/www.weanhean.at\/content\/wp-json\/wp\/v2\/comments?post=1734"}],"version-history":[{"count":18,"href":"https:\/\/www.weanhean.at\/content\/wp-json\/wp\/v2\/pages\/1734\/revisions"}],"predecessor-version":[{"id":2960,"href":"https:\/\/www.weanhean.at\/content\/wp-json\/wp\/v2\/pages\/1734\/revisions\/2960"}],"wp:featuredmedia":[{"embeddable":true,"href":"https:\/\/www.weanhean.at\/content\/wp-json\/wp\/v2\/media\/858"}],"wp:attachment":[{"href":"https:\/\/www.weanhean.at\/content\/wp-json\/wp\/v2\/media?parent=1734"}],"curies":[{"name":"wp","href":"https:\/\/api.w.org\/{rel}","templated":true}]}}