{"id":1738,"date":"2024-02-27T17:08:38","date_gmt":"2024-02-27T16:08:38","guid":{"rendered":"https:\/\/www.weanhean.at\/content\/?page_id=1738"},"modified":"2025-02-26T11:28:07","modified_gmt":"2025-02-26T10:28:07","slug":"montag-22-april-2024","status":"publish","type":"page","link":"https:\/\/www.weanhean.at\/content\/montag-22-april-2024\/","title":{"rendered":"MONTAG, 22. APRIL 2024"},"content":{"rendered":"\n<h2 class=\"wp-block-heading\">FACKEL-KRAUS &amp; MUATTERL-GRUBER<\/h2>\n\n\n<p><span style=\"font-weight: 400;\">Ludwig Grubers op. 1000 \u201eMei Muatterl war a Weanerin\u201d hat seinen Ruf als bedeutender Wienerlied-Komponist bis heute erhalten. Aber auch \u201eEs wird a Wein sein\u201c und \u201eDie alte Uhr\u201c befinden sich noch im Repertoire zahlreicher Wienerlieds\u00e4nger.<\/span><span style=\"font-weight: 400;\"><br \/><\/span><span style=\"font-weight: 400;\">Karl Kraus, genialer Sprachk\u00fcnstler und wacher Beobachter seiner Zeit, hat lange gefackelt: 37 Jahre (1899 \u2013 1936). Dabei hat er vieles \u00fcber Wien, die Wiener und auch ihre Musik geschrieben.<\/span><span style=\"font-weight: 400;\"><br \/><\/span><span style=\"font-weight: 400;\">Die Zusammen- und Gegen\u00fcberstellung des auf die Wiener Gem\u00fctlichkeit referierenden Grubers mit dem gro\u00dfen Satiriker Kraus zeigt viele Facetten des Wiener-Seins auf. Ja, lustig ist\u2019s auch!<\/span><\/p>\n\n\n<blockquote class=\"wp-block-quote is-layout-flow wp-block-quote-is-layout-flow\">\n<p><strong>HERBERT B\u00c4UML<\/strong><br><a href=\"https:\/\/vorstadtkollektiv.at\/\" target=\"_blank\" rel=\"noreferrer noopener\"><strong>MARLENE JANSCH\u00dcTZ<\/strong><br><\/a><strong><a href=\"http:\/\/www.robertkolar.com\/\" target=\"_blank\" rel=\"noreferrer noopener\">ROBERT KOLAR<\/a><br>RUDI KOSCHELU<\/strong><br><strong>WILLI LEHNER<\/strong><\/p>\n\n\n\n<p><strong>IDEE, KONZEPT &amp; RECHERCHE: <strong>SUSANNE SCHEDTLER<\/strong><\/strong> &amp; <strong>HERBERT ZOTTI<\/strong><\/p>\n<\/blockquote>\n\n\n\n<h2 class=\"wp-block-heading\">Tickets<\/h2>\n\n\n<p><strong>Karten im Vorverkauf sind <a href=\"https:\/\/wienervolksliedwerk.reservix.at\/p\/reservix\/event\/2225396\" target=\"_blank\" rel=\"noopener\"><span style=\"color: #a81417;\">HIER<\/span><\/a> erh\u00e4ltlich:<\/strong><br \/>\u20ac 23,- \/ 20,- wvlw- und \u00d61-Club Mitglieder \/ 17,- Sch\u00fcler:innen und Studierende, \u00d61 Intro Mitglieder<\/p>\n<p><strong>Karten an der Abendkassa:<\/strong><br \/>\u20ac 25,- \/ 22,- wvlw- und \u00d61-Club Mitglieder \/ 19,- Sch\u00fcler:innen und Studierende, \u00d61 Intro Mitglieder<\/p>\n<p><strong>Kartenreservierung<\/strong> unter karten@weanhean.at <br \/>bzw. +43 1 416 23 66<\/p>\n\n\n<h2 class=\"wp-block-heading\">Uhrzeit<\/h2>\n\n\n<p>Beginn 19:30 | Einlass 18:30<\/p>\n\n\n<h2 class=\"wp-block-heading\"><a href=\"https:\/\/www.wienervolksliedwerk.at\/\" target=\"_blank\" rel=\"noreferrer noopener\">LIEBHARTSTALER BOCKKELLER<\/a><\/h2>\n\n\n\n<p>1160 Wien | Gallitzinstra\u00dfe 1 | U3 Ottakring + 45A\/46B Ottakringer Friedhof | 44\/46 Maroltingergasse<\/p>\n\n\n<div data-carousel-extra='{\"blog_id\":1,\"permalink\":\"https:\\\/\\\/www.weanhean.at\\\/content\\\/montag-22-april-2024\\\/\"}' class=\"tiled-gallery type-square\" data-original-width=\"990\"><div class=\"tiled-gallery-item calling-this\"><a border=\"0\" href=\"https:\/\/www.weanhean.at\/content\/dienstag-16-april-2024\/willilehner_wh20230418_rudi_koschelu-70_dsc_6248_hz\/\"><img decoding=\"async\" data-attachment-id=\"1729\" data-orig-file=\"https:\/\/www.weanhean.at\/content\/wp-content\/uploads\/2024\/02\/WilliLehner_wh20230418_Rudi_Koschelu-70_DSC_6248_HZ.jpg\" data-orig-size=\"1277,1920\" data-comments-opened=\"0\" data-image-meta=\"{&quot;aperture&quot;:&quot;5.6&quot;,&quot;credit&quot;:&quot;H Zotti&quot;,&quot;camera&quot;:&quot;NIKON Z 6&quot;,&quot;caption&quot;:&quot;&quot;,&quot;created_timestamp&quot;:&quot;1681837580&quot;,&quot;copyright&quot;:&quot;&quot;,&quot;focal_length&quot;:&quot;85&quot;,&quot;iso&quot;:&quot;2000&quot;,&quot;shutter_speed&quot;:&quot;0.004&quot;,&quot;title&quot;:&quot;&quot;,&quot;orientation&quot;:&quot;1&quot;}\" data-image-title=\"Willi Lehner_c_Herbert Zotti\" data-image-description=\"\" data-medium-file=\"https:\/\/www.weanhean.at\/content\/wp-content\/uploads\/2024\/02\/WilliLehner_wh20230418_Rudi_Koschelu-70_DSC_6248_HZ-200x300.jpg\" data-large-file=\"https:\/\/www.weanhean.at\/content\/wp-content\/uploads\/2024\/02\/WilliLehner_wh20230418_Rudi_Koschelu-70_DSC_6248_HZ-681x1024.jpg\" style=\"margin: 2px\" src=\"https:\/\/www.weanhean.at\/content\/wp-content\/uploads\/2024\/02\/WilliLehner_wh20230418_Rudi_Koschelu-70_DSC_6248_HZ-1277x1277.jpg\" width=491 height=491 title=\"Willi Lehner_c_Herbert Zotti\" \/><\/a><\/div><div class=\"tiled-gallery-item calling-this\"><a border=\"0\" href=\"https:\/\/www.weanhean.at\/content\/montag-22-april-2024\/janschuetz-wean-hean-website\/\"><img decoding=\"async\" data-attachment-id=\"1927\" data-orig-file=\"https:\/\/www.weanhean.at\/content\/wp-content\/uploads\/2024\/03\/Janschuetz-Wean-Hean-Website.jpg\" data-orig-size=\"2048,1365\" data-comments-opened=\"0\" data-image-meta=\"{&quot;aperture&quot;:&quot;0&quot;,&quot;credit&quot;:&quot;&quot;,&quot;camera&quot;:&quot;&quot;,&quot;caption&quot;:&quot;&quot;,&quot;created_timestamp&quot;:&quot;0&quot;,&quot;copyright&quot;:&quot;BENNY PAYA&quot;,&quot;focal_length&quot;:&quot;0&quot;,&quot;iso&quot;:&quot;0&quot;,&quot;shutter_speed&quot;:&quot;0&quot;,&quot;title&quot;:&quot;&quot;,&quot;orientation&quot;:&quot;0&quot;}\" data-image-title=\"Marlene Janschuetz_c_Benjamin Pay\" data-image-description=\"\" data-medium-file=\"https:\/\/www.weanhean.at\/content\/wp-content\/uploads\/2024\/03\/Janschuetz-Wean-Hean-Website-300x200.jpg\" data-large-file=\"https:\/\/www.weanhean.at\/content\/wp-content\/uploads\/2024\/03\/Janschuetz-Wean-Hean-Website-1024x683.jpg\" style=\"margin: 2px\" src=\"https:\/\/www.weanhean.at\/content\/wp-content\/uploads\/2024\/03\/Janschuetz-Wean-Hean-Website-1365x1365.jpg\" width=491 height=491 title=\"Marlene Janschuetz_c_Benjamin Pay\" \/><\/a><\/div><div class=\"tiled-gallery-item calling-this\"><a border=\"0\" href=\"https:\/\/www.weanhean.at\/content\/dienstag-16-april-2024\/robertkolar_cwolfgangmayer\/\"><img decoding=\"async\" data-attachment-id=\"1721\" data-orig-file=\"https:\/\/www.weanhean.at\/content\/wp-content\/uploads\/2024\/02\/RobertKolar_cWolfgangMayer-scaled.jpg\" data-orig-size=\"1703,2560\" data-comments-opened=\"0\" data-image-meta=\"{&quot;aperture&quot;:&quot;5.6&quot;,&quot;credit&quot;:&quot;Ing.Wolfgang Mayer AUSTRIA&quot;,&quot;camera&quot;:&quot;NIKON D700&quot;,&quot;caption&quot;:&quot;&quot;,&quot;created_timestamp&quot;:&quot;1504098571&quot;,&quot;copyright&quot;:&quot;Ing.Wolfgang Mayer 3100 St.Poelten&quot;,&quot;focal_length&quot;:&quot;70&quot;,&quot;iso&quot;:&quot;1000&quot;,&quot;shutter_speed&quot;:&quot;0.008&quot;,&quot;title&quot;:&quot;&quot;,&quot;orientation&quot;:&quot;1&quot;}\" data-image-title=\"Robert Kolar_c_Wolfgang Mayer\" data-image-description=\"\" data-medium-file=\"https:\/\/www.weanhean.at\/content\/wp-content\/uploads\/2024\/02\/RobertKolar_cWolfgangMayer-200x300.jpg\" data-large-file=\"https:\/\/www.weanhean.at\/content\/wp-content\/uploads\/2024\/02\/RobertKolar_cWolfgangMayer-681x1024.jpg\" style=\"margin: 2px\" src=\"https:\/\/www.weanhean.at\/content\/wp-content\/uploads\/2024\/02\/RobertKolar_cWolfgangMayer-scaled-1703x1703.jpg\" width=491 height=491 title=\"Robert Kolar_c_Wolfgang Mayer\" \/><\/a><\/div><div class=\"tiled-gallery-item calling-this\"><a border=\"0\" href=\"https:\/\/www.weanhean.at\/content\/dienstag-16-april-2024\/202310_14_15_musikantentage_herbertbaeuml_dsc_7532_hz\/\"><img decoding=\"async\" data-attachment-id=\"1703\" data-orig-file=\"https:\/\/www.weanhean.at\/content\/wp-content\/uploads\/2024\/02\/202310_14_15_Musikantentage_HerbertBaeuml_DSC_7532_HZ.jpg\" data-orig-size=\"1278,1920\" data-comments-opened=\"0\" data-image-meta=\"{&quot;aperture&quot;:&quot;4.5&quot;,&quot;credit&quot;:&quot;H Zotti&quot;,&quot;camera&quot;:&quot;NIKON Z 6&quot;,&quot;caption&quot;:&quot;&quot;,&quot;created_timestamp&quot;:&quot;1697387685&quot;,&quot;copyright&quot;:&quot;&quot;,&quot;focal_length&quot;:&quot;120&quot;,&quot;iso&quot;:&quot;3200&quot;,&quot;shutter_speed&quot;:&quot;0.005&quot;,&quot;title&quot;:&quot;&quot;,&quot;orientation&quot;:&quot;1&quot;}\" data-image-title=\"Herbert Baeuml_c_Herbert Zotti\" data-image-description=\"\" data-medium-file=\"https:\/\/www.weanhean.at\/content\/wp-content\/uploads\/2024\/02\/202310_14_15_Musikantentage_HerbertBaeuml_DSC_7532_HZ-200x300.jpg\" data-large-file=\"https:\/\/www.weanhean.at\/content\/wp-content\/uploads\/2024\/02\/202310_14_15_Musikantentage_HerbertBaeuml_DSC_7532_HZ-682x1024.jpg\" style=\"margin: 2px\" src=\"https:\/\/www.weanhean.at\/content\/wp-content\/uploads\/2024\/02\/202310_14_15_Musikantentage_HerbertBaeuml_DSC_7532_HZ-1278x1278.jpg\" width=491 height=491 title=\"Herbert Baeuml_c_Herbert Zotti\" \/><\/a><\/div><div class=\"tiled-gallery-item calling-this\"><a border=\"0\" href=\"https:\/\/www.weanhean.at\/content\/dienstag-16-april-2024\/heut-machma-blau-12\/\"><img decoding=\"async\" data-attachment-id=\"664\" data-orig-file=\"https:\/\/www.weanhean.at\/content\/wp-content\/uploads\/2023\/02\/13_dsc_0695.jpg\" data-orig-size=\"915,609\" data-comments-opened=\"0\" data-image-meta=\"{&quot;aperture&quot;:&quot;2.8&quot;,&quot;credit&quot;:&quot;&quot;,&quot;camera&quot;:&quot;NIKON Z 6&quot;,&quot;caption&quot;:&quot;weanhean2022&quot;,&quot;created_timestamp&quot;:&quot;1652983960&quot;,&quot;copyright&quot;:&quot;(c) Barbara Brandst\\u00e4tter&quot;,&quot;focal_length&quot;:&quot;105&quot;,&quot;iso&quot;:&quot;450&quot;,&quot;shutter_speed&quot;:&quot;0.004&quot;,&quot;title&quot;:&quot;Heut mach&#039;ma blau&quot;,&quot;orientation&quot;:&quot;0&quot;}\" data-image-title=\"Herbert Zotti_c_Barbara Brandstaetter\" data-image-description=\"\" data-medium-file=\"https:\/\/www.weanhean.at\/content\/wp-content\/uploads\/2023\/02\/13_dsc_0695-300x200.jpg\" data-large-file=\"https:\/\/www.weanhean.at\/content\/wp-content\/uploads\/2023\/02\/13_dsc_0695.jpg\" style=\"margin: 2px\" src=\"https:\/\/www.weanhean.at\/content\/wp-content\/uploads\/2023\/02\/13_dsc_0695-609x609.jpg\" width=491 height=491 title=\"Herbert Zotti_c_Barbara Brandstaetter\" \/><\/a><\/div><div class=\"tiled-gallery-item calling-this\"><a border=\"0\" href=\"https:\/\/www.weanhean.at\/content\/dienstag-16-april-2024\/wh20230418_rudi_koschelu-70_dsc_6236_hz\/\"><img decoding=\"async\" data-attachment-id=\"1728\" data-orig-file=\"https:\/\/www.weanhean.at\/content\/wp-content\/uploads\/2024\/02\/wh20230418_Rudi_Koschelu-70_DSC_6236_HZ.jpg\" data-orig-size=\"1920,1277\" data-comments-opened=\"0\" data-image-meta=\"{&quot;aperture&quot;:&quot;5.6&quot;,&quot;credit&quot;:&quot;H Zotti&quot;,&quot;camera&quot;:&quot;NIKON Z 6&quot;,&quot;caption&quot;:&quot;&quot;,&quot;created_timestamp&quot;:&quot;1681837247&quot;,&quot;copyright&quot;:&quot;&quot;,&quot;focal_length&quot;:&quot;82&quot;,&quot;iso&quot;:&quot;2000&quot;,&quot;shutter_speed&quot;:&quot;0.00625&quot;,&quot;title&quot;:&quot;&quot;,&quot;orientation&quot;:&quot;1&quot;}\" data-image-title=\"Rudi_Koschelu_c_Herbert_Zotti\" data-image-description=\"\" data-medium-file=\"https:\/\/www.weanhean.at\/content\/wp-content\/uploads\/2024\/02\/wh20230418_Rudi_Koschelu-70_DSC_6236_HZ-300x200.jpg\" data-large-file=\"https:\/\/www.weanhean.at\/content\/wp-content\/uploads\/2024\/02\/wh20230418_Rudi_Koschelu-70_DSC_6236_HZ-1024x681.jpg\" style=\"margin: 2px\" src=\"https:\/\/www.weanhean.at\/content\/wp-content\/uploads\/2024\/02\/wh20230418_Rudi_Koschelu-70_DSC_6236_HZ-1277x1277.jpg\" width=491 height=491 title=\"Rudi_Koschelu_c_Herbert_Zotti\" \/><\/a><\/div><\/div>","protected":false},"excerpt":{"rendered":"<p>FACKEL-KRAUS &amp; MUATTERL-GRUBER Ludwig Grubers op. 1000 \u201eMei Muatterl war a Weanerin\u201d hat seinen Ruf als bedeutender Wienerlied-Komponist bis heute erhalten. Aber auch \u201eEs wird a Wein sein\u201c und \u201eDie<a href=\"https:\/\/www.weanhean.at\/content\/montag-22-april-2024\/\" class=\"more-link\"><span class=\"readmore\">Continue reading<span class=\"screen-reader-text\">MONTAG, 22. APRIL 2024<\/span><\/span><\/a><\/p>\n","protected":false},"author":1,"featured_media":0,"parent":0,"menu_order":0,"comment_status":"closed","ping_status":"closed","template":"","meta":{"footnotes":""},"class_list":["post-1738","page","type-page","status-publish","hentry"],"_links":{"self":[{"href":"https:\/\/www.weanhean.at\/content\/wp-json\/wp\/v2\/pages\/1738","targetHints":{"allow":["GET"]}}],"collection":[{"href":"https:\/\/www.weanhean.at\/content\/wp-json\/wp\/v2\/pages"}],"about":[{"href":"https:\/\/www.weanhean.at\/content\/wp-json\/wp\/v2\/types\/page"}],"author":[{"embeddable":true,"href":"https:\/\/www.weanhean.at\/content\/wp-json\/wp\/v2\/users\/1"}],"replies":[{"embeddable":true,"href":"https:\/\/www.weanhean.at\/content\/wp-json\/wp\/v2\/comments?post=1738"}],"version-history":[{"count":15,"href":"https:\/\/www.weanhean.at\/content\/wp-json\/wp\/v2\/pages\/1738\/revisions"}],"predecessor-version":[{"id":2957,"href":"https:\/\/www.weanhean.at\/content\/wp-json\/wp\/v2\/pages\/1738\/revisions\/2957"}],"wp:attachment":[{"href":"https:\/\/www.weanhean.at\/content\/wp-json\/wp\/v2\/media?parent=1738"}],"curies":[{"name":"wp","href":"https:\/\/api.w.org\/{rel}","templated":true}]}}