{"id":1743,"date":"2024-02-27T17:43:45","date_gmt":"2024-02-27T16:43:45","guid":{"rendered":"https:\/\/www.weanhean.at\/content\/?page_id=1743"},"modified":"2025-02-26T11:28:40","modified_gmt":"2025-02-26T10:28:40","slug":"dienstag-30-april-2024","status":"publish","type":"page","link":"https:\/\/www.weanhean.at\/content\/dienstag-30-april-2024\/","title":{"rendered":"DIENSTAG, 30. APRIL 2024"},"content":{"rendered":"\n<h2 class=\"wp-block-heading\">DA JESUS &amp; SEINE HAWARA<\/h2>\n\n\n<p>Wolfgang Teuschls \u00dcbertragung des Neuen Testaments ins Wienerische l\u00f6ste nach ihrer Erscheinung im Jahr 1971 heftige Kontroversen aus und erregte die Gem\u00fcter. Von den Gegner:innen als piet\u00e4tlos und den Bef\u00fcrworter:innen als unkomplizierter Zugang zur Heiligen Schrift rezipiert, avancierte das Wienerische Evangelium unterdessen vom Skandal- zum Kultwerk. Nach Kurt Sowinetz und Willi Resetarits reiht sich nun auch der Schauspieler Johannes Silberschneider in die Riege jener Ikonen ein, die aus diesem Klassiker des Wiener Dialekts lesen. Musikalisch\u00a0begleitet wird Silberschneiders Rezitation vom Duo Soyka Stirner, das urwienerische Ethnomusik spielerisch mit Improvisation verbindet, die vielf\u00e4ltige Klangtradition Wiens in die Gegenwart transferiert und Sie auf eine stimmige Zeitreise durch die Wiener Musikgeschichte mitnimmt.<\/p>\n\n\n<blockquote class=\"wp-block-quote is-layout-flow wp-block-quote-is-layout-flow\">\n<p>JOHANNES SILBERSCHNEIDER<br><a href=\"http:\/\/www.soykastirner.com\/\" target=\"_blank\" rel=\"noreferrer noopener\">SOYKA STIRNER<\/a><\/p>\n<\/blockquote>\n\n\n<p><strong>Eine Veranstaltung in Kooperation mit der Arbeiterkammer Wien.<\/strong><\/p>\n\n\n<h2 class=\"wp-block-heading\">Tickets<\/h2>\n\n\n<p>\u20ac 28,- | 24,- | 20,- | 16,-<br \/>Karten ausschlie\u00dflich im <a href=\"https:\/\/www.akzent.at\/home\/spielplan\/vorschau\/2409\/Da-Jesus-und-seine-Hawara\" target=\"_blank\" rel=\"noopener\"><span style=\"color: #a81417;\">Theater Akzent<\/span><\/a> erh\u00e4ltlich.<\/p>\n\n\n<h2 class=\"wp-block-heading\">Uhrzeit<\/h2>\n\n\n<p>Beginn 19:30 | Einlass 18:30<\/p>\n\n\n<h2 class=\"wp-block-heading\"><a href=\"https:\/\/www.akzent.at\/\" target=\"_blank\" rel=\"noreferrer noopener\">THEATER AKZENT<\/a><\/h2>\n\n\n<p>1040 Wien | Theresianumgasse 18 | U1 Taubstummengasse | D Pl\u00f6\u00dflgasse | +43 1 501 65 133 06<\/p>\n<div data-carousel-extra='{\"blog_id\":1,\"permalink\":\"https:\\\/\\\/www.weanhean.at\\\/content\\\/dienstag-30-april-2024\\\/\"}' class=\"tiled-gallery type-rectangular\" data-original-width=\"990\"><div class=\"gallery-row\" style=\"width: 985px; height: 623px;\"><div class=\"gallery-group images-1\" style=\"width: 627px; height: 627px;\"><div class=\"tiled-gallery-item tiled-gallery-item-full\"><a href=\"https:\/\/www.weanhean.at\/content\/samstag-11-mai-2024\/jesus_und_seine_hawara_c_herbert-zotti\/\"><img loading=\"lazy\" decoding=\"async\" data-attachment-id=\"1763\" data-orig-file=\"https:\/\/www.weanhean.at\/content\/wp-content\/uploads\/2024\/02\/Jesus_und_seine_Hawara_c_Herbert-Zotti.jpg\" data-orig-size=\"1920,1920\" data-comments-opened=\"0\" data-image-meta=\"{&quot;aperture&quot;:&quot;4&quot;,&quot;credit&quot;:&quot;H.Zotti&quot;,&quot;camera&quot;:&quot;NIKON D5&quot;,&quot;caption&quot;:&quot;&quot;,&quot;created_timestamp&quot;:&quot;1707137608&quot;,&quot;copyright&quot;:&quot;&quot;,&quot;focal_length&quot;:&quot;35&quot;,&quot;iso&quot;:&quot;1000&quot;,&quot;shutter_speed&quot;:&quot;0.01&quot;,&quot;title&quot;:&quot;&quot;,&quot;orientation&quot;:&quot;1&quot;}\" data-image-title=\"Jesus_und_seine_Hawara_c_Herbert Zotti\" data-image-description=\"\" data-medium-file=\"https:\/\/www.weanhean.at\/content\/wp-content\/uploads\/2024\/02\/Jesus_und_seine_Hawara_c_Herbert-Zotti-300x300.jpg\" data-large-file=\"https:\/\/www.weanhean.at\/content\/wp-content\/uploads\/2024\/02\/Jesus_und_seine_Hawara_c_Herbert-Zotti-1024x1024.jpg\" src=\"https:\/\/www.weanhean.at\/content\/wp-content\/uploads\/2024\/02\/Jesus_und_seine_Hawara_c_Herbert-Zotti.jpg\" width=\"623\" height=\"623\" align=\"left\" title=\"Jesus_und_seine_Hawara_c_Herbert Zotti\" \/><\/a><\/div><\/div><div class=\"gallery-group images-2\" style=\"width: 358px; height: 627px;\"><div class=\"tiled-gallery-item tiled-gallery-item-full\"><a href=\"https:\/\/www.weanhean.at\/content\/dienstag-16-april-2024\/silberschneider1cstefanrobitsch\/\"><img loading=\"lazy\" decoding=\"async\" data-attachment-id=\"1723\" data-orig-file=\"https:\/\/www.weanhean.at\/content\/wp-content\/uploads\/2024\/02\/Silberschneider1cStefanRobitsch.jpg\" data-orig-size=\"1600,1600\" data-comments-opened=\"0\" data-image-meta=\"{&quot;aperture&quot;:&quot;0&quot;,&quot;credit&quot;:&quot;&quot;,&quot;camera&quot;:&quot;&quot;,&quot;caption&quot;:&quot;&quot;,&quot;created_timestamp&quot;:&quot;0&quot;,&quot;copyright&quot;:&quot;&quot;,&quot;focal_length&quot;:&quot;0&quot;,&quot;iso&quot;:&quot;0&quot;,&quot;shutter_speed&quot;:&quot;0&quot;,&quot;title&quot;:&quot;&quot;,&quot;orientation&quot;:&quot;0&quot;}\" data-image-title=\"Johannes_Silberschneider_c_Stefan_Robitsch\" data-image-description=\"\" data-medium-file=\"https:\/\/www.weanhean.at\/content\/wp-content\/uploads\/2024\/02\/Silberschneider1cStefanRobitsch-300x300.jpg\" data-large-file=\"https:\/\/www.weanhean.at\/content\/wp-content\/uploads\/2024\/02\/Silberschneider1cStefanRobitsch-1024x1024.jpg\" src=\"https:\/\/www.weanhean.at\/content\/wp-content\/uploads\/2024\/02\/Silberschneider1cStefanRobitsch.jpg\" width=\"354\" height=\"354\" align=\"left\" title=\"Johannes_Silberschneider_c_Stefan_Robitsch\" \/><\/a><\/div><div class=\"tiled-gallery-item tiled-gallery-item-full\"><a href=\"https:\/\/www.weanhean.at\/content\/dienstag-16-april-2024\/soykastirner_farbe-cstephanmussil\/\"><img loading=\"lazy\" decoding=\"async\" data-attachment-id=\"1724\" data-orig-file=\"https:\/\/www.weanhean.at\/content\/wp-content\/uploads\/2024\/02\/SoykaStirner_Farbe-cStephanMussil-scaled.jpg\" data-orig-size=\"2560,1920\" data-comments-opened=\"0\" data-image-meta=\"{&quot;aperture&quot;:&quot;0&quot;,&quot;credit&quot;:&quot;STEPHAN MUSSIL&quot;,&quot;camera&quot;:&quot;&quot;,&quot;caption&quot;:&quot;&quot;,&quot;created_timestamp&quot;:&quot;0&quot;,&quot;copyright&quot;:&quot;c2015 www.stephanmussil.at&quot;,&quot;focal_length&quot;:&quot;0&quot;,&quot;iso&quot;:&quot;0&quot;,&quot;shutter_speed&quot;:&quot;0&quot;,&quot;title&quot;:&quot;&quot;,&quot;orientation&quot;:&quot;0&quot;}\" data-image-title=\"Soyka_Stirner_c_Stephan_Mussil\" data-image-description=\"\" data-medium-file=\"https:\/\/www.weanhean.at\/content\/wp-content\/uploads\/2024\/02\/SoykaStirner_Farbe-cStephanMussil-300x225.jpg\" data-large-file=\"https:\/\/www.weanhean.at\/content\/wp-content\/uploads\/2024\/02\/SoykaStirner_Farbe-cStephanMussil-1024x768.jpg\" src=\"https:\/\/www.weanhean.at\/content\/wp-content\/uploads\/2024\/02\/SoykaStirner_Farbe-cStephanMussil-scaled.jpg\" width=\"354\" height=\"265\" align=\"left\" title=\"Soyka_Stirner_c_Stephan_Mussil\" \/><\/a><\/div><\/div><\/div><\/div>","protected":false},"excerpt":{"rendered":"<p>DA JESUS &amp; SEINE HAWARA Wolfgang Teuschls \u00dcbertragung des Neuen Testaments ins Wienerische l\u00f6ste nach ihrer Erscheinung im Jahr 1971 heftige Kontroversen aus und erregte die Gem\u00fcter. Von den Gegner:innen<a href=\"https:\/\/www.weanhean.at\/content\/dienstag-30-april-2024\/\" class=\"more-link\"><span class=\"readmore\">Continue reading<span class=\"screen-reader-text\">DIENSTAG, 30. APRIL 2024<\/span><\/span><\/a><\/p>\n","protected":false},"author":1,"featured_media":0,"parent":0,"menu_order":0,"comment_status":"closed","ping_status":"closed","template":"","meta":{"footnotes":""},"class_list":["post-1743","page","type-page","status-publish","hentry"],"_links":{"self":[{"href":"https:\/\/www.weanhean.at\/content\/wp-json\/wp\/v2\/pages\/1743","targetHints":{"allow":["GET"]}}],"collection":[{"href":"https:\/\/www.weanhean.at\/content\/wp-json\/wp\/v2\/pages"}],"about":[{"href":"https:\/\/www.weanhean.at\/content\/wp-json\/wp\/v2\/types\/page"}],"author":[{"embeddable":true,"href":"https:\/\/www.weanhean.at\/content\/wp-json\/wp\/v2\/users\/1"}],"replies":[{"embeddable":true,"href":"https:\/\/www.weanhean.at\/content\/wp-json\/wp\/v2\/comments?post=1743"}],"version-history":[{"count":12,"href":"https:\/\/www.weanhean.at\/content\/wp-json\/wp\/v2\/pages\/1743\/revisions"}],"predecessor-version":[{"id":2958,"href":"https:\/\/www.weanhean.at\/content\/wp-json\/wp\/v2\/pages\/1743\/revisions\/2958"}],"wp:attachment":[{"href":"https:\/\/www.weanhean.at\/content\/wp-json\/wp\/v2\/media?parent=1743"}],"curies":[{"name":"wp","href":"https:\/\/api.w.org\/{rel}","templated":true}]}}