{"id":1745,"date":"2024-02-27T17:44:16","date_gmt":"2024-02-27T16:44:16","guid":{"rendered":"https:\/\/www.weanhean.at\/content\/?page_id=1745"},"modified":"2025-02-26T11:31:11","modified_gmt":"2025-02-26T10:31:11","slug":"montag-6-mai-2024","status":"publish","type":"page","link":"https:\/\/www.weanhean.at\/content\/montag-6-mai-2024\/","title":{"rendered":"MONTAG, 6. MAI 2024"},"content":{"rendered":"\n<h2 class=\"wp-block-heading\">SCHRAMMELINI-MONTAG<\/h2>\n\n\n<p><span style=\"font-weight: 400;\">Es wird wieder geschrammelt! Wir nutzen die st\u00fcrmischen Zeiten zum Durchl\u00fcften, \u00f6ffnen T\u00fcren und Fenster und lassen einen frischen Wind durch unseren Spiegelsaal huschen. Zeit wird\u2019s ja nach fast zehn Jahren! Der f\u00fcnfte Schrammel-Montag dieses Jahres steht im Zeichen der Jugend. Wir schicken die Neuen Wiener Concert Schrammeln in eine Zeitkapsel und verj\u00fcngen sie um zwanzig Jahre. Klingt doch schon mal vielversprechend, oder? Zum ersten Mal schlie\u00dfen wir die offene B\u00fchne im zweiten Teil und bitten die Schrammelinis \u2013 die n\u00e4chste Generation \u2013 ins Rampenlicht. Ein Aufeinandertreffen von Reife, Erfahrung, unbeschwerter Spielfreude und jugendlichem Esprit. Was h\u00e4tten da die Schrammel-Br\u00fcder dazu gesagt? Wir werden es wohl nicht erfahren, aber wer wei\u00df, was oder wen es an diesem Tag durch unseren Spiegelsaal weht. Auf jeden Fall wunderbare Wiener Instrumentalmusik, wie gewohnt verfeinert mit Schrammelteller, Grammelschmalzbrot, Wein und Co!<\/span><\/p>\n\n\n<blockquote class=\"wp-block-quote is-layout-flow wp-block-quote-is-layout-flow\">\n<p><a href=\"https:\/\/www.concertschrammeln.at\/\" target=\"_blank\" rel=\"noreferrer noopener\">Neue Wiener Concert Schrammeln<br><\/a><a href=\"https:\/\/www.stippichs.com\/\" target=\"_blank\" rel=\"noreferrer noopener\">Maria Stippich<br><\/a>Monika Uhler<br>Schrammelinis<\/p>\n<\/blockquote>\n\n\n\n<h2 class=\"wp-block-heading\">Tickets<\/h2>\n\n\n<p><strong>Karten im Vorverkauf sind <span style=\"color: #a81417;\"><a style=\"color: #a81417;\" href=\"https:\/\/wienervolksliedwerk.reservix.at\/p\/reservix\/event\/2225405\" target=\"_blank\" rel=\"noopener\">HIER<\/a><\/span> erh\u00e4ltlich:<\/strong><br \/>\u20ac 15,- \/ 12,- wvlw- und \u00d61-Club Mitglieder \/ 11,- Sch\u00fcler:innen und Studierende, \u00d61 Intro Mitglieder<\/p>\n<p><strong>Karten an der Abendkassa:<\/strong><br \/>\u20ac 17,- \/ 14,- wvlw- und \u00d61-Club Mitglieder \/ 11,- Sch\u00fcler:innen und Studierende, \u00d61 Intro Mitglieder<\/p>\n<p><strong>Kartenreservierung<\/strong> unter karten@weanhean.at <br \/>bzw. +43 1 416 23 66<\/p>\n\n\n<h2 class=\"wp-block-heading\">Uhrzeit<\/h2>\n\n\n<p>Beginn 19:00 | Einlass 18:00<\/p>\n\n\n<h2 class=\"wp-block-heading\"><a href=\"https:\/\/www.wienervolksliedwerk.at\/\" target=\"_blank\" rel=\"noreferrer noopener\">LIEBHARTSTALER BOCKKELLER<\/a><\/h2>\n\n\n\n<p>1160 Wien | Gallitzinstra\u00dfe 1 | U3 Ottakring + 45A\/46B Ottakringer Friedhof | 44\/46 Maroltingergasse<\/p>\n\n\n<div data-carousel-extra='{\"blog_id\":1,\"permalink\":\"https:\\\/\\\/www.weanhean.at\\\/content\\\/montag-6-mai-2024\\\/\"}' class=\"tiled-gallery type-rectangular\" data-original-width=\"990\"><div class=\"gallery-row\" style=\"width: 985px; height: 470px;\"><div class=\"gallery-group images-1\" style=\"width: 631px; height: 474px;\"><div class=\"tiled-gallery-item tiled-gallery-item-full\"><a href=\"https:\/\/www.weanhean.at\/content\/dienstag-16-april-2024\/schrammelinis_1324_color_helmutstippich\/\"><img loading=\"lazy\" decoding=\"async\" data-attachment-id=\"1722\" data-orig-file=\"https:\/\/www.weanhean.at\/content\/wp-content\/uploads\/2024\/02\/Schrammelinis_1324_color_HelmutStippich-scaled.jpg\" data-orig-size=\"2560,1920\" data-comments-opened=\"0\" data-image-meta=\"{&quot;aperture&quot;:&quot;1.8&quot;,&quot;credit&quot;:&quot;&quot;,&quot;camera&quot;:&quot;iPhone 11&quot;,&quot;caption&quot;:&quot;&quot;,&quot;created_timestamp&quot;:&quot;1626813702&quot;,&quot;copyright&quot;:&quot;&quot;,&quot;focal_length&quot;:&quot;4.25&quot;,&quot;iso&quot;:&quot;640&quot;,&quot;shutter_speed&quot;:&quot;0.033333333333333&quot;,&quot;title&quot;:&quot;&quot;,&quot;orientation&quot;:&quot;1&quot;}\" data-image-title=\"Schrammelinis_c_HelmutStippich\" data-image-description=\"\" data-medium-file=\"https:\/\/www.weanhean.at\/content\/wp-content\/uploads\/2024\/02\/Schrammelinis_1324_color_HelmutStippich-300x225.jpg\" data-large-file=\"https:\/\/www.weanhean.at\/content\/wp-content\/uploads\/2024\/02\/Schrammelinis_1324_color_HelmutStippich-1024x768.jpg\" src=\"https:\/\/www.weanhean.at\/content\/wp-content\/uploads\/2024\/02\/Schrammelinis_1324_color_HelmutStippich-scaled.jpg\" width=\"627\" height=\"470\" align=\"left\" title=\"Schrammelinis_c_HelmutStippich\" \/><\/a><\/div><\/div><div class=\"gallery-group images-2\" style=\"width: 354px; height: 474px;\"><div class=\"tiled-gallery-item tiled-gallery-item-full\"><a href=\"https:\/\/www.weanhean.at\/content\/dienstag-16-april-2024\/20230904_schrammelmontagdsc_5599_nwcsmaria_df\/\"><img loading=\"lazy\" decoding=\"async\" data-attachment-id=\"1705\" data-orig-file=\"https:\/\/www.weanhean.at\/content\/wp-content\/uploads\/2024\/02\/20230904_SchrammelmontagDSC_5599_NWCSMaria_DF.jpg\" data-orig-size=\"1920,1280\" data-comments-opened=\"0\" data-image-meta=\"{&quot;aperture&quot;:&quot;5&quot;,&quot;credit&quot;:&quot;H.Zotti&quot;,&quot;camera&quot;:&quot;NIKON D5&quot;,&quot;caption&quot;:&quot;&quot;,&quot;created_timestamp&quot;:&quot;1693855415&quot;,&quot;copyright&quot;:&quot;&quot;,&quot;focal_length&quot;:&quot;80&quot;,&quot;iso&quot;:&quot;1600&quot;,&quot;shutter_speed&quot;:&quot;0.005&quot;,&quot;title&quot;:&quot;&quot;,&quot;orientation&quot;:&quot;1&quot;}\" data-image-title=\"Neue Wiener Concert Schrammeln_c_Herbert Zotti\" data-image-description=\"\" data-medium-file=\"https:\/\/www.weanhean.at\/content\/wp-content\/uploads\/2024\/02\/20230904_SchrammelmontagDSC_5599_NWCSMaria_DF-300x200.jpg\" data-large-file=\"https:\/\/www.weanhean.at\/content\/wp-content\/uploads\/2024\/02\/20230904_SchrammelmontagDSC_5599_NWCSMaria_DF-1024x683.jpg\" src=\"https:\/\/www.weanhean.at\/content\/wp-content\/uploads\/2024\/02\/20230904_SchrammelmontagDSC_5599_NWCSMaria_DF.jpg\" width=\"350\" height=\"233\" align=\"left\" title=\"Neue Wiener Concert Schrammeln_c_Herbert Zotti\" \/><\/a><\/div><div class=\"tiled-gallery-item tiled-gallery-item-full\"><a href=\"https:\/\/www.weanhean.at\/content\/presse\/petermonika_uhler_c_matthaeus_anton_schmid\/\"><img loading=\"lazy\" decoding=\"async\" data-attachment-id=\"1820\" data-orig-file=\"https:\/\/www.weanhean.at\/content\/wp-content\/uploads\/2024\/02\/PeterMonika_Uhler_c_Matthaeus_Anton_Schmid.jpg\" data-orig-size=\"2048,1365\" data-comments-opened=\"0\" data-image-meta=\"{&quot;aperture&quot;:&quot;6.3&quot;,&quot;credit&quot;:&quot;FUNKY EYE&quot;,&quot;camera&quot;:&quot;Canon EOS 5D Mark IV&quot;,&quot;caption&quot;:&quot;&quot;,&quot;created_timestamp&quot;:&quot;1683057087&quot;,&quot;copyright&quot;:&quot;MATTHAEUS ANTON SCHMID&quot;,&quot;focal_length&quot;:&quot;403&quot;,&quot;iso&quot;:&quot;6400&quot;,&quot;shutter_speed&quot;:&quot;0.005&quot;,&quot;title&quot;:&quot;&quot;,&quot;orientation&quot;:&quot;0&quot;}\" data-image-title=\"Peter&#038;Monika_Uhler_c_Matthaeus_Anton_Schmid\" data-image-description=\"\" data-medium-file=\"https:\/\/www.weanhean.at\/content\/wp-content\/uploads\/2024\/02\/PeterMonika_Uhler_c_Matthaeus_Anton_Schmid-300x200.jpg\" data-large-file=\"https:\/\/www.weanhean.at\/content\/wp-content\/uploads\/2024\/02\/PeterMonika_Uhler_c_Matthaeus_Anton_Schmid-1024x683.jpg\" src=\"https:\/\/www.weanhean.at\/content\/wp-content\/uploads\/2024\/02\/PeterMonika_Uhler_c_Matthaeus_Anton_Schmid.jpg\" width=\"350\" height=\"233\" align=\"left\" title=\"Peter&amp;Monika_Uhler_c_Matthaeus_Anton_Schmid\" \/><\/a><\/div><\/div><\/div><div class=\"gallery-row\" style=\"width: 985px; height: 654px;\"><div class=\"gallery-group images-1\" style=\"width: 985px; height: 658px;\"><div class=\"tiled-gallery-item tiled-gallery-item-full\"><a href=\"https:\/\/www.weanhean.at\/content\/weanhean2023\/programm2023\/montag-1-mai-2023\/neue-wiener-concert-schrammeln1_c_stephan-mussil\/\"><img loading=\"lazy\" decoding=\"async\" data-attachment-id=\"351\" data-orig-file=\"https:\/\/www.weanhean.at\/content\/wp-content\/uploads\/2023\/02\/Neue-Wiener-Concert-Schrammeln1_c_Stephan-Mussil.jpg\" data-orig-size=\"1325,884\" data-comments-opened=\"0\" data-image-meta=\"{&quot;aperture&quot;:&quot;2.8&quot;,&quot;credit&quot;:&quot;(c)2019 STEPHAN MUSSIL&quot;,&quot;camera&quot;:&quot;ILCE-7RM3&quot;,&quot;caption&quot;:&quot;&quot;,&quot;created_timestamp&quot;:&quot;1558439130&quot;,&quot;copyright&quot;:&quot;www.mussil.eu&quot;,&quot;focal_length&quot;:&quot;102&quot;,&quot;iso&quot;:&quot;1000&quot;,&quot;shutter_speed&quot;:&quot;0.016666666666667&quot;,&quot;title&quot;:&quot;&quot;,&quot;orientation&quot;:&quot;1&quot;}\" data-image-title=\"Neue Wiener Concert Schrammeln c Stephan Mussil\" data-image-description=\"\" data-medium-file=\"https:\/\/www.weanhean.at\/content\/wp-content\/uploads\/2023\/02\/Neue-Wiener-Concert-Schrammeln1_c_Stephan-Mussil-300x200.jpg\" data-large-file=\"https:\/\/www.weanhean.at\/content\/wp-content\/uploads\/2023\/02\/Neue-Wiener-Concert-Schrammeln1_c_Stephan-Mussil-1024x683.jpg\" src=\"https:\/\/www.weanhean.at\/content\/wp-content\/uploads\/2023\/02\/Neue-Wiener-Concert-Schrammeln1_c_Stephan-Mussil.jpg\" width=\"981\" height=\"654\" align=\"left\" title=\"Neue Wiener Concert Schrammeln c Stephan Mussil\" \/><\/a><\/div><\/div><\/div><\/div>","protected":false},"excerpt":{"rendered":"<p>SCHRAMMELINI-MONTAG Es wird wieder geschrammelt! Wir nutzen die st\u00fcrmischen Zeiten zum Durchl\u00fcften, \u00f6ffnen T\u00fcren und Fenster und lassen einen frischen Wind durch unseren Spiegelsaal huschen. Zeit wird\u2019s ja nach fast<a href=\"https:\/\/www.weanhean.at\/content\/montag-6-mai-2024\/\" class=\"more-link\"><span class=\"readmore\">Continue reading<span class=\"screen-reader-text\">MONTAG, 6. MAI 2024<\/span><\/span><\/a><\/p>\n","protected":false},"author":1,"featured_media":0,"parent":0,"menu_order":0,"comment_status":"closed","ping_status":"closed","template":"","meta":{"footnotes":""},"class_list":["post-1745","page","type-page","status-publish","hentry"],"_links":{"self":[{"href":"https:\/\/www.weanhean.at\/content\/wp-json\/wp\/v2\/pages\/1745","targetHints":{"allow":["GET"]}}],"collection":[{"href":"https:\/\/www.weanhean.at\/content\/wp-json\/wp\/v2\/pages"}],"about":[{"href":"https:\/\/www.weanhean.at\/content\/wp-json\/wp\/v2\/types\/page"}],"author":[{"embeddable":true,"href":"https:\/\/www.weanhean.at\/content\/wp-json\/wp\/v2\/users\/1"}],"replies":[{"embeddable":true,"href":"https:\/\/www.weanhean.at\/content\/wp-json\/wp\/v2\/comments?post=1745"}],"version-history":[{"count":12,"href":"https:\/\/www.weanhean.at\/content\/wp-json\/wp\/v2\/pages\/1745\/revisions"}],"predecessor-version":[{"id":2961,"href":"https:\/\/www.weanhean.at\/content\/wp-json\/wp\/v2\/pages\/1745\/revisions\/2961"}],"wp:attachment":[{"href":"https:\/\/www.weanhean.at\/content\/wp-json\/wp\/v2\/media?parent=1745"}],"curies":[{"name":"wp","href":"https:\/\/api.w.org\/{rel}","templated":true}]}}