{"id":1752,"date":"2024-02-27T18:07:51","date_gmt":"2024-02-27T17:07:51","guid":{"rendered":"https:\/\/www.weanhean.at\/content\/?page_id=1752"},"modified":"2025-02-26T11:20:27","modified_gmt":"2025-02-26T10:20:27","slug":"donnerstag-9-mai-2024","status":"publish","type":"page","link":"https:\/\/www.weanhean.at\/content\/donnerstag-9-mai-2024\/","title":{"rendered":"DONNERSTAG, 9. MAI 2024"},"content":{"rendered":"\n<h2 class=\"wp-block-heading\">WEANA GSCHROPPN<br>MULTIINSTRUMENTALES LIVE-H\u00d6RSPIEL F\u00dcR KINDER<\/h2>\n\n\n\n<p><\/p>\n\n\n<p>F\u00fcr die j\u00fcngsten Wienerlied-Fans und jene, die es bestimmt noch werden, haben wir heuer etwas ganz Besonderes im Programm. Die Weana Gschroppn nehmen uns auf einen lebendigen H\u00f6rspaziergang mit und verwandeln den Liebhartstaler Bockkeller in die Bundeshauptstadt um 1900. In den Stra\u00dfen Wiens brummt das Leben. Kutschenr\u00e4der und Pferdehufe klappern \u00fcbers Kopfsteinpflaster, w\u00e4hrend Spielm\u00e4nner, Abtrittanbieterinnen und Schusterbuben durch die Gassen schwirren. Ein akustisches Wimmelbild mit alten Instrumenten und neuen Kompositionen speziell f\u00fcr 7- bis 11-J\u00e4hrige. Auch Opas, Omas und \u00e4ltere Gschroppn sind herzlich willkommen!<\/p>\n<p>Dauer: ca. 55 Minuten<\/p>\n\n\n<blockquote class=\"wp-block-quote is-layout-flow wp-block-quote-is-layout-flow\">\n<p><a href=\"https:\/\/www.marcbruckner.com\/\" target=\"_blank\" rel=\"noreferrer noopener\">MARC BRUCKNER<\/a> (MUSIK)<br>LIVIA HEISS (ERZ\u00c4HLUNG)<br>HANNES SUMNITSCH (PERFORMANCE)<\/p>\n<\/blockquote>\n\n\n\n<h2 class=\"wp-block-heading\">Tickets<\/h2>\n\n\n<p><strong><a href=\"https:\/\/wienervolksliedwerk.reservix.at\/p\/reservix\/event\/2225406\" target=\"_blank\" rel=\"noopener\"><span style=\"color: #a81417;\">HIER<\/span><\/a> erhalten Sie Vorverkaufskarten f\u00fcr die Vorstellung um 11:00, und <a href=\"https:\/\/wienervolksliedwerk.reservix.at\/p\/reservix\/event\/2225408\" target=\"_blank\" rel=\"noopener\"><span style=\"color: #a81417;\">HIER<\/span><\/a> f\u00fcr die Vorstellung um 14:00:\u00a0<\/strong><br \/>\u20ac 15,- \/ 13,- wvlw- und \u00d61-Club Mitglieder \/ 9,- Sch\u00fcler:innen und Studierende, \u00d61 Intro Mitglieder, Kinder bis 12 Jahre<\/p>\n<p><strong>Karten an der Tageskassa:<br \/><\/strong>\u20ac 17,- \/ 15,- wvlw- und \u00d61-Club Mitglieder \/ 9,- Sch\u00fcler:innen und Studierende, \u00d61 Intro Mitglieder, Kinder bis 12 Jahre<\/p>\n<p><strong>Kartenreservierung<\/strong> unter karten@weanhean.at <br \/>bzw. +43 1 416 23 66<\/p>\n\n\n<h2 class=\"wp-block-heading\">Uhrzeit<\/h2>\n\n\n<p>Beginn 11:00 | Einlass 10:00<br \/>Beginn 14:00 | Einlass 13:00<\/p>\n\n\n<h2 class=\"wp-block-heading\"><a href=\"https:\/\/www.wienervolksliedwerk.at\/\" target=\"_blank\" rel=\"noreferrer noopener\">LIEBHARTSTALER BOCKKELLER<\/a><\/h2>\n\n\n<p>1160 Wien | Gallitzinstra\u00dfe 1 | U3 Ottakring + 45A\/46B Ottakringer Friedhof | 44\/46 Maroltingergasse<\/p>\n<div data-carousel-extra='{\"blog_id\":1,\"permalink\":\"https:\\\/\\\/www.weanhean.at\\\/content\\\/donnerstag-9-mai-2024\\\/\"}' class=\"tiled-gallery type-rectangular\" data-original-width=\"990\"><div class=\"gallery-row\" style=\"width: 985px; height: 981px;\"><div class=\"gallery-group images-1\" style=\"width: 985px; height: 985px;\"><div class=\"tiled-gallery-item tiled-gallery-item-full\"><a href=\"https:\/\/www.weanhean.at\/content\/samstag-11-mai-2024\/weana_gschroppn_c_herbert-zotti\/\"><img loading=\"lazy\" decoding=\"async\" data-attachment-id=\"1767\" data-orig-file=\"https:\/\/www.weanhean.at\/content\/wp-content\/uploads\/2024\/02\/Weana_Gschroppn_c_Herbert-Zotti.jpg\" data-orig-size=\"1920,1920\" data-comments-opened=\"0\" data-image-meta=\"{&quot;aperture&quot;:&quot;5.6&quot;,&quot;credit&quot;:&quot;h.zotti&quot;,&quot;camera&quot;:&quot;LEICA M (Typ 240)&quot;,&quot;caption&quot;:&quot;&quot;,&quot;created_timestamp&quot;:&quot;1704821042&quot;,&quot;copyright&quot;:&quot;&quot;,&quot;focal_length&quot;:&quot;18&quot;,&quot;iso&quot;:&quot;400&quot;,&quot;shutter_speed&quot;:&quot;0.0055555555555556&quot;,&quot;title&quot;:&quot;&quot;,&quot;orientation&quot;:&quot;1&quot;}\" data-image-title=\"Weana_Gschroppn_c_Herbert_Zotti\" data-image-description=\"\" data-medium-file=\"https:\/\/www.weanhean.at\/content\/wp-content\/uploads\/2024\/02\/Weana_Gschroppn_c_Herbert-Zotti-300x300.jpg\" data-large-file=\"https:\/\/www.weanhean.at\/content\/wp-content\/uploads\/2024\/02\/Weana_Gschroppn_c_Herbert-Zotti-1024x1024.jpg\" src=\"https:\/\/www.weanhean.at\/content\/wp-content\/uploads\/2024\/02\/Weana_Gschroppn_c_Herbert-Zotti.jpg\" width=\"981\" height=\"981\" align=\"left\" title=\"Weana_Gschroppn_c_Herbert_Zotti\" \/><\/a><\/div><\/div><\/div><\/div>","protected":false},"excerpt":{"rendered":"<p>WEANA GSCHROPPNMULTIINSTRUMENTALES LIVE-H\u00d6RSPIEL F\u00dcR KINDER F\u00fcr die j\u00fcngsten Wienerlied-Fans und jene, die es bestimmt noch werden, haben wir heuer etwas ganz Besonderes im Programm. Die Weana Gschroppn nehmen uns auf<a href=\"https:\/\/www.weanhean.at\/content\/donnerstag-9-mai-2024\/\" class=\"more-link\"><span class=\"readmore\">Continue reading<span class=\"screen-reader-text\">DONNERSTAG, 9. MAI 2024<\/span><\/span><\/a><\/p>\n","protected":false},"author":1,"featured_media":0,"parent":0,"menu_order":0,"comment_status":"closed","ping_status":"closed","template":"","meta":{"footnotes":""},"class_list":["post-1752","page","type-page","status-publish","hentry"],"_links":{"self":[{"href":"https:\/\/www.weanhean.at\/content\/wp-json\/wp\/v2\/pages\/1752","targetHints":{"allow":["GET"]}}],"collection":[{"href":"https:\/\/www.weanhean.at\/content\/wp-json\/wp\/v2\/pages"}],"about":[{"href":"https:\/\/www.weanhean.at\/content\/wp-json\/wp\/v2\/types\/page"}],"author":[{"embeddable":true,"href":"https:\/\/www.weanhean.at\/content\/wp-json\/wp\/v2\/users\/1"}],"replies":[{"embeddable":true,"href":"https:\/\/www.weanhean.at\/content\/wp-json\/wp\/v2\/comments?post=1752"}],"version-history":[{"count":14,"href":"https:\/\/www.weanhean.at\/content\/wp-json\/wp\/v2\/pages\/1752\/revisions"}],"predecessor-version":[{"id":2954,"href":"https:\/\/www.weanhean.at\/content\/wp-json\/wp\/v2\/pages\/1752\/revisions\/2954"}],"wp:attachment":[{"href":"https:\/\/www.weanhean.at\/content\/wp-json\/wp\/v2\/media?parent=1752"}],"curies":[{"name":"wp","href":"https:\/\/api.w.org\/{rel}","templated":true}]}}