{"id":1753,"date":"2024-02-27T17:59:41","date_gmt":"2024-02-27T16:59:41","guid":{"rendered":"https:\/\/www.weanhean.at\/content\/?page_id=1753"},"modified":"2025-02-26T11:22:01","modified_gmt":"2025-02-26T10:22:01","slug":"samstag-11-mai-2024","status":"publish","type":"page","link":"https:\/\/www.weanhean.at\/content\/samstag-11-mai-2024\/","title":{"rendered":"SAMSTAG, 11. MAI 2024"},"content":{"rendered":"\n<h2 class=\"wp-block-heading\">WEAN JAZZ<\/h2>\n\n\n<p><span style=\"font-weight: 400;\">Vergangenes Jahr am 11. Mai standen wir vor verschlossenen Porgy-T\u00fcren. Diverse Viren hinterlie\u00dfen bei uns ein eher unbefriedigendes Finale-Gef\u00fchl. Aber heuer lassen wir uns nicht mehr versetzen. Die Lepschis werden ja schlie\u00dflich auch nicht j\u00fcnger. Fast eineinhalb Jahrzehnte treiben die drei Herren schon ihr Unwesen auf ungez\u00e4hlten B\u00fchnen zwischen B\u00e4rend\u00f6rfli und Kittsee. Dass ihre Kleinfamilie noch Zuwachs kriegen k\u00f6nnte, wurde immer unwahrscheinlicher. Und doch ist es passiert. Zwei frisch gefangene Kapazunder, der Bassist Oliver Steger und der Schlagzeuger Paul Skrepek, geben den betagten Herren Kunz, Slupetzky und Zrost noch einmal so richtig Schmackes und peitschen sie vor sich her, dass Ihnen H\u00f6ren und Sehen vergeht. Das wean jazzt, Baby!<\/span><\/p>\n\n\n<blockquote class=\"wp-block-quote is-layout-flow wp-block-quote-is-layout-flow\">\n<p><a href=\"http:\/\/www.triolepschi.at\/\" target=\"_blank\" rel=\"noreferrer noopener\">TRIO LEPSCHI QUINTETT<\/a><\/p>\n<\/blockquote>\n\n\n\n<h2 class=\"wp-block-heading\">Tickets<\/h2>\n\n\n<p>\u20ac 25,- | 23,-*<br \/>Karten gibt\u2019s\u00a0<a href=\"https:\/\/www.porgy.at\/events\/11590\/\" target=\"_blank\" rel=\"noopener\"><strong><span style=\"color: #a81417;\">HIER<\/span><\/strong><\/a>.<\/p>\n<p>*Erm\u00e4\u00dfigte Karten (VVK und AK) sind ausschlie\u00dflich im <span style=\"color: #a81417;\"><a style=\"color: #a81417;\" href=\"https:\/\/www.porgy.at\/\" target=\"_blank\" rel=\"noopener\"><strong>Porgy &amp; Bess<\/strong><\/a><\/span> erh\u00e4ltlich.<\/p>\n<p>Kartenreservierung unter ticket@porgy.at oder +43 1 512 88 11<\/p>\n\n\n<h2 class=\"wp-block-heading\">Uhrzeit<\/h2>\n\n\n<p>Beginn 20:30 | Einlass 19:30<\/p>\n\n\n<h2 class=\"wp-block-heading\"><a href=\"https:\/\/www.porgy.at\/events\/11590\/\" target=\"_blank\" rel=\"noreferrer noopener\">PORGY &amp; BESS<\/a><\/h2>\n\n\n<p>1010 Wien | Riemergasse 11 | U3, 2, 3A, 74A Stubentor<\/p>\n<div data-carousel-extra='{\"blog_id\":1,\"permalink\":\"https:\\\/\\\/www.weanhean.at\\\/content\\\/samstag-11-mai-2024\\\/\"}' class=\"tiled-gallery type-rectangular\" data-original-width=\"990\"><div class=\"gallery-row\" style=\"width: 985px; height: 489px;\"><div class=\"gallery-group images-1\" style=\"width: 493px; height: 493px;\"><div class=\"tiled-gallery-item tiled-gallery-item-full\"><a href=\"https:\/\/www.weanhean.at\/content\/presse2024\/trio-lepschi-quintett_blau_c_michael-kunz\/\"><img loading=\"lazy\" decoding=\"async\" data-attachment-id=\"778\" data-orig-file=\"https:\/\/www.weanhean.at\/content\/wp-content\/uploads\/2023\/02\/Trio-Lepschi-Quintett_blau_c_Michael-Kunz-scaled.jpg\" data-orig-size=\"2560,2560\" data-comments-opened=\"0\" data-image-meta=\"{&quot;aperture&quot;:&quot;2.4&quot;,&quot;credit&quot;:&quot;&quot;,&quot;camera&quot;:&quot;iPhone 12 Pro&quot;,&quot;caption&quot;:&quot;&quot;,&quot;created_timestamp&quot;:&quot;1656617460&quot;,&quot;copyright&quot;:&quot;&quot;,&quot;focal_length&quot;:&quot;1.54&quot;,&quot;iso&quot;:&quot;320&quot;,&quot;shutter_speed&quot;:&quot;0.02&quot;,&quot;title&quot;:&quot;&quot;,&quot;orientation&quot;:&quot;0&quot;}\" data-image-title=\"Trio Lepschi Quintett c Michael Kunz\" data-image-description=\"\" data-medium-file=\"https:\/\/www.weanhean.at\/content\/wp-content\/uploads\/2023\/02\/Trio-Lepschi-Quintett_blau_c_Michael-Kunz-300x300.jpg\" data-large-file=\"https:\/\/www.weanhean.at\/content\/wp-content\/uploads\/2023\/02\/Trio-Lepschi-Quintett_blau_c_Michael-Kunz-1024x1024.jpg\" src=\"https:\/\/www.weanhean.at\/content\/wp-content\/uploads\/2023\/02\/Trio-Lepschi-Quintett_blau_c_Michael-Kunz-scaled.jpg\" width=\"489\" height=\"489\" align=\"left\" title=\"Trio Lepschi Quintett c Michael Kunz\" \/><\/a><\/div><\/div><div class=\"gallery-group images-1\" style=\"width: 492px; height: 493px;\"><div class=\"tiled-gallery-item tiled-gallery-item-full\"><a href=\"https:\/\/www.weanhean.at\/content\/weanhean2023\/programm2023\/dienstag-18-april-2023\/11052023_weanjazz_c_michael-kunz\/\"><img loading=\"lazy\" decoding=\"async\" data-attachment-id=\"288\" data-orig-file=\"https:\/\/www.weanhean.at\/content\/wp-content\/uploads\/2023\/02\/11052023_weanjazz_c_Michael-Kunz-scaled.jpg\" data-orig-size=\"2560,2560\" data-comments-opened=\"0\" data-image-meta=\"{&quot;aperture&quot;:&quot;2.4&quot;,&quot;credit&quot;:&quot;&quot;,&quot;camera&quot;:&quot;iPhone 12 Pro&quot;,&quot;caption&quot;:&quot;&quot;,&quot;created_timestamp&quot;:&quot;1656617442&quot;,&quot;copyright&quot;:&quot;&quot;,&quot;focal_length&quot;:&quot;1.54&quot;,&quot;iso&quot;:&quot;2000&quot;,&quot;shutter_speed&quot;:&quot;0.04&quot;,&quot;title&quot;:&quot;&quot;,&quot;orientation&quot;:&quot;0&quot;}\" data-image-title=\"Trio Lepschi Quintett c Michael Kunz\" data-image-description=\"\" data-medium-file=\"https:\/\/www.weanhean.at\/content\/wp-content\/uploads\/2023\/02\/11052023_weanjazz_c_Michael-Kunz-300x300.jpg\" data-large-file=\"https:\/\/www.weanhean.at\/content\/wp-content\/uploads\/2023\/02\/11052023_weanjazz_c_Michael-Kunz-1024x1024.jpg\" src=\"https:\/\/www.weanhean.at\/content\/wp-content\/uploads\/2023\/02\/11052023_weanjazz_c_Michael-Kunz-scaled.jpg\" width=\"488\" height=\"489\" align=\"left\" title=\"Trio Lepschi Quintett c Michael Kunz\" \/><\/a><\/div><\/div><\/div><\/div>","protected":false},"excerpt":{"rendered":"<p>WEAN JAZZ Vergangenes Jahr am 11. Mai standen wir vor verschlossenen Porgy-T\u00fcren. Diverse Viren hinterlie\u00dfen bei uns ein eher unbefriedigendes Finale-Gef\u00fchl. Aber heuer lassen wir uns nicht mehr versetzen. Die<a href=\"https:\/\/www.weanhean.at\/content\/samstag-11-mai-2024\/\" class=\"more-link\"><span class=\"readmore\">Continue reading<span class=\"screen-reader-text\">SAMSTAG, 11. MAI 2024<\/span><\/span><\/a><\/p>\n","protected":false},"author":1,"featured_media":847,"parent":0,"menu_order":0,"comment_status":"closed","ping_status":"closed","template":"","meta":{"footnotes":""},"class_list":["post-1753","page","type-page","status-publish","has-post-thumbnail","hentry"],"_links":{"self":[{"href":"https:\/\/www.weanhean.at\/content\/wp-json\/wp\/v2\/pages\/1753","targetHints":{"allow":["GET"]}}],"collection":[{"href":"https:\/\/www.weanhean.at\/content\/wp-json\/wp\/v2\/pages"}],"about":[{"href":"https:\/\/www.weanhean.at\/content\/wp-json\/wp\/v2\/types\/page"}],"author":[{"embeddable":true,"href":"https:\/\/www.weanhean.at\/content\/wp-json\/wp\/v2\/users\/1"}],"replies":[{"embeddable":true,"href":"https:\/\/www.weanhean.at\/content\/wp-json\/wp\/v2\/comments?post=1753"}],"version-history":[{"count":10,"href":"https:\/\/www.weanhean.at\/content\/wp-json\/wp\/v2\/pages\/1753\/revisions"}],"predecessor-version":[{"id":2956,"href":"https:\/\/www.weanhean.at\/content\/wp-json\/wp\/v2\/pages\/1753\/revisions\/2956"}],"wp:featuredmedia":[{"embeddable":true,"href":"https:\/\/www.weanhean.at\/content\/wp-json\/wp\/v2\/media\/847"}],"wp:attachment":[{"href":"https:\/\/www.weanhean.at\/content\/wp-json\/wp\/v2\/media?parent=1753"}],"curies":[{"name":"wp","href":"https:\/\/api.w.org\/{rel}","templated":true}]}}