{"id":2,"date":"2023-01-27T16:05:07","date_gmt":"2023-01-27T15:05:07","guid":{"rendered":"https:\/\/www.weanhean.at\/content\/?page_id=2"},"modified":"2026-03-02T11:45:17","modified_gmt":"2026-03-02T10:45:17","slug":"festival","status":"publish","type":"page","link":"https:\/\/www.weanhean.at\/content\/","title":{"rendered":"wean hean 2026"},"content":{"rendered":"\n<div class=\"wp-block-buttons is-layout-flex wp-block-buttons-is-layout-flex\"><\/div>\n\n\n<p>Liebe <strong>wean hean<\/strong> Freund*innen,<\/p>\n<p>die 26. Ausgabe des <strong>wean hean <\/strong>Festivals wird von 21. April bis 12. Mai 2026 \u00fcber die B\u00fchnen gehen. <br \/>Wir freuen uns auf ein wunderbares, vielf\u00e4ltiges Festival! Tickets sind ab M\u00e4rz <strong><a href=\"https:\/\/wienervolksliedwerk.reservix.at\/events\" target=\"_blank\" rel=\"noopener\">hier<\/a> <\/strong>erh\u00e4ltlich!\u00a0<\/p>\n<p><strong>wean hean<\/strong> ist \u00fcbrigens auch 2026 wieder als <strong>\u00d6koEvent<\/strong> ausgezeichnet. Dieses Pr\u00e4dikat wird von der Stadt Wien an umweltfreundliche Veranstaltungen verliehen, die nachhaltige Praktiken wie regionale Verpflegung, Abfallvermeidung und ressourcenschonende Ma\u00dfnahmen f\u00f6rdern.<\/p>\n<p>Wenn Sie \u00fcber aktuelle Neuigkeiten auf dem Laufenden bleiben m\u00f6chten, k\u00f6nnen Sie sich gerne in unseren <strong><a href=\"https:\/\/www.wienervolksliedwerk.at\/index.php?sid=120\" target=\"_blank\" rel=\"noreferrer noopener\">Newsletter<\/a>\u00a0<\/strong>eintragen. Bei Fragen melden Sie sich gerne unter: <a href=\"mailto:office@weanhean.at\">office@weanhean.at<\/a>. Und ja, Sie finden uns auch auf\u00a0<a href=\"https:\/\/de-de.facebook.com\/Wean-hean-238066469546992\/\" target=\"_blank\" rel=\"noreferrer noopener\"><strong>Facebook<\/strong><\/a>\u00a0und\u00a0<a href=\"https:\/\/www.instagram.com\/weanhean\/\" target=\"_blank\" rel=\"noreferrer noopener\"><strong>Instagram<\/strong><\/a>.\u00a0<\/p>\n<p>Wir freuen uns sehr auf ein baldiges Wiedersehen!<\/p>\n<p>Alles Liebe,<br \/>Ihr\u00a0<strong>wean hean<\/strong>\u00a0Team<\/p>","protected":false},"excerpt":{"rendered":"<p>Liebe wean hean Freund*innen, die 26. Ausgabe des wean hean Festivals wird von 21. April bis 12. Mai 2026 \u00fcber die B\u00fchnen gehen. Wir freuen uns auf ein wunderbares, vielf\u00e4ltiges<a href=\"https:\/\/www.weanhean.at\/content\/\" class=\"more-link\"><span class=\"readmore\">Continue reading<span class=\"screen-reader-text\">wean hean 2026<\/span><\/span><\/a><\/p>\n","protected":false},"author":1,"featured_media":847,"parent":0,"menu_order":0,"comment_status":"closed","ping_status":"closed","template":"","meta":{"footnotes":""},"class_list":["post-2","page","type-page","status-publish","has-post-thumbnail","hentry"],"_links":{"self":[{"href":"https:\/\/www.weanhean.at\/content\/wp-json\/wp\/v2\/pages\/2","targetHints":{"allow":["GET"]}}],"collection":[{"href":"https:\/\/www.weanhean.at\/content\/wp-json\/wp\/v2\/pages"}],"about":[{"href":"https:\/\/www.weanhean.at\/content\/wp-json\/wp\/v2\/types\/page"}],"author":[{"embeddable":true,"href":"https:\/\/www.weanhean.at\/content\/wp-json\/wp\/v2\/users\/1"}],"replies":[{"embeddable":true,"href":"https:\/\/www.weanhean.at\/content\/wp-json\/wp\/v2\/comments?post=2"}],"version-history":[{"count":60,"href":"https:\/\/www.weanhean.at\/content\/wp-json\/wp\/v2\/pages\/2\/revisions"}],"predecessor-version":[{"id":4170,"href":"https:\/\/www.weanhean.at\/content\/wp-json\/wp\/v2\/pages\/2\/revisions\/4170"}],"wp:featuredmedia":[{"embeddable":true,"href":"https:\/\/www.weanhean.at\/content\/wp-json\/wp\/v2\/media\/847"}],"wp:attachment":[{"href":"https:\/\/www.weanhean.at\/content\/wp-json\/wp\/v2\/media?parent=2"}],"curies":[{"name":"wp","href":"https:\/\/api.w.org\/{rel}","templated":true}]}}