{"id":2801,"date":"2025-02-24T20:18:02","date_gmt":"2025-02-24T19:18:02","guid":{"rendered":"https:\/\/www.weanhean.at\/content\/?page_id=2801"},"modified":"2026-02-03T19:49:34","modified_gmt":"2026-02-03T18:49:34","slug":"programm-2025","status":"publish","type":"page","link":"https:\/\/www.weanhean.at\/content\/weanhean2025\/programm-2025\/","title":{"rendered":"PROGRAMM 2025"},"content":{"rendered":"\n<p><\/p>\n\n\n\n<h2 class=\"wp-block-heading\">FESTIVALER\u00d6FFNUNG 25 JAHRE WEAN HEAN <br>Des S\u00fcWEANe<\/h2>\n\n\n\n<div class=\"wp-block-buttons is-layout-flex wp-block-buttons-is-layout-flex\">\n<div class=\"wp-block-button\"><a class=\"wp-block-button__link wp-element-button\" href=\"https:\/\/www.weanhean.at\/content\/samstag-26-april-2025\">SAMSTAG, 26. April 2025<\/a><\/div>\n<\/div>\n\n\n\n<p><\/p>\n\n\n\n<div class=\"wp-block-buttons is-layout-flex wp-block-buttons-is-layout-flex\">\n<div class=\"wp-block-button\"><a class=\"wp-block-button__link wp-element-button\">FREIE SPENDE<\/a><\/div>\n<\/div>\n\n\n\n<h2 class=\"wp-block-heading\"><br>LEOPOLDI. EINE SOIR\u00c9E (AUSVERKAUFT)<\/h2>\n\n\n\n<div class=\"wp-block-buttons is-layout-flex wp-block-buttons-is-layout-flex\">\n<div class=\"wp-block-button\"><a class=\"wp-block-button__link wp-element-button\" href=\"https:\/\/www.weanhean.at\/content\/dienstag-29-april-2025\/\">Dienstag, 29. april 2025<\/a><\/div>\n<\/div>\n\n\n\n<p><\/p>\n\n\n\n<div class=\"wp-block-buttons is-layout-flex wp-block-buttons-is-layout-flex\">\n<div class=\"wp-block-button\"><a class=\"wp-block-button__link wp-element-button\">AUSVERKAUFT<\/a><\/div>\n<\/div>\n\n\n\n<h2 class=\"wp-block-heading\"><br>SCHRAMMEL-MONTAG<br>AN DER SCH\u00d6NEN ALTEN DONAU (AUSVERKAUFT)<\/h2>\n\n\n\n<div class=\"wp-block-buttons is-layout-flex wp-block-buttons-is-layout-flex\">\n<div class=\"wp-block-button\"><a class=\"wp-block-button__link wp-element-button\" href=\"https:\/\/www.weanhean.at\/content\/montag-5-mai-2025\/\">MONTAG, 5. Mai 2025<\/a><\/div>\n<\/div>\n\n\n\n<p><\/p>\n\n\n\n<div class=\"wp-block-buttons is-layout-flex wp-block-buttons-is-layout-flex\">\n<div class=\"wp-block-button\"><a class=\"wp-block-button__link wp-element-button\">AUSVERKAUFT<\/a><\/div>\n<\/div>\n\n\n\n<h2 class=\"wp-block-heading\"><br>UMIFLIAGN<br>JUBIL\u00c4UMSSTAMMTISCH<\/h2>\n\n\n\n<div class=\"wp-block-buttons is-layout-flex wp-block-buttons-is-layout-flex\">\n<div class=\"wp-block-button\"><a class=\"wp-block-button__link wp-element-button\" href=\"https:\/\/www.weanhean.at\/content\/dienstag-6-mai-2025\/\">dienstag, 6. Mai 2025<\/a><\/div>\n<\/div>\n\n\n\n<p><\/p>\n\n\n\n<div class=\"wp-block-buttons is-layout-flex wp-block-buttons-is-layout-flex\">\n<div class=\"wp-block-button\"><a class=\"wp-block-button__link wp-element-button\" href=\"https:\/\/wienervolksliedwerk.reservix.at\/p\/reservix\/event\/2383400\" target=\"_blank\" rel=\"noreferrer noopener\">TICKETS<\/a><\/div>\n<\/div>\n\n\n\n<h2 class=\"wp-block-heading\"><br>WEAN MODEAN. FREIZEICHNER IM F\u00dcNFLINIENSYSTEM<br>KURT SCHWERTSIK ZUM 90ER<\/h2>\n\n\n\n<div class=\"wp-block-buttons is-layout-flex wp-block-buttons-is-layout-flex\">\n<div class=\"wp-block-button\"><a class=\"wp-block-button__link wp-element-button\" href=\"https:\/\/www.weanhean.at\/content\/donnerstag-8-mai-2025\/\">donnerstag, 8. Mai 2025<\/a><\/div>\n<\/div>\n\n\n\n<p><\/p>\n\n\n\n<div class=\"wp-block-buttons is-layout-flex wp-block-buttons-is-layout-flex\">\n<div class=\"wp-block-button\"><a class=\"wp-block-button__link wp-element-button\" href=\"https:\/\/wienervolksliedwerk.reservix.at\/p\/reservix\/event\/2383409\" target=\"_blank\" rel=\"noreferrer noopener\">TICKETS<\/a><\/div>\n<\/div>\n\n\n\n<h2 class=\"wp-block-heading\"><br>TSAMMSCHAUN<br>ST\u00c4DTEBEGEGNUNG SARAJEVO-WIEN<\/h2>\n\n\n\n<div class=\"wp-block-buttons is-layout-flex wp-block-buttons-is-layout-flex\">\n<div class=\"wp-block-button\"><a class=\"wp-block-button__link wp-element-button\" href=\"https:\/\/www.weanhean.at\/content\/samstag-10-mai-2025\/\">samstag, 10. Mai 2025<\/a><\/div>\n<\/div>\n\n\n\n<p><\/p>\n\n\n\n<div class=\"wp-block-buttons is-layout-flex wp-block-buttons-is-layout-flex\">\n<div class=\"wp-block-button\"><a class=\"wp-block-button__link wp-element-button\" href=\"https:\/\/radiokulturhaus.orf.at\/artikel\/718121\/25-Jahre-wean-hean\" target=\"_blank\" rel=\"noreferrer noopener\">TICKETS<\/a><\/div>\n<\/div>\n\n\n\n<h2 class=\"wp-block-heading\"><br>EINIBRETTLN<br>JUBIL\u00c4UMSSTAMMTISCH<\/h2>\n\n\n\n<div class=\"wp-block-buttons is-layout-flex wp-block-buttons-is-layout-flex\">\n<div class=\"wp-block-button\"><a class=\"wp-block-button__link wp-element-button\" href=\"https:\/\/www.weanhean.at\/content\/montag-12-mai-2025\/\">montag, 12. Mai 2025<\/a><\/div>\n<\/div>\n\n\n\n<p><\/p>\n\n\n\n<div class=\"wp-block-buttons is-layout-flex wp-block-buttons-is-layout-flex\">\n<div class=\"wp-block-button\"><a class=\"wp-block-button__link wp-element-button\" href=\"https:\/\/wienervolksliedwerk.reservix.at\/p\/reservix\/event\/2383415\" target=\"_blank\" rel=\"noreferrer noopener\">TICKETS<\/a><\/div>\n<\/div>\n\n\n\n<h2 class=\"wp-block-heading\"><br>TANGOWAHN &amp; WALZERTRAUM<\/h2>\n\n\n\n<div class=\"wp-block-buttons is-layout-flex wp-block-buttons-is-layout-flex\">\n<div class=\"wp-block-button\"><a class=\"wp-block-button__link wp-element-button\" href=\"https:\/\/www.weanhean.at\/content\/mittwoch-14-mai-2025\/\">MITTWOCH, 14. Mai 2025<\/a><\/div>\n<\/div>\n\n\n\n<p><\/p>\n\n\n\n<div class=\"wp-block-buttons is-layout-flex wp-block-buttons-is-layout-flex\">\n<div class=\"wp-block-button\"><a class=\"wp-block-button__link wp-element-button\" href=\"https:\/\/wienervolksliedwerk.reservix.at\/p\/reservix\/event\/2383466\" target=\"_blank\" rel=\"noreferrer noopener\">TICKETS Tanzkurs &amp; KONZERT<\/a><\/div>\n\n\n\n<div class=\"wp-block-button\"><a class=\"wp-block-button__link wp-element-button\" href=\"https:\/\/wienervolksliedwerk.reservix.at\/p\/reservix\/event\/2383423\" target=\"_blank\" rel=\"noreferrer noopener\">TICKETS KONZERT<\/a><\/div>\n<\/div>\n\n\n\n<h2 class=\"wp-block-heading\"><br>OWISCHWINGA MIT BAH\u00d6<br>JUBIL\u00c4UMSRALLYE (STATION 1 &amp; 2 AUSVERKAUFT)<\/h2>\n\n\n\n<div class=\"wp-block-buttons is-layout-flex wp-block-buttons-is-layout-flex\">\n<div class=\"wp-block-button\"><a class=\"wp-block-button__link wp-element-button\" href=\"https:\/\/www.weanhean.at\/content\/sonntag-18-mai-2025\/https:\/\/www.weanhean.at\/content\/sonntag-18-mai-2025\/\">SONNTAG, 18. Mai 2025<\/a><\/div>\n<\/div>\n\n\n\n<p><\/p>\n\n\n\n<div class=\"wp-block-buttons is-layout-flex wp-block-buttons-is-layout-flex\">\n<div class=\"wp-block-button\"><a class=\"wp-block-button__link wp-element-button\">AuSVERKAUFT<\/a><\/div>\n<\/div>\n\n\n\n<p><\/p>\n\n\n\n<p><\/p>\n","protected":false},"excerpt":{"rendered":"<p>FESTIVALER\u00d6FFNUNG 25 JAHRE WEAN HEAN Des S\u00fcWEANe LEOPOLDI. EINE SOIR\u00c9E (AUSVERKAUFT) SCHRAMMEL-MONTAGAN DER SCH\u00d6NEN ALTEN DONAU (AUSVERKAUFT) UMIFLIAGNJUBIL\u00c4UMSSTAMMTISCH WEAN MODEAN. FREIZEICHNER IM F\u00dcNFLINIENSYSTEMKURT SCHWERTSIK ZUM 90ER TSAMMSCHAUNST\u00c4DTEBEGEGNUNG SARAJEVO-WIEN EINIBRETTLNJUBIL\u00c4UMSSTAMMTISCH TANGOWAHN<a href=\"https:\/\/www.weanhean.at\/content\/weanhean2025\/programm-2025\/\" class=\"more-link\"><span class=\"readmore\">Continue reading<span class=\"screen-reader-text\">PROGRAMM 2025<\/span><\/span><\/a><\/p>\n","protected":false},"author":1,"featured_media":2808,"parent":3774,"menu_order":0,"comment_status":"closed","ping_status":"closed","template":"","meta":{"footnotes":""},"class_list":["post-2801","page","type-page","status-publish","has-post-thumbnail","hentry"],"_links":{"self":[{"href":"https:\/\/www.weanhean.at\/content\/wp-json\/wp\/v2\/pages\/2801","targetHints":{"allow":["GET"]}}],"collection":[{"href":"https:\/\/www.weanhean.at\/content\/wp-json\/wp\/v2\/pages"}],"about":[{"href":"https:\/\/www.weanhean.at\/content\/wp-json\/wp\/v2\/types\/page"}],"author":[{"embeddable":true,"href":"https:\/\/www.weanhean.at\/content\/wp-json\/wp\/v2\/users\/1"}],"replies":[{"embeddable":true,"href":"https:\/\/www.weanhean.at\/content\/wp-json\/wp\/v2\/comments?post=2801"}],"version-history":[{"count":33,"href":"https:\/\/www.weanhean.at\/content\/wp-json\/wp\/v2\/pages\/2801\/revisions"}],"predecessor-version":[{"id":3778,"href":"https:\/\/www.weanhean.at\/content\/wp-json\/wp\/v2\/pages\/2801\/revisions\/3778"}],"up":[{"embeddable":true,"href":"https:\/\/www.weanhean.at\/content\/wp-json\/wp\/v2\/pages\/3774"}],"wp:featuredmedia":[{"embeddable":true,"href":"https:\/\/www.weanhean.at\/content\/wp-json\/wp\/v2\/media\/2808"}],"wp:attachment":[{"href":"https:\/\/www.weanhean.at\/content\/wp-json\/wp\/v2\/media?parent=2801"}],"curies":[{"name":"wp","href":"https:\/\/api.w.org\/{rel}","templated":true}]}}