{"id":2938,"date":"2025-02-26T11:02:52","date_gmt":"2025-02-26T10:02:52","guid":{"rendered":"https:\/\/www.weanhean.at\/content\/?page_id=2938"},"modified":"2026-02-04T11:47:06","modified_gmt":"2026-02-04T10:47:06","slug":"montag-5-mai-2025","status":"publish","type":"page","link":"https:\/\/www.weanhean.at\/content\/weanhean2025\/programm-2025\/montag-5-mai-2025\/","title":{"rendered":"MONTAG, 5. MAI 2025"},"content":{"rendered":"\n<h2 class=\"wp-block-heading\">SCHRAMMEL-MONTAG<br>AN DER SCH\u00d6NEN ALTEN DONAU<\/h2>\n\n\n\n<p>Nach zehn Jahren Montagsschrammeln im Liebhartstaler Bockkeller haben wir uns f\u00fcr eine besondere Exkursion entschieden. In einer Extended-Version auf drei Ebenen \u2013 \u00f6rtlich, musikalisch und kulinarisch \u2013 erwartet uns ein unvergesslicher Abend mit den Neuen Wiener Concert Schrammeln. Einen ganzen Konzertabend lang wird Maria Stippich die NWCS gesanglich zu musikalischen H\u00f6henfl\u00fcgen anspornen. Kulinarisch verspricht der Festival-Schrammel-Montag im Strandcaf\u00e9 vollmundig wienerisch zu werden. Grammelschmalzbrot und Schrammel-Teller verwandeln sich in k\u00f6stliche Speisen wie Steckerlfisch, Gegrilltes und Co (siehe Serviervorschlag nebenan).<br>Wir sind gespannt, ob die traditionellen Schrammelkl\u00e4nge die Alte Donau \u2013 mit und ohne Str\u00e4usse \u2013 in ein wundersch\u00f6nes Blau tauchen werden. Ein wienerischer Abend voller Genuss und Musik erwartet uns!<\/p>\n\n\n\n<blockquote class=\"wp-block-quote is-layout-flow wp-block-quote-is-layout-flow\">\n<p><a href=\"https:\/\/www.concertschrammeln.at\/\" target=\"_blank\" rel=\"noreferrer noopener\">NEUE WIENER CONCERT SCHRAMMELN<br><\/a><a href=\"https:\/\/www.stippichs.com\/\" target=\"_blank\" rel=\"noreferrer noopener\">MARIA STIPPICH<\/a><\/p>\n<\/blockquote>\n\n\n\n<div class=\"wp-block-buttons is-layout-flex wp-block-buttons-is-layout-flex\">\n<div class=\"wp-block-button\"><a class=\"wp-block-button__link wp-element-button\">TICKETS<\/a><\/div>\n<\/div>\n\n\n\n<p><\/p>\n\n\n\n<p><strong>Die Veranstaltung ist bereits ausverkauft.<\/strong><\/p>\n\n\n\n<h4 class=\"wp-block-heading\">Uhrzeit<\/h4>\n\n\n\n<p>Beginn 19:00 | Einlass 17:30<\/p>\n\n\n\n<h4 class=\"wp-block-heading\"><a href=\"https:\/\/www.strandcafe-wien.at\/\" target=\"_blank\" rel=\"noreferrer noopener\">STRANDCAF\u00c9 AN DER ALTEN DONAU<\/a><\/h4>\n\n\n\n<p>1220 Wien | Florian-Berndl-Gasse 20 | U1 Alte Donau | U1 Kagran + 93A Kagraner Br\u00fccke | U6 Floridsdorf + 25 Aspern<br>U6 Neue Donau + 20A Alte Donau<\/p>\n\n\n<div data-carousel-extra='{\"blog_id\":1,\"permalink\":\"https:\\\/\\\/www.weanhean.at\\\/content\\\/weanhean2025\\\/programm-2025\\\/montag-5-mai-2025\\\/\"}' class=\"tiled-gallery type-rectangular\" data-original-width=\"990\"><div class=\"gallery-row\" style=\"width: 985px; height: 325px;\"><div class=\"gallery-group images-1\" style=\"width: 492px; height: 329px;\"><div class=\"tiled-gallery-item tiled-gallery-item-full\"><a href=\"https:\/\/www.weanhean.at\/content\/neue-wiener-concert-schrammeln-mit-maria-stippich2_c_herbert-zotti\/\"><img loading=\"lazy\" decoding=\"async\" data-attachment-id=\"2908\" data-orig-file=\"https:\/\/www.weanhean.at\/content\/wp-content\/uploads\/2025\/02\/Neue-Wiener-Concert-Schrammeln-mit-Maria-Stippich2_c_Herbert-Zotti.jpg\" data-orig-size=\"1920,1280\" data-comments-opened=\"0\" data-image-meta=\"{&quot;aperture&quot;:&quot;5&quot;,&quot;credit&quot;:&quot;H.Zotti&quot;,&quot;camera&quot;:&quot;NIKON D5&quot;,&quot;caption&quot;:&quot;&quot;,&quot;created_timestamp&quot;:&quot;1693855416&quot;,&quot;copyright&quot;:&quot;&quot;,&quot;focal_length&quot;:&quot;80&quot;,&quot;iso&quot;:&quot;1600&quot;,&quot;shutter_speed&quot;:&quot;0.005&quot;,&quot;title&quot;:&quot;&quot;,&quot;orientation&quot;:&quot;1&quot;}\" data-image-title=\"Neue Wiener Concert Schrammeln mit Maria Stippich2_c_Herbert Zotti\" data-image-description=\"\" data-medium-file=\"https:\/\/www.weanhean.at\/content\/wp-content\/uploads\/2025\/02\/Neue-Wiener-Concert-Schrammeln-mit-Maria-Stippich2_c_Herbert-Zotti-300x200.jpg\" data-large-file=\"https:\/\/www.weanhean.at\/content\/wp-content\/uploads\/2025\/02\/Neue-Wiener-Concert-Schrammeln-mit-Maria-Stippich2_c_Herbert-Zotti-1024x683.jpg\" src=\"https:\/\/www.weanhean.at\/content\/wp-content\/uploads\/2025\/02\/Neue-Wiener-Concert-Schrammeln-mit-Maria-Stippich2_c_Herbert-Zotti.jpg\" width=\"488\" height=\"325\" align=\"left\" title=\"Neue Wiener Concert Schrammeln mit Maria Stippich2_c_Herbert Zotti\" \/><\/a><\/div><\/div><div class=\"gallery-group images-1\" style=\"width: 493px; height: 329px;\"><div class=\"tiled-gallery-item tiled-gallery-item-full\"><a href=\"https:\/\/www.weanhean.at\/content\/neue-wiener-concert-schrammeln-mit-maria-stippich1_c_herbert-zotti\/\"><img loading=\"lazy\" decoding=\"async\" data-attachment-id=\"2907\" data-orig-file=\"https:\/\/www.weanhean.at\/content\/wp-content\/uploads\/2025\/02\/Neue-Wiener-Concert-Schrammeln-mit-Maria-Stippich1_c_Herbert-Zotti.jpg\" data-orig-size=\"1920,1278\" data-comments-opened=\"0\" data-image-meta=\"{&quot;aperture&quot;:&quot;5.6&quot;,&quot;credit&quot;:&quot;H Zotti&quot;,&quot;camera&quot;:&quot;NIKON Z 6&quot;,&quot;caption&quot;:&quot;&quot;,&quot;created_timestamp&quot;:&quot;1678137091&quot;,&quot;copyright&quot;:&quot;&quot;,&quot;focal_length&quot;:&quot;66&quot;,&quot;iso&quot;:&quot;2500&quot;,&quot;shutter_speed&quot;:&quot;0.004&quot;,&quot;title&quot;:&quot;&quot;,&quot;orientation&quot;:&quot;1&quot;}\" data-image-title=\"Neue Wiener Concert Schrammeln mit Maria Stippich1_c_Herbert Zotti\" data-image-description=\"\" data-medium-file=\"https:\/\/www.weanhean.at\/content\/wp-content\/uploads\/2025\/02\/Neue-Wiener-Concert-Schrammeln-mit-Maria-Stippich1_c_Herbert-Zotti-300x200.jpg\" data-large-file=\"https:\/\/www.weanhean.at\/content\/wp-content\/uploads\/2025\/02\/Neue-Wiener-Concert-Schrammeln-mit-Maria-Stippich1_c_Herbert-Zotti-1024x682.jpg\" src=\"https:\/\/www.weanhean.at\/content\/wp-content\/uploads\/2025\/02\/Neue-Wiener-Concert-Schrammeln-mit-Maria-Stippich1_c_Herbert-Zotti.jpg\" width=\"489\" height=\"325\" align=\"left\" title=\"Neue Wiener Concert Schrammeln mit Maria Stippich1_c_Herbert Zotti\" \/><\/a><\/div><\/div><\/div><\/div>","protected":false},"excerpt":{"rendered":"<p>SCHRAMMEL-MONTAGAN DER SCH\u00d6NEN ALTEN DONAU Nach zehn Jahren Montagsschrammeln im Liebhartstaler Bockkeller haben wir uns f\u00fcr eine besondere Exkursion entschieden. In einer Extended-Version auf drei Ebenen \u2013 \u00f6rtlich, musikalisch und<a href=\"https:\/\/www.weanhean.at\/content\/weanhean2025\/programm-2025\/montag-5-mai-2025\/\" class=\"more-link\"><span class=\"readmore\">Continue reading<span class=\"screen-reader-text\">MONTAG, 5. MAI 2025<\/span><\/span><\/a><\/p>\n","protected":false},"author":1,"featured_media":0,"parent":2801,"menu_order":0,"comment_status":"closed","ping_status":"closed","template":"","meta":{"footnotes":""},"class_list":["post-2938","page","type-page","status-publish","hentry"],"_links":{"self":[{"href":"https:\/\/www.weanhean.at\/content\/wp-json\/wp\/v2\/pages\/2938","targetHints":{"allow":["GET"]}}],"collection":[{"href":"https:\/\/www.weanhean.at\/content\/wp-json\/wp\/v2\/pages"}],"about":[{"href":"https:\/\/www.weanhean.at\/content\/wp-json\/wp\/v2\/types\/page"}],"author":[{"embeddable":true,"href":"https:\/\/www.weanhean.at\/content\/wp-json\/wp\/v2\/users\/1"}],"replies":[{"embeddable":true,"href":"https:\/\/www.weanhean.at\/content\/wp-json\/wp\/v2\/comments?post=2938"}],"version-history":[{"count":12,"href":"https:\/\/www.weanhean.at\/content\/wp-json\/wp\/v2\/pages\/2938\/revisions"}],"predecessor-version":[{"id":3198,"href":"https:\/\/www.weanhean.at\/content\/wp-json\/wp\/v2\/pages\/2938\/revisions\/3198"}],"up":[{"embeddable":true,"href":"https:\/\/www.weanhean.at\/content\/wp-json\/wp\/v2\/pages\/2801"}],"wp:attachment":[{"href":"https:\/\/www.weanhean.at\/content\/wp-json\/wp\/v2\/media?parent=2938"}],"curies":[{"name":"wp","href":"https:\/\/api.w.org\/{rel}","templated":true}]}}