{"id":2969,"date":"2025-02-26T13:30:05","date_gmt":"2025-02-26T12:30:05","guid":{"rendered":"https:\/\/www.weanhean.at\/content\/?page_id=2969"},"modified":"2026-02-04T11:46:11","modified_gmt":"2026-02-04T10:46:11","slug":"donnerstag-8-mai-2025","status":"publish","type":"page","link":"https:\/\/www.weanhean.at\/content\/weanhean2025\/programm-2025\/donnerstag-8-mai-2025\/","title":{"rendered":"DONNERSTAG, 8. MAI 2025"},"content":{"rendered":"\n<h2 class=\"wp-block-heading\">WEAN MODEAN. FREIZEICHNER IM F\u00dcNFLINIENSYSTEM<br>KURT SCHWERTSIK ZUM 90ER<\/h2>\n\n\n\n<p>Als im Februar 1955 Kurt Schwertsiks op.1 \u201eSonata a tre voci\u201c uraufgef\u00fchrt wurde, konnte auch der Rezensent in der Wiener Zeitung nicht wissen, wie lange der angehende Komponist seinen \u201edissonanten Schabernack\u201c noch weiter treiben w\u00fcrde. Intensiv beobachtete und studierte Schwertsik die Moderne, gr\u00fcndete 1958 mit Friedrich Cerha das legend\u00e4re Ensemble \u201edie reihe\u201c, um neuer Musik ein Podium zu geben. 1970 konstatiert er augenzwinkernd, beim Komponieren von Wienerliedern wieder bei der Harmonie angelangt zu sein. Schwertsik findet seinen ganz eigenen und unterhaltsamen Stil, der ihn bis zum heutigen Tag zu einem der interessantesten Komponisten der \u00f6sterreichischen Gegenwart macht.<\/p>\n\n\n\n<p>Das Programm dieses Ehrenabends beinhaltet u. a. Kompositionen nach Gedichten von H.C. Artmann und Christine N\u00f6stlinger, Arrangements f\u00fcr Streichquartett \u00fcber Lieder von Hermann Leopoldi und einen Text von Christa Schwertsik, gelesen von der Autorin pers\u00f6nlich.<\/p>\n\n\n\n<blockquote class=\"wp-block-quote is-layout-flow wp-block-quote-is-layout-flow\">\n<p><a href=\"https:\/\/db.musicaustria.at\/node\/64558\" target=\"_blank\" rel=\"noreferrer noopener\">KURT<\/a> &amp; CHRISTA SCHWERTSIK<br><a href=\"https:\/\/www.koehnequartett.com\/de\/home.html\" target=\"_blank\" rel=\"noreferrer noopener\">KOEHNE QUARTETT<\/a><br><a href=\"http:\/\/www.blaumeise.at\/home\/\" target=\"_blank\" rel=\"noreferrer noopener\">BIRGIT KUBICA<\/a><br><a href=\"https:\/\/www.novasounds.at\/home\" target=\"_blank\" rel=\"noreferrer noopener\">RAINER NOVA<\/a><br><a href=\"https:\/\/musikschule.linz.at\/db\/teacherPage.asp?iTeacherID=170\" target=\"_blank\" rel=\"noreferrer noopener\">REN\u00c9 PICHLER<\/a><br><a href=\"https:\/\/www.musicasacra.at\/k%C3%BCnstler\/details?kuenstler=47\" target=\"_blank\" rel=\"noreferrer noopener\">ALVIN STAPLE<\/a><br><a href=\"http:\/\/www.milostodorovski.com\/Home.html\" target=\"_blank\" rel=\"noreferrer noopener\">MILO<strong>\u0160<\/strong> TODOROVSKI<\/a><\/p>\n<\/blockquote>\n\n\n\n<p><\/p>\n\n\n\n<div class=\"wp-block-buttons is-layout-flex wp-block-buttons-is-layout-flex\">\n<div class=\"wp-block-button\"><a class=\"wp-block-button__link wp-element-button\" href=\"https:\/\/wienervolksliedwerk.reservix.at\/p\/reservix\/event\/2383409\" target=\"_blank\" rel=\"noreferrer noopener\">TICKETS<\/a><\/div>\n<\/div>\n\n\n\n<p><\/p>\n\n\n\n<p><strong>Vorverkaufskarten:<\/strong><br>\u20ac 23,- \/ 20,- wvlw- und \u00d61-Club Mitglieder \/ 17,- Sch\u00fcler:innen und Studierende, \u00d61 Intro Mitglieder<\/p>\n\n\n\n<p><strong>Karten an der Abendkassa:<\/strong><br>\u20ac 28,- \/ 25,- wvlw- und \u00d61-Club Mitglieder \/ 22,- Sch\u00fcler:innen und Studierende, \u00d61 Intro Mitglieder<\/p>\n\n\n\n<p><strong><strong><strong>Informationen zum Kartenverkauf<\/strong><\/strong><\/strong>\u00a0unter karten@weanhean.at | +43 1 416 23 66<\/p>\n\n\n\n<h4 class=\"wp-block-heading\">Uhrzeit<\/h4>\n\n\n\n<p>Beginn 19:30 | Einlass 18:30<\/p>\n\n\n\n<h4 class=\"wp-block-heading\"><a href=\"https:\/\/www.wienervolksliedwerk.at\/\" target=\"_blank\" rel=\"noreferrer noopener\">LIEBHARTSTALER BOCKKELLER<\/a><\/h4>\n\n\n\n<p>1160 Wien | Gallitzinstra\u00dfe 1 | U3 Ottakring + 45A\/46B Ottakringer Friedhof | 44\/46 Maroltingergasse<a href=\"https:\/\/www.weanhean.at\/content\/dienstag-16-april-2024\/willilehner_wh20230418_rudi_koschelu-70_dsc_6248_hz\/\"><\/a><\/p>\n\n\n<div data-carousel-extra='{\"blog_id\":1,\"permalink\":\"https:\\\/\\\/www.weanhean.at\\\/content\\\/weanhean2025\\\/programm-2025\\\/donnerstag-8-mai-2025\\\/\"}' class=\"tiled-gallery type-rectangular\" data-original-width=\"990\"><div class=\"gallery-row\" style=\"width: 985px; height: 653px;\"><div class=\"gallery-group images-2\" style=\"width: 491px; height: 657px;\"><div class=\"tiled-gallery-item tiled-gallery-item-full\"><a href=\"https:\/\/www.weanhean.at\/content\/weanhean2025\/programm-2025\/donnerstag-8-mai-2025\/kurt_schwertsik_c_herbert_zotti\/\"><img loading=\"lazy\" decoding=\"async\" data-attachment-id=\"2970\" data-orig-file=\"https:\/\/www.weanhean.at\/content\/wp-content\/uploads\/2025\/02\/Kurt_Schwertsik_c_Herbert_Zotti.jpg\" data-orig-size=\"1920,1277\" data-comments-opened=\"0\" data-image-meta=\"{&quot;aperture&quot;:&quot;5.6&quot;,&quot;credit&quot;:&quot;H.Zotti&quot;,&quot;camera&quot;:&quot;NIKON Z 6&quot;,&quot;caption&quot;:&quot;&quot;,&quot;created_timestamp&quot;:&quot;1557158678&quot;,&quot;copyright&quot;:&quot;H.Zotti&quot;,&quot;focal_length&quot;:&quot;340&quot;,&quot;iso&quot;:&quot;1250&quot;,&quot;shutter_speed&quot;:&quot;0.005&quot;,&quot;title&quot;:&quot;&quot;,&quot;orientation&quot;:&quot;1&quot;}\" data-image-title=\"Kurt_Schwertsik_c_Herbert_Zotti\" data-image-description=\"\" data-medium-file=\"https:\/\/www.weanhean.at\/content\/wp-content\/uploads\/2025\/02\/Kurt_Schwertsik_c_Herbert_Zotti-300x200.jpg\" data-large-file=\"https:\/\/www.weanhean.at\/content\/wp-content\/uploads\/2025\/02\/Kurt_Schwertsik_c_Herbert_Zotti-1024x681.jpg\" src=\"https:\/\/www.weanhean.at\/content\/wp-content\/uploads\/2025\/02\/Kurt_Schwertsik_c_Herbert_Zotti.jpg\" width=\"487\" height=\"324\" align=\"left\" title=\"Kurt_Schwertsik_c_Herbert_Zotti\" \/><\/a><\/div><div class=\"tiled-gallery-item tiled-gallery-item-full\"><a href=\"https:\/\/www.weanhean.at\/content\/koehne_quartett_c_skye_kiss\/\"><img loading=\"lazy\" decoding=\"async\" data-attachment-id=\"2912\" data-orig-file=\"https:\/\/www.weanhean.at\/content\/wp-content\/uploads\/2025\/02\/Koehne_Quartett_c_Skye_Kiss-scaled.jpg\" data-orig-size=\"2560,1707\" data-comments-opened=\"0\" data-image-meta=\"{&quot;aperture&quot;:&quot;3.5&quot;,&quot;credit&quot;:&quot;&quot;,&quot;camera&quot;:&quot;Canon EOS 5D Mark III&quot;,&quot;caption&quot;:&quot;&quot;,&quot;created_timestamp&quot;:&quot;1435154304&quot;,&quot;copyright&quot;:&quot;&quot;,&quot;focal_length&quot;:&quot;31&quot;,&quot;iso&quot;:&quot;400&quot;,&quot;shutter_speed&quot;:&quot;0.0015625&quot;,&quot;title&quot;:&quot;&quot;,&quot;orientation&quot;:&quot;1&quot;}\" data-image-title=\"Koehne_Quartett_c_Skye_Kiss\" data-image-description=\"\" data-medium-file=\"https:\/\/www.weanhean.at\/content\/wp-content\/uploads\/2025\/02\/Koehne_Quartett_c_Skye_Kiss-300x200.jpg\" data-large-file=\"https:\/\/www.weanhean.at\/content\/wp-content\/uploads\/2025\/02\/Koehne_Quartett_c_Skye_Kiss-1024x683.jpg\" src=\"https:\/\/www.weanhean.at\/content\/wp-content\/uploads\/2025\/02\/Koehne_Quartett_c_Skye_Kiss-scaled.jpg\" width=\"487\" height=\"325\" align=\"left\" title=\"Koehne_Quartett_c_Skye_Kiss\" \/><\/a><\/div><\/div><div class=\"gallery-group images-1\" style=\"width: 494px; height: 657px;\"><div class=\"tiled-gallery-item tiled-gallery-item-full\"><a href=\"https:\/\/www.weanhean.at\/content\/birgit_kubica_c_andreas_lorenz\/\"><img loading=\"lazy\" decoding=\"async\" data-attachment-id=\"2911\" data-orig-file=\"https:\/\/www.weanhean.at\/content\/wp-content\/uploads\/2025\/02\/Birgit_Kubica_c_Andreas_Lorenz.jpg\" data-orig-size=\"1502,2003\" data-comments-opened=\"0\" data-image-meta=\"{&quot;aperture&quot;:&quot;2.5&quot;,&quot;credit&quot;:&quot;&quot;,&quot;camera&quot;:&quot;Canon EOS R&quot;,&quot;caption&quot;:&quot;&quot;,&quot;created_timestamp&quot;:&quot;1566129798&quot;,&quot;copyright&quot;:&quot;&quot;,&quot;focal_length&quot;:&quot;50&quot;,&quot;iso&quot;:&quot;1600&quot;,&quot;shutter_speed&quot;:&quot;0.00625&quot;,&quot;title&quot;:&quot;&quot;,&quot;orientation&quot;:&quot;1&quot;}\" data-image-title=\"Birgit_Kubica_c_Andreas_Lorenz\" data-image-description=\"\" data-medium-file=\"https:\/\/www.weanhean.at\/content\/wp-content\/uploads\/2025\/02\/Birgit_Kubica_c_Andreas_Lorenz-225x300.jpg\" data-large-file=\"https:\/\/www.weanhean.at\/content\/wp-content\/uploads\/2025\/02\/Birgit_Kubica_c_Andreas_Lorenz-768x1024.jpg\" src=\"https:\/\/www.weanhean.at\/content\/wp-content\/uploads\/2025\/02\/Birgit_Kubica_c_Andreas_Lorenz.jpg\" width=\"490\" height=\"653\" align=\"left\" title=\"Birgit_Kubica_c_Andreas_Lorenz\" \/><\/a><\/div><\/div><\/div><div class=\"gallery-row\" style=\"width: 985px; height: 314px;\"><div class=\"gallery-group images-1\" style=\"width: 318px; height: 318px;\"><div class=\"tiled-gallery-item tiled-gallery-item-full\"><a href=\"https:\/\/www.weanhean.at\/content\/weanhean2025\/programm-2025\/donnerstag-8-mai-2025\/milos_todorovski_9_kitanko\/\"><img loading=\"lazy\" decoding=\"async\" data-attachment-id=\"2972\" data-orig-file=\"https:\/\/www.weanhean.at\/content\/wp-content\/uploads\/2025\/02\/Milos_Todorovski_9_Kitanko-scaled.jpg\" data-orig-size=\"2560,2560\" data-comments-opened=\"0\" data-image-meta=\"{&quot;aperture&quot;:&quot;0&quot;,&quot;credit&quot;:&quot;&quot;,&quot;camera&quot;:&quot;&quot;,&quot;caption&quot;:&quot;&quot;,&quot;created_timestamp&quot;:&quot;0&quot;,&quot;copyright&quot;:&quot;&quot;,&quot;focal_length&quot;:&quot;0&quot;,&quot;iso&quot;:&quot;0&quot;,&quot;shutter_speed&quot;:&quot;0&quot;,&quot;title&quot;:&quot;&quot;,&quot;orientation&quot;:&quot;0&quot;}\" data-image-title=\"Milos_Todorovski_9_Kitanko\" data-image-description=\"\" data-medium-file=\"https:\/\/www.weanhean.at\/content\/wp-content\/uploads\/2025\/02\/Milos_Todorovski_9_Kitanko-300x300.jpg\" data-large-file=\"https:\/\/www.weanhean.at\/content\/wp-content\/uploads\/2025\/02\/Milos_Todorovski_9_Kitanko-1024x1024.jpg\" src=\"https:\/\/www.weanhean.at\/content\/wp-content\/uploads\/2025\/02\/Milos_Todorovski_9_Kitanko-scaled.jpg\" width=\"314\" height=\"314\" align=\"left\" title=\"Milos_Todorovski_9_Kitanko\" \/><\/a><\/div><\/div><div class=\"gallery-group images-1\" style=\"width: 213px; height: 318px;\"><div class=\"tiled-gallery-item tiled-gallery-item-full\"><a href=\"https:\/\/www.weanhean.at\/content\/weanhean2025\/programm-2025\/donnerstag-8-mai-2025\/pianist-rainer-nova-aus-linz-austria-oesterreich-shooting-in-linz-im-november-2019\/\"><img loading=\"lazy\" decoding=\"async\" data-attachment-id=\"3106\" data-orig-file=\"https:\/\/www.weanhean.at\/content\/wp-content\/uploads\/2025\/03\/Rainer_Nova_c_Dominik_Maringer-scaled.jpg\" data-orig-size=\"1707,2560\" data-comments-opened=\"0\" data-image-meta=\"{&quot;aperture&quot;:&quot;0&quot;,&quot;credit&quot;:&quot;Dominik Maringer&quot;,&quot;camera&quot;:&quot;&quot;,&quot;caption&quot;:&quot;Der Pianist Rainer Nova aus Linz\\\/ \\u00d6sterreich. Pianist Rainer Nova form Linz\\\/ Austria. Member of the Austrian Classic Ensemble CrossNova. Mitglied des Musikensembles CrossNova in Linz; Shooting im November 2019 in Linz, Austria; www.novasounds.at&quot;,&quot;created_timestamp&quot;:&quot;0&quot;,&quot;copyright&quot;:&quot;Copyright \\u00a9 Dominik Maringer. All rights reserved.&quot;,&quot;focal_length&quot;:&quot;0&quot;,&quot;iso&quot;:&quot;0&quot;,&quot;shutter_speed&quot;:&quot;0&quot;,&quot;title&quot;:&quot;Pianist Rainer Nova aus Linz, Austria, \\u00d6sterreich. Shooting in Linz im November 2019.&quot;,&quot;orientation&quot;:&quot;0&quot;}\" data-image-title=\"Pianist Rainer Nova aus Linz, Austria, \u00d6sterreich. Shooting in Linz im November 2019.\" data-image-description=\"\" data-medium-file=\"https:\/\/www.weanhean.at\/content\/wp-content\/uploads\/2025\/03\/Rainer_Nova_c_Dominik_Maringer-200x300.jpg\" data-large-file=\"https:\/\/www.weanhean.at\/content\/wp-content\/uploads\/2025\/03\/Rainer_Nova_c_Dominik_Maringer-683x1024.jpg\" src=\"https:\/\/www.weanhean.at\/content\/wp-content\/uploads\/2025\/03\/Rainer_Nova_c_Dominik_Maringer-scaled.jpg\" width=\"209\" height=\"314\" align=\"left\" title=\"Pianist Rainer Nova aus Linz, Austria, \u00d6sterreich. Shooting in Linz im November 2019.\" \/><\/a><\/div><\/div><div class=\"gallery-group images-1\" style=\"width: 214px; height: 318px;\"><div class=\"tiled-gallery-item tiled-gallery-item-full\"><a href=\"https:\/\/www.weanhean.at\/content\/rene_pichler_c_stadt_linz_sturm\/\"><img loading=\"lazy\" decoding=\"async\" data-attachment-id=\"2915\" data-orig-file=\"https:\/\/www.weanhean.at\/content\/wp-content\/uploads\/2025\/02\/Rene_Pichler_c_Stadt_Linz_Sturm.jpg\" data-orig-size=\"1576,2362\" data-comments-opened=\"0\" data-image-meta=\"{&quot;aperture&quot;:&quot;0&quot;,&quot;credit&quot;:&quot;&quot;,&quot;camera&quot;:&quot;&quot;,&quot;caption&quot;:&quot;&quot;,&quot;created_timestamp&quot;:&quot;0&quot;,&quot;copyright&quot;:&quot;Michael Dworschak&quot;,&quot;focal_length&quot;:&quot;0&quot;,&quot;iso&quot;:&quot;0&quot;,&quot;shutter_speed&quot;:&quot;0&quot;,&quot;title&quot;:&quot;&quot;,&quot;orientation&quot;:&quot;1&quot;}\" data-image-title=\"Rene_Pichler_c_Stadt_Linz_Sturm\" data-image-description=\"\" data-medium-file=\"https:\/\/www.weanhean.at\/content\/wp-content\/uploads\/2025\/02\/Rene_Pichler_c_Stadt_Linz_Sturm-200x300.jpg\" data-large-file=\"https:\/\/www.weanhean.at\/content\/wp-content\/uploads\/2025\/02\/Rene_Pichler_c_Stadt_Linz_Sturm-683x1024.jpg\" src=\"https:\/\/www.weanhean.at\/content\/wp-content\/uploads\/2025\/02\/Rene_Pichler_c_Stadt_Linz_Sturm.jpg\" width=\"210\" height=\"314\" align=\"left\" title=\"Rene_Pichler_c_Stadt_Linz_Sturm\" \/><\/a><\/div><\/div><div class=\"gallery-group images-1\" style=\"width: 240px; height: 318px;\"><div class=\"tiled-gallery-item tiled-gallery-item-full\"><a href=\"https:\/\/www.weanhean.at\/content\/weanhean2025\/programm-2025\/donnerstag-8-mai-2025\/alvin_staple_c_privat\/\"><img loading=\"lazy\" decoding=\"async\" data-attachment-id=\"3162\" data-orig-file=\"https:\/\/www.weanhean.at\/content\/wp-content\/uploads\/2025\/03\/Alvin_Staple_c_privat.jpg\" data-orig-size=\"1200,1600\" data-comments-opened=\"0\" data-image-meta=\"{&quot;aperture&quot;:&quot;0&quot;,&quot;credit&quot;:&quot;&quot;,&quot;camera&quot;:&quot;&quot;,&quot;caption&quot;:&quot;&quot;,&quot;created_timestamp&quot;:&quot;1584707512&quot;,&quot;copyright&quot;:&quot;&quot;,&quot;focal_length&quot;:&quot;0&quot;,&quot;iso&quot;:&quot;0&quot;,&quot;shutter_speed&quot;:&quot;0&quot;,&quot;title&quot;:&quot;&quot;,&quot;orientation&quot;:&quot;0&quot;}\" data-image-title=\"Alvin_Staple_c_privat\" data-image-description=\"\" data-medium-file=\"https:\/\/www.weanhean.at\/content\/wp-content\/uploads\/2025\/03\/Alvin_Staple_c_privat-225x300.jpg\" data-large-file=\"https:\/\/www.weanhean.at\/content\/wp-content\/uploads\/2025\/03\/Alvin_Staple_c_privat-768x1024.jpg\" src=\"https:\/\/www.weanhean.at\/content\/wp-content\/uploads\/2025\/03\/Alvin_Staple_c_privat.jpg\" width=\"236\" height=\"314\" align=\"left\" title=\"Alvin_Staple_c_privat\" \/><\/a><\/div><\/div><\/div><\/div>","protected":false},"excerpt":{"rendered":"<p>WEAN MODEAN. FREIZEICHNER IM F\u00dcNFLINIENSYSTEMKURT SCHWERTSIK ZUM 90ER Als im Februar 1955 Kurt Schwertsiks op.1 \u201eSonata a tre voci\u201c uraufgef\u00fchrt wurde, konnte auch der Rezensent in der Wiener Zeitung nicht<a href=\"https:\/\/www.weanhean.at\/content\/weanhean2025\/programm-2025\/donnerstag-8-mai-2025\/\" class=\"more-link\"><span class=\"readmore\">Continue reading<span class=\"screen-reader-text\">DONNERSTAG, 8. MAI 2025<\/span><\/span><\/a><\/p>\n","protected":false},"author":1,"featured_media":0,"parent":2801,"menu_order":0,"comment_status":"closed","ping_status":"closed","template":"","meta":{"footnotes":""},"class_list":["post-2969","page","type-page","status-publish","hentry"],"_links":{"self":[{"href":"https:\/\/www.weanhean.at\/content\/wp-json\/wp\/v2\/pages\/2969","targetHints":{"allow":["GET"]}}],"collection":[{"href":"https:\/\/www.weanhean.at\/content\/wp-json\/wp\/v2\/pages"}],"about":[{"href":"https:\/\/www.weanhean.at\/content\/wp-json\/wp\/v2\/types\/page"}],"author":[{"embeddable":true,"href":"https:\/\/www.weanhean.at\/content\/wp-json\/wp\/v2\/users\/1"}],"replies":[{"embeddable":true,"href":"https:\/\/www.weanhean.at\/content\/wp-json\/wp\/v2\/comments?post=2969"}],"version-history":[{"count":14,"href":"https:\/\/www.weanhean.at\/content\/wp-json\/wp\/v2\/pages\/2969\/revisions"}],"predecessor-version":[{"id":3186,"href":"https:\/\/www.weanhean.at\/content\/wp-json\/wp\/v2\/pages\/2969\/revisions\/3186"}],"up":[{"embeddable":true,"href":"https:\/\/www.weanhean.at\/content\/wp-json\/wp\/v2\/pages\/2801"}],"wp:attachment":[{"href":"https:\/\/www.weanhean.at\/content\/wp-json\/wp\/v2\/media?parent=2969"}],"curies":[{"name":"wp","href":"https:\/\/api.w.org\/{rel}","templated":true}]}}