{"id":3000,"date":"2025-02-26T15:13:43","date_gmt":"2025-02-26T14:13:43","guid":{"rendered":"https:\/\/www.weanhean.at\/content\/?page_id=3000"},"modified":"2026-02-04T11:46:41","modified_gmt":"2026-02-04T10:46:41","slug":"mittwoch-14-mai-2025","status":"publish","type":"page","link":"https:\/\/www.weanhean.at\/content\/weanhean2025\/programm-2025\/mittwoch-14-mai-2025\/","title":{"rendered":"MITTWOCH, 14. MAI 2025"},"content":{"rendered":"\n<h2 class=\"wp-block-heading\">TANGOWAHN &amp; WALZERTRAUM<\/h2>\n\n\n\n<p>Der \u201eKulturkampf\u201c zwischen Walzer und Tango, der vor etwa 100 Jahren existierte, ist entschieden: Weder, noch! Die letzten, eher tanzfaulen Jahrzehnte haben diese Frage ins Abseits gestellt: Dancing Stars am Bildschirm zu bewundern, ist weniger schwei\u00dftreibend, als selbst die Tanzbeine zu schwingen.<br>Beginnen werden wir mit einem einst\u00fcndigen (freiwilligen!) Tango-Grundkurs. Das wird f\u00fcr perfekten Tango nicht reichen &#8211; aber immerhin. Dann gibt\u2019s ein wenig Hintergrundwissen, viel Musik, Zeitungszitate, Texte und nat\u00fcrlich Tanz. Passende Kleidung (Tangokleid, Federkopfschmuck und so) w\u00e4re nat\u00fcrlich ein Aufputz \u2013 ist aber keinesfalls Bedingung.<br>Tango- und Wienerlieder, die Musik der Vorst\u00e4dte bzw. Arrabales, haben etliche Gemeinsamkeiten. Auch diese Facette werden wir beleuchten. Und vieles mehr, wie etwa den Tango Vals, in dem auch wieder der Walzer steckt.<\/p>\n\n\n\n<blockquote class=\"wp-block-quote is-layout-flow wp-block-quote-is-layout-flow\">\n<p><strong><a href=\"https:\/\/www.adrianeroed.com\/\" target=\"_blank\" rel=\"noreferrer noopener\">ADRIAN ER\u00d6D<br><\/a><a href=\"https:\/\/www.chrispichler.com\/\" target=\"_blank\" rel=\"noreferrer noopener\">CHRIS PICHLER<\/a><br><a href=\"https:\/\/www.wienersymphoniker.at\/person\/helmut-lackinger\" target=\"_blank\" rel=\"noreferrer noopener\">HELMUT LACKINGER<\/a><br>DIANA-CRISTINA DASCAL-UIFALEAN<br><a href=\"https:\/\/db.musicaustria.at\/node\/82742\" target=\"_blank\" rel=\"noreferrer noopener\">INGRID EDER<\/a><br><a href=\"https:\/\/www.philharmoniaschrammeln.at\/ensemble\/hromada.htm\" target=\"_blank\" rel=\"noreferrer noopener\">HEINZ HROMADA<br><\/a><a href=\"https:\/\/www.musikergilde.at\/mitglied\/heitler.htm\" target=\"_blank\" rel=\"noreferrer noopener\">CHRISTIAN HEITLER<br><\/a><a href=\"https:\/\/www.sirene.at\/kuenstler\/koevesdi-tibor\/\" target=\"_blank\" rel=\"noreferrer noopener\">TIBOR K\u00d6VESDI<\/a><br>RUEI-RAN \u201eALGY\u201c WU<br><a href=\"https:\/\/tangomango.at\/\" target=\"_blank\" rel=\"noreferrer noopener\">TANGO MANGO<\/a><\/strong><\/p>\n\n\n\n<p>IDEE, KONZEPT &amp; RECHERCHE:<strong> HERBERT ZOTTI<\/strong><\/p>\n<\/blockquote>\n\n\n\n<p><\/p>\n\n\n\n<div class=\"wp-block-buttons is-layout-flex wp-block-buttons-is-layout-flex\">\n<div class=\"wp-block-button\"><a class=\"wp-block-button__link wp-element-button\" href=\"https:\/\/wienervolksliedwerk.reservix.at\/p\/reservix\/event\/2383466\" target=\"_blank\" rel=\"noreferrer noopener\">TICKETS Tanzkurs &amp; KONZERT<\/a><\/div>\n\n\n\n<div class=\"wp-block-button\"><a class=\"wp-block-button__link wp-element-button\" href=\"https:\/\/wienervolksliedwerk.reservix.at\/p\/reservix\/event\/2383423\" target=\"_blank\" rel=\"noreferrer noopener\">TICKETS KONZERT<\/a><\/div>\n<\/div>\n\n\n\n<p><\/p>\n\n\n\n<p><strong>Vorverkaufskarten Tanzkurs &amp; Konzert:<\/strong><br>\u20ac 28,- \/ 25,- wvlw- und \u00d61-Club Mitglieder \/ 22,- Sch\u00fcler:innen und Studierende, \u00d61 Intro Mitglieder<\/p>\n\n\n\n<p><strong>Abendkassa-Karten Tanzkurs &amp; Konzert:<\/strong><br>\u20ac 33,- \/ 30,- wvlw- und \u00d61-Club Mitglieder \/ 27,- Sch\u00fcler:innen und Studierende, \u00d61 Intro Mitglieder<\/p>\n\n\n\n<p><strong>Vorverkaufskarten Konzert:<\/strong><br>\u20ac 23,- \/ 20,- wvlw- und \u00d61-Club Mitglieder \/ 17,- Sch\u00fcler:innen und Studierende, \u00d61 Intro Mitglieder<\/p>\n\n\n\n<p><strong>Abendkassa-Karten Konzert:<\/strong><br>\u20ac 28,- \/ 25,- wvlw- und \u00d61-Club Mitglieder \/ 22,- Sch\u00fcler:innen und Studierende, \u00d61 Intro Mitglieder<\/p>\n\n\n\n<p><strong>Informationen zum Kartenverkauf<\/strong>\u00a0unter karten@weanhean.at | +43 1 416 23 66<\/p>\n\n\n\n<h4 class=\"wp-block-heading\">Uhrzeit<\/h4>\n\n\n\n<p>Beginn Tanzkurs 18:00 | Einlass Tanzkurs 17:30<br>Beginn Konzert 19:30 | Einlass Konzert 19:00<\/p>\n\n\n\n<h4 class=\"wp-block-heading\"><a href=\"https:\/\/reaktor.art\/\" target=\"_blank\" rel=\"noreferrer noopener\">REAKTOR<\/a><\/h4>\n\n\n\n<p>1170 Wien | Geblergasse 40 | U6 Alser Stra\u00dfe | 43 Palffygasse | 44 Yppengasse<\/p>\n\n\n<div data-carousel-extra='{\"blog_id\":1,\"permalink\":\"https:\\\/\\\/www.weanhean.at\\\/content\\\/weanhean2025\\\/programm-2025\\\/mittwoch-14-mai-2025\\\/\"}' class=\"tiled-gallery type-rectangular\" data-original-width=\"990\"><div class=\"gallery-row\" style=\"width: 985px; height: 543px;\"><div class=\"gallery-group images-1\" style=\"width: 547px; height: 547px;\"><div class=\"tiled-gallery-item tiled-gallery-item-full\"><a href=\"https:\/\/www.weanhean.at\/content\/weanhean2025\/programm-2025\/mittwoch-14-mai-2025\/adrian_eroed_c_nikolaus_karlinsky\/\"><img loading=\"lazy\" decoding=\"async\" data-attachment-id=\"3001\" data-orig-file=\"https:\/\/www.weanhean.at\/content\/wp-content\/uploads\/2025\/02\/Adrian_Eroed_c_Nikolaus_Karlinsky-scaled.jpg\" data-orig-size=\"2560,2560\" data-comments-opened=\"0\" data-image-meta=\"{&quot;aperture&quot;:&quot;0&quot;,&quot;credit&quot;:&quot;&quot;,&quot;camera&quot;:&quot;&quot;,&quot;caption&quot;:&quot;&quot;,&quot;created_timestamp&quot;:&quot;0&quot;,&quot;copyright&quot;:&quot;&quot;,&quot;focal_length&quot;:&quot;0&quot;,&quot;iso&quot;:&quot;0&quot;,&quot;shutter_speed&quot;:&quot;0&quot;,&quot;title&quot;:&quot;&quot;,&quot;orientation&quot;:&quot;1&quot;}\" data-image-title=\"Adrian_Er\u00f6d_c_Nikolaus_Karlinsk\u00fd\" data-image-description=\"\" data-medium-file=\"https:\/\/www.weanhean.at\/content\/wp-content\/uploads\/2025\/02\/Adrian_Eroed_c_Nikolaus_Karlinsky-300x300.jpg\" data-large-file=\"https:\/\/www.weanhean.at\/content\/wp-content\/uploads\/2025\/02\/Adrian_Eroed_c_Nikolaus_Karlinsky-1024x1024.jpg\" src=\"https:\/\/www.weanhean.at\/content\/wp-content\/uploads\/2025\/02\/Adrian_Eroed_c_Nikolaus_Karlinsky-scaled.jpg\" width=\"543\" height=\"543\" align=\"left\" title=\"Adrian_Er\u00f6d_c_Nikolaus_Karlinsk\u00fd\" \/><\/a><\/div><\/div><div class=\"gallery-group images-1\" style=\"width: 438px; height: 547px;\"><div class=\"tiled-gallery-item tiled-gallery-item-full\"><a href=\"https:\/\/www.weanhean.at\/content\/chris_pichler_c_peter_brechtel\/\"><img loading=\"lazy\" decoding=\"async\" data-attachment-id=\"2927\" data-orig-file=\"https:\/\/www.weanhean.at\/content\/wp-content\/uploads\/2025\/02\/Chris_Pichler_c_Peter_Brechtel-scaled.jpg\" data-orig-size=\"2047,2560\" data-comments-opened=\"0\" data-image-meta=\"{&quot;aperture&quot;:&quot;2.8&quot;,&quot;credit&quot;:&quot;Peter Brechtel&quot;,&quot;camera&quot;:&quot;NIKON D800&quot;,&quot;caption&quot;:&quot;&quot;,&quot;created_timestamp&quot;:&quot;1546095742&quot;,&quot;copyright&quot;:&quot;\\u00a92018 Peter Brechtel&quot;,&quot;focal_length&quot;:&quot;85&quot;,&quot;iso&quot;:&quot;1600&quot;,&quot;shutter_speed&quot;:&quot;0.005&quot;,&quot;title&quot;:&quot;&quot;,&quot;orientation&quot;:&quot;1&quot;}\" data-image-title=\"Chris_Pichler_c_Peter_Brechtel\" data-image-description=\"\" data-medium-file=\"https:\/\/www.weanhean.at\/content\/wp-content\/uploads\/2025\/02\/Chris_Pichler_c_Peter_Brechtel-240x300.jpg\" data-large-file=\"https:\/\/www.weanhean.at\/content\/wp-content\/uploads\/2025\/02\/Chris_Pichler_c_Peter_Brechtel-819x1024.jpg\" src=\"https:\/\/www.weanhean.at\/content\/wp-content\/uploads\/2025\/02\/Chris_Pichler_c_Peter_Brechtel-scaled.jpg\" width=\"434\" height=\"543\" align=\"left\" title=\"Chris_Pichler_c_Peter_Brechtel\" \/><\/a><\/div><\/div><\/div><div class=\"gallery-row\" style=\"width: 985px; height: 379px;\"><div class=\"gallery-group images-1\" style=\"width: 509px; height: 383px;\"><div class=\"tiled-gallery-item tiled-gallery-item-full\"><a href=\"https:\/\/www.weanhean.at\/content\/ingrid_eder_christian_heitler_c_privat\/\"><img loading=\"lazy\" decoding=\"async\" data-attachment-id=\"2928\" data-orig-file=\"https:\/\/www.weanhean.at\/content\/wp-content\/uploads\/2025\/02\/Ingrid_Eder_Christian_Heitler_c_privat-scaled.jpg\" data-orig-size=\"2560,1920\" data-comments-opened=\"0\" data-image-meta=\"{&quot;aperture&quot;:&quot;2.2&quot;,&quot;credit&quot;:&quot;&quot;,&quot;camera&quot;:&quot;iPhone 12 mini&quot;,&quot;caption&quot;:&quot;&quot;,&quot;created_timestamp&quot;:&quot;1684683380&quot;,&quot;copyright&quot;:&quot;&quot;,&quot;focal_length&quot;:&quot;2.71&quot;,&quot;iso&quot;:&quot;250&quot;,&quot;shutter_speed&quot;:&quot;0.03030303030303&quot;,&quot;title&quot;:&quot;&quot;,&quot;orientation&quot;:&quot;1&quot;}\" data-image-title=\"Ingrid_Eder_Christian_Heitler_c_privat\" data-image-description=\"\" data-medium-file=\"https:\/\/www.weanhean.at\/content\/wp-content\/uploads\/2025\/02\/Ingrid_Eder_Christian_Heitler_c_privat-300x225.jpg\" data-large-file=\"https:\/\/www.weanhean.at\/content\/wp-content\/uploads\/2025\/02\/Ingrid_Eder_Christian_Heitler_c_privat-1024x768.jpg\" src=\"https:\/\/www.weanhean.at\/content\/wp-content\/uploads\/2025\/02\/Ingrid_Eder_Christian_Heitler_c_privat-scaled.jpg\" width=\"505\" height=\"379\" align=\"left\" title=\"Ingrid_Eder_Christian_Heitler_c_privat\" \/><\/a><\/div><\/div><div class=\"gallery-group images-1\" style=\"width: 476px; height: 383px;\"><div class=\"tiled-gallery-item tiled-gallery-item-full\"><a href=\"https:\/\/www.weanhean.at\/content\/presse\/tango_mango_c_daniel_shaked\/\"><img loading=\"lazy\" decoding=\"async\" data-attachment-id=\"3165\" data-orig-file=\"https:\/\/www.weanhean.at\/content\/wp-content\/uploads\/2025\/03\/Tango_Mango_c_Daniel_Shaked.jpg\" data-orig-size=\"1077,864\" data-comments-opened=\"0\" data-image-meta=\"{&quot;aperture&quot;:&quot;0&quot;,&quot;credit&quot;:&quot;&quot;,&quot;camera&quot;:&quot;&quot;,&quot;caption&quot;:&quot;&quot;,&quot;created_timestamp&quot;:&quot;0&quot;,&quot;copyright&quot;:&quot;&quot;,&quot;focal_length&quot;:&quot;0&quot;,&quot;iso&quot;:&quot;0&quot;,&quot;shutter_speed&quot;:&quot;0&quot;,&quot;title&quot;:&quot;&quot;,&quot;orientation&quot;:&quot;0&quot;}\" data-image-title=\"Tango_Mango_c_Daniel_Shaked\" data-image-description=\"\" data-medium-file=\"https:\/\/www.weanhean.at\/content\/wp-content\/uploads\/2025\/03\/Tango_Mango_c_Daniel_Shaked-300x241.jpg\" data-large-file=\"https:\/\/www.weanhean.at\/content\/wp-content\/uploads\/2025\/03\/Tango_Mango_c_Daniel_Shaked-1024x821.jpg\" src=\"https:\/\/www.weanhean.at\/content\/wp-content\/uploads\/2025\/03\/Tango_Mango_c_Daniel_Shaked.jpg\" width=\"472\" height=\"379\" align=\"left\" title=\"Tango_Mango_c_Daniel_Shaked\" \/><\/a><\/div><\/div><\/div><\/div>","protected":false},"excerpt":{"rendered":"<p>TANGOWAHN &amp; WALZERTRAUM Der \u201eKulturkampf\u201c zwischen Walzer und Tango, der vor etwa 100 Jahren existierte, ist entschieden: Weder, noch! Die letzten, eher tanzfaulen Jahrzehnte haben diese Frage ins Abseits gestellt:<a href=\"https:\/\/www.weanhean.at\/content\/weanhean2025\/programm-2025\/mittwoch-14-mai-2025\/\" class=\"more-link\"><span class=\"readmore\">Continue reading<span class=\"screen-reader-text\">MITTWOCH, 14. MAI 2025<\/span><\/span><\/a><\/p>\n","protected":false},"author":1,"featured_media":0,"parent":2801,"menu_order":0,"comment_status":"closed","ping_status":"closed","template":"","meta":{"footnotes":""},"class_list":["post-3000","page","type-page","status-publish","hentry"],"_links":{"self":[{"href":"https:\/\/www.weanhean.at\/content\/wp-json\/wp\/v2\/pages\/3000","targetHints":{"allow":["GET"]}}],"collection":[{"href":"https:\/\/www.weanhean.at\/content\/wp-json\/wp\/v2\/pages"}],"about":[{"href":"https:\/\/www.weanhean.at\/content\/wp-json\/wp\/v2\/types\/page"}],"author":[{"embeddable":true,"href":"https:\/\/www.weanhean.at\/content\/wp-json\/wp\/v2\/users\/1"}],"replies":[{"embeddable":true,"href":"https:\/\/www.weanhean.at\/content\/wp-json\/wp\/v2\/comments?post=3000"}],"version-history":[{"count":10,"href":"https:\/\/www.weanhean.at\/content\/wp-json\/wp\/v2\/pages\/3000\/revisions"}],"predecessor-version":[{"id":3190,"href":"https:\/\/www.weanhean.at\/content\/wp-json\/wp\/v2\/pages\/3000\/revisions\/3190"}],"up":[{"embeddable":true,"href":"https:\/\/www.weanhean.at\/content\/wp-json\/wp\/v2\/pages\/2801"}],"wp:attachment":[{"href":"https:\/\/www.weanhean.at\/content\/wp-json\/wp\/v2\/media?parent=3000"}],"curies":[{"name":"wp","href":"https:\/\/api.w.org\/{rel}","templated":true}]}}