{"id":330,"date":"2023-02-14T10:57:34","date_gmt":"2023-02-14T09:57:34","guid":{"rendered":"https:\/\/www.weanhean.at\/content\/?page_id=330"},"modified":"2023-04-25T13:01:03","modified_gmt":"2023-04-25T11:01:03","slug":"samstag-29-april-2023","status":"publish","type":"page","link":"https:\/\/www.weanhean.at\/content\/weanhean2023\/programm2023\/samstag-29-april-2023\/","title":{"rendered":"SAMSTAG, 29. APRIL 2023"},"content":{"rendered":"\n<h2 class=\"wp-block-heading\">PRATERGALOPP<br>IN 90 MINUTEN UM DIE WELT<\/h2>\n\n\n\n<p>Im Wiener Prater sollte vor 150 Jahren zu bestaunen sein, was die damalige Welt an Errungenschaften zu bieten hatte. Auch wenn die markantesten Geb\u00e4ude des riesigen Ausstellungsgel\u00e4ndes heute nicht mehr stehen, gibt es im Prater zahlreiche Orte, die von der Weltausstellung anno 1873 in Wien erz\u00e4hlen.&nbsp;<\/p>\n\n\n\n<p>Und genau dorthin entf\u00fchrt das Podcast-Duo von \u201eErz\u00e4hl mir von Wien\u201c bei diesem exklusiven akustischen Spaziergang. Zum Abschluss geht\u00b4s ins Caf\u00e9 Ponykarussell, wo bei einem weanhean-Cocktail Drehorgelspieler Oliver Maar alle St\u00fcckerl spielt und zum Finale die historische \u201eMolzer-Orgel\u201c alles zum Erbeben bringt.<\/p>\n\n\n\n<blockquote class=\"wp-block-quote is-layout-flow wp-block-quote-is-layout-flow\">\n<p><a rel=\"noreferrer noopener\" href=\"https:\/\/www.erzaehlmirvon.wien\/\" target=\"_blank\">Fritzi Kraus &amp; Edith Michaeler &#8211; Podcast Duo &#8222;Erz\u00e4hl mir von Wien&#8220;<\/a><br><a rel=\"noreferrer noopener\" href=\"https:\/\/www.oliver-maar.at\/\" target=\"_blank\">Oliver Maar<\/a><\/p>\n<\/blockquote>\n\n\n\n<h4 class=\"wp-block-heading\">Tickets<\/h4>\n\n\n<p><span style=\"color: #a81417;\">Die Veranstaltung ist ausverkauft!<\/span><\/p>\n\n\n<h4 class=\"wp-block-heading\">Uhrzeit<\/h4>\n\n\n<p><span style=\"color: #a81417;\">Die Veranstaltung findet bei JEDEM Wetter statt.<\/span><\/p>\n<p>Treffpunkt: 14:30 an der Endstation Linie 1, Prater Hauptallee<br data-rich-text-line-break=\"true\" \/><br \/>Dauer des akustischen Spaziergangs: 90 Minuten<br data-rich-text-line-break=\"true\" \/><br \/>Ende: Im Caf\u00e9 Ponykarussell: wean hean Cocktail mit Drehorgelmusik von Oliver Maar.<\/p>\n\n\n<h4 class=\"wp-block-heading\">Prater Hauptallee <\/h4>\n\n\n\n<p>Anfang: Prater Hauptallee Endstation Linie 1<br>Ende: Caf\u00e9 Ponykarussell: 1020 Wien | Karl-Kolarik-Weg 1, Prater 86a | U1, U2 Praterstern<\/p>\n\n\n\n<figure class=\"wp-block-gallery has-nested-images columns-default is-cropped wp-block-gallery-1 is-layout-flex wp-block-gallery-is-layout-flex\">\n<figure class=\"wp-block-image size-large\"><img loading=\"lazy\" decoding=\"async\" width=\"1024\" height=\"1024\" data-id=\"291\" src=\"https:\/\/www.weanhean.at\/content\/wp-content\/uploads\/2023\/02\/29042023_Prater_c_Herbert-Zotti-1024x1024.jpg\" alt=\"\" class=\"wp-image-291\" srcset=\"https:\/\/www.weanhean.at\/content\/wp-content\/uploads\/2023\/02\/29042023_Prater_c_Herbert-Zotti-1024x1024.jpg 1024w, https:\/\/www.weanhean.at\/content\/wp-content\/uploads\/2023\/02\/29042023_Prater_c_Herbert-Zotti-300x300.jpg 300w, https:\/\/www.weanhean.at\/content\/wp-content\/uploads\/2023\/02\/29042023_Prater_c_Herbert-Zotti-150x150.jpg 150w, https:\/\/www.weanhean.at\/content\/wp-content\/uploads\/2023\/02\/29042023_Prater_c_Herbert-Zotti-768x768.jpg 768w, https:\/\/www.weanhean.at\/content\/wp-content\/uploads\/2023\/02\/29042023_Prater_c_Herbert-Zotti-1536x1536.jpg 1536w, https:\/\/www.weanhean.at\/content\/wp-content\/uploads\/2023\/02\/29042023_Prater_c_Herbert-Zotti-640x640.jpg 640w, https:\/\/www.weanhean.at\/content\/wp-content\/uploads\/2023\/02\/29042023_Prater_c_Herbert-Zotti-180x180.jpg 180w, https:\/\/www.weanhean.at\/content\/wp-content\/uploads\/2023\/02\/29042023_Prater_c_Herbert-Zotti-50x50.jpg 50w, https:\/\/www.weanhean.at\/content\/wp-content\/uploads\/2023\/02\/29042023_Prater_c_Herbert-Zotti.jpg 1920w\" sizes=\"auto, (max-width: 1024px) 100vw, 1024px\" \/><\/figure>\n\n\n\n<figure class=\"wp-block-image size-large\"><img loading=\"lazy\" decoding=\"async\" width=\"1024\" height=\"684\" data-id=\"337\" src=\"https:\/\/www.weanhean.at\/content\/wp-content\/uploads\/2023\/02\/Erzaehl-mir-von-Wien_Fritzi-Kraus-l-Edith-Michaeler-r-c-Andreas-Edler-1024x684.jpg\" alt=\"\" class=\"wp-image-337\" srcset=\"https:\/\/www.weanhean.at\/content\/wp-content\/uploads\/2023\/02\/Erzaehl-mir-von-Wien_Fritzi-Kraus-l-Edith-Michaeler-r-c-Andreas-Edler-1024x684.jpg 1024w, https:\/\/www.weanhean.at\/content\/wp-content\/uploads\/2023\/02\/Erzaehl-mir-von-Wien_Fritzi-Kraus-l-Edith-Michaeler-r-c-Andreas-Edler-300x200.jpg 300w, https:\/\/www.weanhean.at\/content\/wp-content\/uploads\/2023\/02\/Erzaehl-mir-von-Wien_Fritzi-Kraus-l-Edith-Michaeler-r-c-Andreas-Edler-768x513.jpg 768w, https:\/\/www.weanhean.at\/content\/wp-content\/uploads\/2023\/02\/Erzaehl-mir-von-Wien_Fritzi-Kraus-l-Edith-Michaeler-r-c-Andreas-Edler-1536x1025.jpg 1536w, https:\/\/www.weanhean.at\/content\/wp-content\/uploads\/2023\/02\/Erzaehl-mir-von-Wien_Fritzi-Kraus-l-Edith-Michaeler-r-c-Andreas-Edler-2048x1367.jpg 2048w\" sizes=\"auto, (max-width: 1024px) 100vw, 1024px\" \/><\/figure>\n\n\n\n<figure class=\"wp-block-image size-large\"><img loading=\"lazy\" decoding=\"async\" width=\"1024\" height=\"1024\" data-id=\"336\" src=\"https:\/\/www.weanhean.at\/content\/wp-content\/uploads\/2023\/02\/Oliver-Maar_c_Herbert-Zotti-1024x1024.jpg\" alt=\"\" class=\"wp-image-336\" srcset=\"https:\/\/www.weanhean.at\/content\/wp-content\/uploads\/2023\/02\/Oliver-Maar_c_Herbert-Zotti-1024x1024.jpg 1024w, https:\/\/www.weanhean.at\/content\/wp-content\/uploads\/2023\/02\/Oliver-Maar_c_Herbert-Zotti-300x300.jpg 300w, https:\/\/www.weanhean.at\/content\/wp-content\/uploads\/2023\/02\/Oliver-Maar_c_Herbert-Zotti-150x150.jpg 150w, https:\/\/www.weanhean.at\/content\/wp-content\/uploads\/2023\/02\/Oliver-Maar_c_Herbert-Zotti-768x768.jpg 768w, https:\/\/www.weanhean.at\/content\/wp-content\/uploads\/2023\/02\/Oliver-Maar_c_Herbert-Zotti-1536x1536.jpg 1536w, https:\/\/www.weanhean.at\/content\/wp-content\/uploads\/2023\/02\/Oliver-Maar_c_Herbert-Zotti-640x640.jpg 640w, https:\/\/www.weanhean.at\/content\/wp-content\/uploads\/2023\/02\/Oliver-Maar_c_Herbert-Zotti-180x180.jpg 180w, https:\/\/www.weanhean.at\/content\/wp-content\/uploads\/2023\/02\/Oliver-Maar_c_Herbert-Zotti-50x50.jpg 50w, https:\/\/www.weanhean.at\/content\/wp-content\/uploads\/2023\/02\/Oliver-Maar_c_Herbert-Zotti.jpg 1920w\" sizes=\"auto, (max-width: 1024px) 100vw, 1024px\" \/><\/figure>\n<\/figure>\n","protected":false},"excerpt":{"rendered":"<p>PRATERGALOPPIN 90 MINUTEN UM DIE WELT Im Wiener Prater sollte vor 150 Jahren zu bestaunen sein, was die damalige Welt an Errungenschaften zu bieten hatte. Auch wenn die markantesten Geb\u00e4ude<a href=\"https:\/\/www.weanhean.at\/content\/weanhean2023\/programm2023\/samstag-29-april-2023\/\" class=\"more-link\"><span class=\"readmore\">Continue reading<span class=\"screen-reader-text\">SAMSTAG, 29. APRIL 2023<\/span><\/span><\/a><\/p>\n","protected":false},"author":1,"featured_media":847,"parent":16,"menu_order":0,"comment_status":"closed","ping_status":"closed","template":"","meta":{"footnotes":""},"class_list":["post-330","page","type-page","status-publish","has-post-thumbnail","hentry"],"_links":{"self":[{"href":"https:\/\/www.weanhean.at\/content\/wp-json\/wp\/v2\/pages\/330","targetHints":{"allow":["GET"]}}],"collection":[{"href":"https:\/\/www.weanhean.at\/content\/wp-json\/wp\/v2\/pages"}],"about":[{"href":"https:\/\/www.weanhean.at\/content\/wp-json\/wp\/v2\/types\/page"}],"author":[{"embeddable":true,"href":"https:\/\/www.weanhean.at\/content\/wp-json\/wp\/v2\/users\/1"}],"replies":[{"embeddable":true,"href":"https:\/\/www.weanhean.at\/content\/wp-json\/wp\/v2\/comments?post=330"}],"version-history":[{"count":19,"href":"https:\/\/www.weanhean.at\/content\/wp-json\/wp\/v2\/pages\/330\/revisions"}],"predecessor-version":[{"id":1219,"href":"https:\/\/www.weanhean.at\/content\/wp-json\/wp\/v2\/pages\/330\/revisions\/1219"}],"up":[{"embeddable":true,"href":"https:\/\/www.weanhean.at\/content\/wp-json\/wp\/v2\/pages\/16"}],"wp:featuredmedia":[{"embeddable":true,"href":"https:\/\/www.weanhean.at\/content\/wp-json\/wp\/v2\/media\/847"}],"wp:attachment":[{"href":"https:\/\/www.weanhean.at\/content\/wp-json\/wp\/v2\/media?parent=330"}],"curies":[{"name":"wp","href":"https:\/\/api.w.org\/{rel}","templated":true}]}}