{"id":361,"date":"2023-02-14T12:44:43","date_gmt":"2023-02-14T11:44:43","guid":{"rendered":"https:\/\/www.weanhean.at\/content\/?page_id=361"},"modified":"2023-05-11T14:33:42","modified_gmt":"2023-05-11T12:33:42","slug":"dienstag-2-mai-2023","status":"publish","type":"page","link":"https:\/\/www.weanhean.at\/content\/weanhean2023\/programm2023\/dienstag-2-mai-2023\/","title":{"rendered":"DIENSTAG, 2. MAI 2023"},"content":{"rendered":"\n<h2 class=\"wp-block-heading\">WEAN MOND\u00c4N<br>150 JAHRE WELTAUSSTELLUNG IN WIEN<\/h2>\n\n\n\n<p>Ab 1860 legt Wien seinen Stadtmauerg\u00fcrtel ab und macht sich daran, London und Paris als Vorbilder, \u201eWeltstadt\u201c zu werden. 1870 wird eine Weltausstellung f\u00fcr 1873 beschlossen, nicht zuf\u00e4llig zum 25. Regierungs\u00adjubil\u00e4um Kaiser Franz Josephs. Die bereits stattgefundenen vier Weltausstellungen sollten nat\u00fcrlich in jeder Hinsicht \u00fcbertroffen werden. Es kam dann alles ein bisserl anders, nicht zuletzt durch den B\u00f6rsenkrach eine Woche nach Ausstellungser\u00f6ffnung. Diese aufregende Zeit der Ausstellung mit Fokus auf die Musik, etwa St\u00fccke die extra f\u00fcr die Weltausstellung komponiert wurden, m\u00f6chten wir erlebbar machen. Auch die Reflexion der neuen, mond\u00e4nen Stadt im Wienerlied und damit auch Mythos und Gejammer von der \u201eguaten, alten Zeit\u201c. Fazit: \u201eA G\u2019frett is auf der W\u00f6d\u201c. Aber auch in der werden wir uns ein wenig umsehen.<\/p>\n\n\n\n<blockquote class=\"wp-block-quote is-layout-flow wp-block-quote-is-layout-flow\">\n<p><a rel=\"noreferrer noopener\" href=\"https:\/\/www.chrislohner.com\/\" target=\"_blank\">Chris Lohner<\/a><br><a rel=\"noreferrer noopener\" href=\"https:\/\/www.traudeholzer.com\/aktuelles\" target=\"_blank\">Traude Holzer<\/a><br><a href=\"https:\/\/www.helmutthomasstippich.com\/\" target=\"_blank\" rel=\"noreferrer noopener\">Stippich &amp; Uhler :: Bravour-Schrammeln<\/a><\/p>\n\n\n\n<p>Idee, Konzept, Recherche: Susanne Schedtler &amp; Herbert Zotti<\/p>\n<\/blockquote>\n\n\n<p><strong>Eine Veranstaltung in Kooperation mit der Arbeiterkammer Wien.<\/strong><\/p>\n\n\n<h4 class=\"wp-block-heading\">Tickets<\/h4>\n\n\n\n<p>\u20ac 25,- | 22,- | 19,- | 16,-<br>Karten sind&nbsp;ausschlie\u00dflich im <a rel=\"noreferrer noopener\" href=\"https:\/\/www.akzent.at\/\" target=\"_blank\"><strong>Theater Akzent<\/strong> <\/a>erh\u00e4ltlich.<br><br>Beginn 19:30 | Einlass 18:30<\/p>\n\n\n\n<h4 class=\"wp-block-heading\"><a href=\"https:\/\/www.akzent.at\/\" data-type=\"URL\" data-id=\"https:\/\/www.akzent.at\/\" target=\"_blank\" rel=\"noreferrer noopener\">Theater Akzent<\/a><\/h4>\n\n\n\n<p>1040 Wien | Theresianumgasse 18 | U1 Taubstummengasse, D Pl\u00f6\u00dflgasse | +43 1 501 65 133 06<\/p>\n\n\n\n<figure class=\"wp-block-gallery has-nested-images columns-default is-cropped wp-block-gallery-1 is-layout-flex wp-block-gallery-is-layout-flex\">\n<figure class=\"wp-block-image size-large\"><img loading=\"lazy\" decoding=\"async\" width=\"683\" height=\"1024\" data-id=\"364\" src=\"https:\/\/www.weanhean.at\/content\/wp-content\/uploads\/2023\/02\/Chris-Lohner1_c_Inge-Prader-683x1024.jpg\" alt=\"\" class=\"wp-image-364\" srcset=\"https:\/\/www.weanhean.at\/content\/wp-content\/uploads\/2023\/02\/Chris-Lohner1_c_Inge-Prader-683x1024.jpg 683w, https:\/\/www.weanhean.at\/content\/wp-content\/uploads\/2023\/02\/Chris-Lohner1_c_Inge-Prader-200x300.jpg 200w, https:\/\/www.weanhean.at\/content\/wp-content\/uploads\/2023\/02\/Chris-Lohner1_c_Inge-Prader-768x1151.jpg 768w, https:\/\/www.weanhean.at\/content\/wp-content\/uploads\/2023\/02\/Chris-Lohner1_c_Inge-Prader-1024x1536.jpg 1024w, https:\/\/www.weanhean.at\/content\/wp-content\/uploads\/2023\/02\/Chris-Lohner1_c_Inge-Prader-1366x2048.jpg 1366w, https:\/\/www.weanhean.at\/content\/wp-content\/uploads\/2023\/02\/Chris-Lohner1_c_Inge-Prader-scaled.jpg 1707w\" sizes=\"auto, (max-width: 683px) 100vw, 683px\" \/><\/figure>\n\n\n\n<figure class=\"wp-block-image size-large\"><img loading=\"lazy\" decoding=\"async\" width=\"1024\" height=\"683\" data-id=\"367\" src=\"https:\/\/www.weanhean.at\/content\/wp-content\/uploads\/2023\/02\/Traude-Holzer2_sw_c_Stephan-Mussil-1024x683.jpg\" alt=\"\" class=\"wp-image-367\" srcset=\"https:\/\/www.weanhean.at\/content\/wp-content\/uploads\/2023\/02\/Traude-Holzer2_sw_c_Stephan-Mussil-1024x683.jpg 1024w, https:\/\/www.weanhean.at\/content\/wp-content\/uploads\/2023\/02\/Traude-Holzer2_sw_c_Stephan-Mussil-300x200.jpg 300w, https:\/\/www.weanhean.at\/content\/wp-content\/uploads\/2023\/02\/Traude-Holzer2_sw_c_Stephan-Mussil-768x512.jpg 768w, https:\/\/www.weanhean.at\/content\/wp-content\/uploads\/2023\/02\/Traude-Holzer2_sw_c_Stephan-Mussil-1536x1024.jpg 1536w, https:\/\/www.weanhean.at\/content\/wp-content\/uploads\/2023\/02\/Traude-Holzer2_sw_c_Stephan-Mussil-2048x1366.jpg 2048w\" sizes=\"auto, (max-width: 1024px) 100vw, 1024px\" \/><\/figure>\n\n\n\n<figure class=\"wp-block-image size-large\"><img loading=\"lazy\" decoding=\"async\" width=\"1024\" height=\"1024\" data-id=\"363\" src=\"https:\/\/www.weanhean.at\/content\/wp-content\/uploads\/2023\/02\/Bravour-Schrammeln_c_Helmut-Stippich-1024x1024.jpg\" alt=\"\" class=\"wp-image-363\" srcset=\"https:\/\/www.weanhean.at\/content\/wp-content\/uploads\/2023\/02\/Bravour-Schrammeln_c_Helmut-Stippich-1024x1024.jpg 1024w, https:\/\/www.weanhean.at\/content\/wp-content\/uploads\/2023\/02\/Bravour-Schrammeln_c_Helmut-Stippich-300x300.jpg 300w, https:\/\/www.weanhean.at\/content\/wp-content\/uploads\/2023\/02\/Bravour-Schrammeln_c_Helmut-Stippich-150x150.jpg 150w, https:\/\/www.weanhean.at\/content\/wp-content\/uploads\/2023\/02\/Bravour-Schrammeln_c_Helmut-Stippich-768x768.jpg 768w, https:\/\/www.weanhean.at\/content\/wp-content\/uploads\/2023\/02\/Bravour-Schrammeln_c_Helmut-Stippich-1536x1536.jpg 1536w, https:\/\/www.weanhean.at\/content\/wp-content\/uploads\/2023\/02\/Bravour-Schrammeln_c_Helmut-Stippich-640x640.jpg 640w, https:\/\/www.weanhean.at\/content\/wp-content\/uploads\/2023\/02\/Bravour-Schrammeln_c_Helmut-Stippich-180x180.jpg 180w, https:\/\/www.weanhean.at\/content\/wp-content\/uploads\/2023\/02\/Bravour-Schrammeln_c_Helmut-Stippich-50x50.jpg 50w, https:\/\/www.weanhean.at\/content\/wp-content\/uploads\/2023\/02\/Bravour-Schrammeln_c_Helmut-Stippich.jpg 2048w\" sizes=\"auto, (max-width: 1024px) 100vw, 1024px\" \/><\/figure>\n\n\n\n<figure class=\"wp-block-image size-large\"><img loading=\"lazy\" decoding=\"async\" width=\"1024\" height=\"683\" data-id=\"366\" src=\"https:\/\/www.weanhean.at\/content\/wp-content\/uploads\/2023\/02\/Traude-Holzer1_c_Matthaeus-Anton-Schmid-1024x683.jpg\" alt=\"\" class=\"wp-image-366\" srcset=\"https:\/\/www.weanhean.at\/content\/wp-content\/uploads\/2023\/02\/Traude-Holzer1_c_Matthaeus-Anton-Schmid-1024x683.jpg 1024w, https:\/\/www.weanhean.at\/content\/wp-content\/uploads\/2023\/02\/Traude-Holzer1_c_Matthaeus-Anton-Schmid-300x200.jpg 300w, https:\/\/www.weanhean.at\/content\/wp-content\/uploads\/2023\/02\/Traude-Holzer1_c_Matthaeus-Anton-Schmid-768x512.jpg 768w, https:\/\/www.weanhean.at\/content\/wp-content\/uploads\/2023\/02\/Traude-Holzer1_c_Matthaeus-Anton-Schmid-1536x1024.jpg 1536w, https:\/\/www.weanhean.at\/content\/wp-content\/uploads\/2023\/02\/Traude-Holzer1_c_Matthaeus-Anton-Schmid.jpg 2048w\" sizes=\"auto, (max-width: 1024px) 100vw, 1024px\" \/><\/figure>\n\n\n\n<figure class=\"wp-block-image size-large\"><img loading=\"lazy\" decoding=\"async\" width=\"1024\" height=\"1024\" data-id=\"285\" src=\"https:\/\/www.weanhean.at\/content\/wp-content\/uploads\/2023\/02\/02052023_wean-mondaen_c_Herbert-Zotti-1024x1024.jpg\" alt=\"\" class=\"wp-image-285\" srcset=\"https:\/\/www.weanhean.at\/content\/wp-content\/uploads\/2023\/02\/02052023_wean-mondaen_c_Herbert-Zotti-1024x1024.jpg 1024w, https:\/\/www.weanhean.at\/content\/wp-content\/uploads\/2023\/02\/02052023_wean-mondaen_c_Herbert-Zotti-300x300.jpg 300w, https:\/\/www.weanhean.at\/content\/wp-content\/uploads\/2023\/02\/02052023_wean-mondaen_c_Herbert-Zotti-150x150.jpg 150w, https:\/\/www.weanhean.at\/content\/wp-content\/uploads\/2023\/02\/02052023_wean-mondaen_c_Herbert-Zotti-768x768.jpg 768w, https:\/\/www.weanhean.at\/content\/wp-content\/uploads\/2023\/02\/02052023_wean-mondaen_c_Herbert-Zotti-1536x1536.jpg 1536w, https:\/\/www.weanhean.at\/content\/wp-content\/uploads\/2023\/02\/02052023_wean-mondaen_c_Herbert-Zotti-2048x2048.jpg 2048w, https:\/\/www.weanhean.at\/content\/wp-content\/uploads\/2023\/02\/02052023_wean-mondaen_c_Herbert-Zotti-640x640.jpg 640w, https:\/\/www.weanhean.at\/content\/wp-content\/uploads\/2023\/02\/02052023_wean-mondaen_c_Herbert-Zotti-180x180.jpg 180w, https:\/\/www.weanhean.at\/content\/wp-content\/uploads\/2023\/02\/02052023_wean-mondaen_c_Herbert-Zotti-50x50.jpg 50w\" sizes=\"auto, (max-width: 1024px) 100vw, 1024px\" \/><\/figure>\n\n\n\n<figure class=\"wp-block-image size-large\"><img loading=\"lazy\" decoding=\"async\" width=\"1024\" height=\"731\" data-id=\"365\" src=\"https:\/\/www.weanhean.at\/content\/wp-content\/uploads\/2023\/02\/Chris-Lohner2_c_Inge-Prader-1024x731.jpg\" alt=\"\" class=\"wp-image-365\" srcset=\"https:\/\/www.weanhean.at\/content\/wp-content\/uploads\/2023\/02\/Chris-Lohner2_c_Inge-Prader-1024x731.jpg 1024w, https:\/\/www.weanhean.at\/content\/wp-content\/uploads\/2023\/02\/Chris-Lohner2_c_Inge-Prader-300x214.jpg 300w, https:\/\/www.weanhean.at\/content\/wp-content\/uploads\/2023\/02\/Chris-Lohner2_c_Inge-Prader-768x549.jpg 768w, https:\/\/www.weanhean.at\/content\/wp-content\/uploads\/2023\/02\/Chris-Lohner2_c_Inge-Prader-1536x1097.jpg 1536w, https:\/\/www.weanhean.at\/content\/wp-content\/uploads\/2023\/02\/Chris-Lohner2_c_Inge-Prader-2048x1463.jpg 2048w\" sizes=\"auto, (max-width: 1024px) 100vw, 1024px\" \/><\/figure>\n\n\n\n<figure class=\"wp-block-image size-large\"><img loading=\"lazy\" decoding=\"async\" width=\"1024\" height=\"683\" data-id=\"362\" src=\"https:\/\/www.weanhean.at\/content\/wp-content\/uploads\/2023\/02\/Bravour-Schrammeln-2_c_Stephan-Mussil-1024x683.jpg\" alt=\"\" class=\"wp-image-362\" srcset=\"https:\/\/www.weanhean.at\/content\/wp-content\/uploads\/2023\/02\/Bravour-Schrammeln-2_c_Stephan-Mussil-1024x683.jpg 1024w, https:\/\/www.weanhean.at\/content\/wp-content\/uploads\/2023\/02\/Bravour-Schrammeln-2_c_Stephan-Mussil-300x200.jpg 300w, https:\/\/www.weanhean.at\/content\/wp-content\/uploads\/2023\/02\/Bravour-Schrammeln-2_c_Stephan-Mussil-768x512.jpg 768w, https:\/\/www.weanhean.at\/content\/wp-content\/uploads\/2023\/02\/Bravour-Schrammeln-2_c_Stephan-Mussil-1536x1024.jpg 1536w, https:\/\/www.weanhean.at\/content\/wp-content\/uploads\/2023\/02\/Bravour-Schrammeln-2_c_Stephan-Mussil-2048x1366.jpg 2048w\" sizes=\"auto, (max-width: 1024px) 100vw, 1024px\" \/><\/figure>\n<\/figure>\n","protected":false},"excerpt":{"rendered":"<p>WEAN MOND\u00c4N150 JAHRE WELTAUSSTELLUNG IN WIEN Ab 1860 legt Wien seinen Stadtmauerg\u00fcrtel ab und macht sich daran, London und Paris als Vorbilder, \u201eWeltstadt\u201c zu werden. 1870 wird eine Weltausstellung f\u00fcr<a href=\"https:\/\/www.weanhean.at\/content\/weanhean2023\/programm2023\/dienstag-2-mai-2023\/\" class=\"more-link\"><span class=\"readmore\">Continue reading<span class=\"screen-reader-text\">DIENSTAG, 2. MAI 2023<\/span><\/span><\/a><\/p>\n","protected":false},"author":1,"featured_media":847,"parent":16,"menu_order":0,"comment_status":"closed","ping_status":"closed","template":"","meta":{"footnotes":""},"class_list":["post-361","page","type-page","status-publish","has-post-thumbnail","hentry"],"_links":{"self":[{"href":"https:\/\/www.weanhean.at\/content\/wp-json\/wp\/v2\/pages\/361","targetHints":{"allow":["GET"]}}],"collection":[{"href":"https:\/\/www.weanhean.at\/content\/wp-json\/wp\/v2\/pages"}],"about":[{"href":"https:\/\/www.weanhean.at\/content\/wp-json\/wp\/v2\/types\/page"}],"author":[{"embeddable":true,"href":"https:\/\/www.weanhean.at\/content\/wp-json\/wp\/v2\/users\/1"}],"replies":[{"embeddable":true,"href":"https:\/\/www.weanhean.at\/content\/wp-json\/wp\/v2\/comments?post=361"}],"version-history":[{"count":8,"href":"https:\/\/www.weanhean.at\/content\/wp-json\/wp\/v2\/pages\/361\/revisions"}],"predecessor-version":[{"id":1525,"href":"https:\/\/www.weanhean.at\/content\/wp-json\/wp\/v2\/pages\/361\/revisions\/1525"}],"up":[{"embeddable":true,"href":"https:\/\/www.weanhean.at\/content\/wp-json\/wp\/v2\/pages\/16"}],"wp:featuredmedia":[{"embeddable":true,"href":"https:\/\/www.weanhean.at\/content\/wp-json\/wp\/v2\/media\/847"}],"wp:attachment":[{"href":"https:\/\/www.weanhean.at\/content\/wp-json\/wp\/v2\/media?parent=361"}],"curies":[{"name":"wp","href":"https:\/\/api.w.org\/{rel}","templated":true}]}}