{"id":369,"date":"2023-02-14T12:55:47","date_gmt":"2023-02-14T11:55:47","guid":{"rendered":"https:\/\/www.weanhean.at\/content\/?page_id=369"},"modified":"2023-02-28T17:26:33","modified_gmt":"2023-02-28T16:26:33","slug":"mittwoch-3-mai-2023","status":"publish","type":"page","link":"https:\/\/www.weanhean.at\/content\/weanhean2023\/programm2023\/mittwoch-3-mai-2023\/","title":{"rendered":"MITTWOCH, 3. MAI 2023"},"content":{"rendered":"\n<h2 class=\"wp-block-heading\">VOM BIBERLN &amp; PAPPERLN<br>BREINSCHMID &amp; GANSCH KOCHEN SIE EIN<\/h2>\n\n\n\n<p>Sie wollten schon immer wissen, wie Ihr Lieblingsrezept klingt? Georg Breinschmid und Thomas Gansch machen daraus Musik. Bringen Sie Ihr liebstes Kochrezept handgeschrieben zum Konzert mit! Vielleicht haben Sie Gl\u00fcck, und es wird aus dem Schnellkochtopf gefischt. Das Duo Breinschmid &amp; Gansch vertont n\u00e4mlich ausgew\u00e4hlte Rezepte stanta pede, primaliesta sozusagen, live vor Publikum auf der B\u00fchne. Sinnlich bis ins Knochenmark biberln und papperln wir uns durch die Haute Cuisine der Wiener Musik. Kredenzt werden neben klassischen Wienerlied-Schmankerln auch kr\u00e4ftige Neue Wiener Compsomm\u00e9s. Das alles kalorienarm und laktosefrei vereint unter einer monstr\u00f6sen Schm\u00e4hhaube. Schlemmen und kudern Sie mit uns als g\u00e4be es kein Morgen!<\/p>\n\n\n\n<blockquote class=\"wp-block-quote is-layout-flow wp-block-quote-is-layout-flow\">\n<p><a rel=\"noreferrer noopener\" href=\"https:\/\/georgbreinschmid.com\/\" target=\"_blank\">Georg Breinschmid<\/a><br><a rel=\"noreferrer noopener\" href=\"https:\/\/ganschathome.com\/\" target=\"_blank\">Thomas Gansch<\/a><br><br>Idee &amp; Konzept: <a rel=\"noreferrer noopener\" href=\"http:\/\/www.verenagoeltl.at\/\" data-type=\"URL\" data-id=\"http:\/\/www.verenagoeltl.at\/\" target=\"_blank\">Verena G\u00f6ltl<\/a><\/p>\n<\/blockquote>\n\n\n\n<h4 class=\"wp-block-heading\">Tickets<\/h4>\n\n\n\n<p>\u20ac 25,- | 22,-* | 19,-**<br>Karten gibt&#8217;s<strong>&nbsp;<a rel=\"noreferrer noopener\" href=\"https:\/\/wienervolksliedwerk.reservix.at\/p\/reservix\/event\/2065414\" target=\"_blank\">HIER<\/a><\/strong>.<br><br>Reservierung unter: <br>karten@weanhean.at oder <br>+43 1 416 23 66<br><br>Erm\u00e4\u00dfigungen: <br>* wvlw- und \u00d61 Club Mitglieder<br>** Sch\u00fcler:innen und Studierende, \u00d61 Intro Mitglieder<\/p>\n\n\n\n<h4 class=\"wp-block-heading\">Uhrzeit<\/h4>\n\n\n\n<p>Beginn 20:00 | Einlass 18:00<\/p>\n\n\n\n<h4 class=\"wp-block-heading\"><a href=\"https:\/\/www.schutzhaus-zukunft.at\/\" data-type=\"URL\" data-id=\"https:\/\/www.schutzhaus-zukunft.at\/\" target=\"_blank\" rel=\"noreferrer noopener\">Schutzhaus Zukunft<\/a><\/h4>\n\n\n\n<p>1150 Wien | Verl\u00e4ngerte Guntherstra\u00dfe 1 | U3 Johnstra\u00dfe | Linie 9 Guntherstra\u00dfe<\/p>\n\n\n\n<figure class=\"wp-block-gallery has-nested-images columns-default is-cropped wp-block-gallery-1 is-layout-flex wp-block-gallery-is-layout-flex\">\n<figure class=\"wp-block-image size-large\"><img loading=\"lazy\" decoding=\"async\" width=\"1024\" height=\"683\" data-id=\"370\" src=\"https:\/\/www.weanhean.at\/content\/wp-content\/uploads\/2023\/02\/Georg-Breinschmid1_c_Julia-Wesely-1024x683.jpg\" alt=\"\" class=\"wp-image-370\" srcset=\"https:\/\/www.weanhean.at\/content\/wp-content\/uploads\/2023\/02\/Georg-Breinschmid1_c_Julia-Wesely-1024x683.jpg 1024w, https:\/\/www.weanhean.at\/content\/wp-content\/uploads\/2023\/02\/Georg-Breinschmid1_c_Julia-Wesely-300x200.jpg 300w, https:\/\/www.weanhean.at\/content\/wp-content\/uploads\/2023\/02\/Georg-Breinschmid1_c_Julia-Wesely-768x512.jpg 768w, https:\/\/www.weanhean.at\/content\/wp-content\/uploads\/2023\/02\/Georg-Breinschmid1_c_Julia-Wesely-1536x1024.jpg 1536w, https:\/\/www.weanhean.at\/content\/wp-content\/uploads\/2023\/02\/Georg-Breinschmid1_c_Julia-Wesely-2048x1365.jpg 2048w\" sizes=\"auto, (max-width: 1024px) 100vw, 1024px\" \/><\/figure>\n\n\n\n<figure class=\"wp-block-image size-large\"><img loading=\"lazy\" decoding=\"async\" width=\"1024\" height=\"683\" data-id=\"371\" src=\"https:\/\/www.weanhean.at\/content\/wp-content\/uploads\/2023\/02\/Georg-Breinschmid2_c_Julia-Wesely-1024x683.jpg\" alt=\"\" class=\"wp-image-371\" srcset=\"https:\/\/www.weanhean.at\/content\/wp-content\/uploads\/2023\/02\/Georg-Breinschmid2_c_Julia-Wesely-1024x683.jpg 1024w, https:\/\/www.weanhean.at\/content\/wp-content\/uploads\/2023\/02\/Georg-Breinschmid2_c_Julia-Wesely-300x200.jpg 300w, https:\/\/www.weanhean.at\/content\/wp-content\/uploads\/2023\/02\/Georg-Breinschmid2_c_Julia-Wesely-768x512.jpg 768w, https:\/\/www.weanhean.at\/content\/wp-content\/uploads\/2023\/02\/Georg-Breinschmid2_c_Julia-Wesely-1536x1024.jpg 1536w, https:\/\/www.weanhean.at\/content\/wp-content\/uploads\/2023\/02\/Georg-Breinschmid2_c_Julia-Wesely-2048x1365.jpg 2048w\" sizes=\"auto, (max-width: 1024px) 100vw, 1024px\" \/><\/figure>\n\n\n\n<figure class=\"wp-block-image size-large\"><img loading=\"lazy\" decoding=\"async\" width=\"1024\" height=\"683\" data-id=\"372\" src=\"https:\/\/www.weanhean.at\/content\/wp-content\/uploads\/2023\/02\/Thomas-Gansch1_c_Maria-Frodl-1024x683.jpg\" alt=\"\" class=\"wp-image-372\" srcset=\"https:\/\/www.weanhean.at\/content\/wp-content\/uploads\/2023\/02\/Thomas-Gansch1_c_Maria-Frodl-1024x683.jpg 1024w, https:\/\/www.weanhean.at\/content\/wp-content\/uploads\/2023\/02\/Thomas-Gansch1_c_Maria-Frodl-300x200.jpg 300w, https:\/\/www.weanhean.at\/content\/wp-content\/uploads\/2023\/02\/Thomas-Gansch1_c_Maria-Frodl-768x512.jpg 768w, https:\/\/www.weanhean.at\/content\/wp-content\/uploads\/2023\/02\/Thomas-Gansch1_c_Maria-Frodl-1536x1024.jpg 1536w, https:\/\/www.weanhean.at\/content\/wp-content\/uploads\/2023\/02\/Thomas-Gansch1_c_Maria-Frodl-2048x1365.jpg 2048w\" sizes=\"auto, (max-width: 1024px) 100vw, 1024px\" \/><\/figure>\n\n\n\n<figure class=\"wp-block-image size-large\"><img loading=\"lazy\" decoding=\"async\" width=\"1024\" height=\"683\" data-id=\"373\" src=\"https:\/\/www.weanhean.at\/content\/wp-content\/uploads\/2023\/02\/Thomas-Gansch2_c_Maria-Frodl-1024x683.jpg\" alt=\"\" class=\"wp-image-373\" srcset=\"https:\/\/www.weanhean.at\/content\/wp-content\/uploads\/2023\/02\/Thomas-Gansch2_c_Maria-Frodl-1024x683.jpg 1024w, https:\/\/www.weanhean.at\/content\/wp-content\/uploads\/2023\/02\/Thomas-Gansch2_c_Maria-Frodl-300x200.jpg 300w, https:\/\/www.weanhean.at\/content\/wp-content\/uploads\/2023\/02\/Thomas-Gansch2_c_Maria-Frodl-768x512.jpg 768w, https:\/\/www.weanhean.at\/content\/wp-content\/uploads\/2023\/02\/Thomas-Gansch2_c_Maria-Frodl-1536x1024.jpg 1536w, https:\/\/www.weanhean.at\/content\/wp-content\/uploads\/2023\/02\/Thomas-Gansch2_c_Maria-Frodl-2048x1365.jpg 2048w\" sizes=\"auto, (max-width: 1024px) 100vw, 1024px\" \/><\/figure>\n\n\n\n<figure class=\"wp-block-image size-large\"><img loading=\"lazy\" decoding=\"async\" width=\"1024\" height=\"1024\" data-id=\"287\" src=\"https:\/\/www.weanhean.at\/content\/wp-content\/uploads\/2023\/02\/09052023_BiberlnPapperln_c_Herbert-Zotti-1024x1024.jpg\" alt=\"\" class=\"wp-image-287\" srcset=\"https:\/\/www.weanhean.at\/content\/wp-content\/uploads\/2023\/02\/09052023_BiberlnPapperln_c_Herbert-Zotti-1024x1024.jpg 1024w, https:\/\/www.weanhean.at\/content\/wp-content\/uploads\/2023\/02\/09052023_BiberlnPapperln_c_Herbert-Zotti-300x300.jpg 300w, https:\/\/www.weanhean.at\/content\/wp-content\/uploads\/2023\/02\/09052023_BiberlnPapperln_c_Herbert-Zotti-150x150.jpg 150w, https:\/\/www.weanhean.at\/content\/wp-content\/uploads\/2023\/02\/09052023_BiberlnPapperln_c_Herbert-Zotti-768x768.jpg 768w, https:\/\/www.weanhean.at\/content\/wp-content\/uploads\/2023\/02\/09052023_BiberlnPapperln_c_Herbert-Zotti-1536x1536.jpg 1536w, https:\/\/www.weanhean.at\/content\/wp-content\/uploads\/2023\/02\/09052023_BiberlnPapperln_c_Herbert-Zotti-640x640.jpg 640w, https:\/\/www.weanhean.at\/content\/wp-content\/uploads\/2023\/02\/09052023_BiberlnPapperln_c_Herbert-Zotti-180x180.jpg 180w, https:\/\/www.weanhean.at\/content\/wp-content\/uploads\/2023\/02\/09052023_BiberlnPapperln_c_Herbert-Zotti-50x50.jpg 50w, https:\/\/www.weanhean.at\/content\/wp-content\/uploads\/2023\/02\/09052023_BiberlnPapperln_c_Herbert-Zotti.jpg 1920w\" sizes=\"auto, (max-width: 1024px) 100vw, 1024px\" \/><\/figure>\n<\/figure>\n","protected":false},"excerpt":{"rendered":"<p>VOM BIBERLN &amp; PAPPERLNBREINSCHMID &amp; GANSCH KOCHEN SIE EIN Sie wollten schon immer wissen, wie Ihr Lieblingsrezept klingt? Georg Breinschmid und Thomas Gansch machen daraus Musik. Bringen Sie Ihr liebstes<a href=\"https:\/\/www.weanhean.at\/content\/weanhean2023\/programm2023\/mittwoch-3-mai-2023\/\" class=\"more-link\"><span class=\"readmore\">Continue reading<span class=\"screen-reader-text\">MITTWOCH, 3. MAI 2023<\/span><\/span><\/a><\/p>\n","protected":false},"author":1,"featured_media":847,"parent":16,"menu_order":0,"comment_status":"closed","ping_status":"closed","template":"","meta":{"footnotes":""},"class_list":["post-369","page","type-page","status-publish","has-post-thumbnail","hentry"],"_links":{"self":[{"href":"https:\/\/www.weanhean.at\/content\/wp-json\/wp\/v2\/pages\/369","targetHints":{"allow":["GET"]}}],"collection":[{"href":"https:\/\/www.weanhean.at\/content\/wp-json\/wp\/v2\/pages"}],"about":[{"href":"https:\/\/www.weanhean.at\/content\/wp-json\/wp\/v2\/types\/page"}],"author":[{"embeddable":true,"href":"https:\/\/www.weanhean.at\/content\/wp-json\/wp\/v2\/users\/1"}],"replies":[{"embeddable":true,"href":"https:\/\/www.weanhean.at\/content\/wp-json\/wp\/v2\/comments?post=369"}],"version-history":[{"count":8,"href":"https:\/\/www.weanhean.at\/content\/wp-json\/wp\/v2\/pages\/369\/revisions"}],"predecessor-version":[{"id":982,"href":"https:\/\/www.weanhean.at\/content\/wp-json\/wp\/v2\/pages\/369\/revisions\/982"}],"up":[{"embeddable":true,"href":"https:\/\/www.weanhean.at\/content\/wp-json\/wp\/v2\/pages\/16"}],"wp:featuredmedia":[{"embeddable":true,"href":"https:\/\/www.weanhean.at\/content\/wp-json\/wp\/v2\/media\/847"}],"wp:attachment":[{"href":"https:\/\/www.weanhean.at\/content\/wp-json\/wp\/v2\/media?parent=369"}],"curies":[{"name":"wp","href":"https:\/\/api.w.org\/{rel}","templated":true}]}}