{"id":3789,"date":"2026-02-04T12:36:09","date_gmt":"2026-02-04T11:36:09","guid":{"rendered":"https:\/\/www.weanhean.at\/content\/?page_id=3789"},"modified":"2026-03-25T11:49:29","modified_gmt":"2026-03-25T10:49:29","slug":"dienstag-21-april-2026","status":"publish","type":"page","link":"https:\/\/www.weanhean.at\/content\/dienstag-21-april-2026\/","title":{"rendered":"DIENSTAG, 21. APRIL 2026"},"content":{"rendered":"\n<h2 class=\"wp-block-heading\">FESTIVALER\u00d6FFNUNG: OWA JETZT! <\/h2>\n\n\n\n<p>Der Festivalauftakt verschl\u00e4gt uns wieder aufs Otto Wagner Areal (OWA), wo sich <strong>wean hean<\/strong> bereits 2024 ganz wunderbar er\u00f6ffnen lie\u00df. Diesmal wird es noch festlicher, denn das Jugendstiltheater ist frisch renoviert und zeigt sich in seiner vollen Pracht. <br><br>Musikalisch wird die Goas, das Volksmusikprojekt von HP Falkner und Markus Binder (alias Attwenger), f\u00fcr beste Unterhaltung sorgen. Au\u00dferdem formieren sich unsere liebste steirische Wienerlied-Interpretin Traude Holzer, ihr Angetrauter Ernst Kovacic und das Ehepaar Maria und Helmut T. Stippich zu einem Ensemble, das Ihnen \u201eziemlich best of Weanastodt\u201c (O-Ton Holzer) serviert. <br><br>Mit Herbert Zotti und seiner Begleitung Coco Banholzer darf nat\u00fcrlich wieder inbr\u00fcnstig offen gesungen werden, und heuer beweisen die wean schb\u00fc\u00fcn Studierenden der mdw (Universit\u00e4t f\u00fcr Musik und darstellende Kunst Wien), dass man sich um den Wienermusik-Nachwuchs keine Sorgen machen muss.<\/p>\n\n\n\n<blockquote class=\"wp-block-quote is-layout-flow wp-block-quote-is-layout-flow\">\n<p><a href=\"https:\/\/www.attwenger.at\/die-goas\" target=\"_blank\" rel=\"noreferrer noopener\"><strong>D<\/strong>IE GOAS<\/a><br><a href=\"https:\/\/www.traudeholzer.com\" target=\"_blank\" rel=\"noreferrer noopener\">HOLZER<\/a>&#8211;<a href=\"https:\/\/www.stippichs.com\" target=\"_blank\" rel=\"noreferrer noopener\">STIPPICHS<\/a>-KOVACIC <br>WEAN SCHB\u00dc\u00dcN (mdw) <br><a href=\"https:\/\/www.oliver-maar.at\/\" target=\"_blank\" rel=\"noreferrer noopener\">OLIVER MAAR<\/a><br>PUBLIKUMSSINGEN MIT HERBERT ZOTTI &amp; COCO BANHOLZER<\/p>\n<\/blockquote>\n\n\n\n<h4 class=\"wp-block-heading\">Tickets<\/h4>\n\n\n\n<p>Freie Spende!<br>F\u00fcr die Er\u00f6ffnung ist keine Anmeldung notwendig. Kommen Sie einfach vorbei!<\/p>\n\n\n\n<h4 class=\"wp-block-heading\">Uhrzeit<\/h4>\n\n\n\n<p>Beginn 18:00 Uhr | Einlass 17:00 Uhr<\/p>\n\n\n\n<h4 class=\"wp-block-heading\">Jugendstiltheater am OWA \u2013 Otto Wagner Areal<\/h4>\n\n\n\n<p>1140 Wien | Baumgartner H\u00f6he 1 | U3 Ottakring + 48A Otto Wagner Areal<\/p>\n\n\n<div id=\"filebird-document-library\">\n\t<div class=\"njt-fbdl\" data-json=\"{&quot;request&quot;:{&quot;pagination&quot;:{&quot;current&quot;:1,&quot;limit&quot;:10},&quot;search&quot;:&quot;&quot;,&quot;orderBy&quot;:&quot;post_title&quot;,&quot;orderType&quot;:&quot;DESC&quot;,&quot;selectedFolder&quot;:[&quot;101&quot;]},&quot;layout&quot;:&quot;grid&quot;,&quot;title&quot;:&quot;&quot;,&quot;column&quot;:4}\"><\/div>\n<\/div>\n\t\t\n\n\n<p><\/p>\n\n\n\n<p><\/p>\n\n\n<div data-carousel-extra='{\"blog_id\":1,\"permalink\":\"https:\\\/\\\/www.weanhean.at\\\/content\\\/dienstag-21-april-2026\\\/\"}' class=\"tiled-gallery type-rectangular\" data-original-width=\"990\"><div class=\"gallery-row\" style=\"width: 985px; height: 586px;\"><div class=\"gallery-group images-1\" style=\"width: 590px; height: 590px;\"><div class=\"tiled-gallery-item tiled-gallery-item-full\"><a href=\"https:\/\/www.weanhean.at\/content\/die_goas_c_hias_schaschko\/\"><img loading=\"lazy\" decoding=\"async\" data-attachment-id=\"3822\" data-orig-file=\"https:\/\/www.weanhean.at\/content\/wp-content\/uploads\/2026\/02\/Die_Goas_c_Hias_Schaschko.jpg\" data-orig-size=\"2448,2448\" data-comments-opened=\"0\" data-image-meta=\"{&quot;aperture&quot;:&quot;2.4&quot;,&quot;credit&quot;:&quot;\\u00a9 www.badgeman.de&quot;,&quot;camera&quot;:&quot;273&quot;,&quot;caption&quot;:&quot;&quot;,&quot;created_timestamp&quot;:&quot;1394375031&quot;,&quot;copyright&quot;:&quot;&quot;,&quot;focal_length&quot;:&quot;4.28&quot;,&quot;iso&quot;:&quot;50&quot;,&quot;shutter_speed&quot;:&quot;0.041666666666667&quot;,&quot;title&quot;:&quot;&quot;,&quot;orientation&quot;:&quot;1&quot;}\" data-image-title=\"Die_Goas_c_Hias_Schaschko\" data-image-description=\"\" data-medium-file=\"https:\/\/www.weanhean.at\/content\/wp-content\/uploads\/2026\/02\/Die_Goas_c_Hias_Schaschko-300x300.jpg\" data-large-file=\"https:\/\/www.weanhean.at\/content\/wp-content\/uploads\/2026\/02\/Die_Goas_c_Hias_Schaschko-1024x1024.jpg\" src=\"https:\/\/www.weanhean.at\/content\/wp-content\/uploads\/2026\/02\/Die_Goas_c_Hias_Schaschko.jpg\" width=\"586\" height=\"586\" align=\"left\" title=\"Die_Goas_c_Hias_Schaschko\" \/><\/a><\/div><\/div><div class=\"gallery-group images-1\" style=\"width: 395px; height: 590px;\"><div class=\"tiled-gallery-item tiled-gallery-item-full\"><a href=\"https:\/\/www.weanhean.at\/content\/traude_holzer_c_herbert_zotti\/\"><img loading=\"lazy\" decoding=\"async\" data-attachment-id=\"3826\" data-orig-file=\"https:\/\/www.weanhean.at\/content\/wp-content\/uploads\/2026\/02\/Traude_Holzer_c_Herbert_Zotti.jpg\" data-orig-size=\"1181,1772\" data-comments-opened=\"0\" data-image-meta=\"{&quot;aperture&quot;:&quot;5.6&quot;,&quot;credit&quot;:&quot;&quot;,&quot;camera&quot;:&quot;LEICA SL (Typ 601)&quot;,&quot;caption&quot;:&quot;&quot;,&quot;created_timestamp&quot;:&quot;1578567296&quot;,&quot;copyright&quot;:&quot;Info&quot;,&quot;focal_length&quot;:&quot;90&quot;,&quot;iso&quot;:&quot;400&quot;,&quot;shutter_speed&quot;:&quot;0.00625&quot;,&quot;title&quot;:&quot;&quot;,&quot;orientation&quot;:&quot;1&quot;}\" data-image-title=\"Traude_Holzer_c_Herbert_Zotti\" data-image-description=\"\" data-medium-file=\"https:\/\/www.weanhean.at\/content\/wp-content\/uploads\/2026\/02\/Traude_Holzer_c_Herbert_Zotti-200x300.jpg\" data-large-file=\"https:\/\/www.weanhean.at\/content\/wp-content\/uploads\/2026\/02\/Traude_Holzer_c_Herbert_Zotti-682x1024.jpg\" src=\"https:\/\/www.weanhean.at\/content\/wp-content\/uploads\/2026\/02\/Traude_Holzer_c_Herbert_Zotti.jpg\" width=\"391\" height=\"586\" align=\"left\" title=\"Traude_Holzer_c_Herbert_Zotti\" \/><\/a><\/div><\/div><\/div><div class=\"gallery-row\" style=\"width: 985px; height: 444px;\"><div class=\"gallery-group images-1\" style=\"width: 670px; height: 448px;\"><div class=\"tiled-gallery-item tiled-gallery-item-full\"><a href=\"https:\/\/www.weanhean.at\/content\/stippichstippich%ef%b8%8fstephan-mussil-3\/\"><img loading=\"lazy\" decoding=\"async\" data-attachment-id=\"3825\" data-orig-file=\"https:\/\/www.weanhean.at\/content\/wp-content\/uploads\/2026\/02\/MariaHelmut_Stippich_c_Stephan_Mussil.jpg\" data-orig-size=\"2000,1334\" data-comments-opened=\"0\" data-image-meta=\"{&quot;aperture&quot;:&quot;0&quot;,&quot;credit&quot;:&quot;&quot;,&quot;camera&quot;:&quot;&quot;,&quot;caption&quot;:&quot;Stippich&amp;Stippich\\n\\u00a9\\ufe0fStephan Mussil&quot;,&quot;created_timestamp&quot;:&quot;0&quot;,&quot;copyright&quot;:&quot;&quot;,&quot;focal_length&quot;:&quot;0&quot;,&quot;iso&quot;:&quot;0&quot;,&quot;shutter_speed&quot;:&quot;0&quot;,&quot;title&quot;:&quot;Stippich&amp;Stippich\\n\\u00a9\\ufe0fStephan Mussil&quot;,&quot;orientation&quot;:&quot;1&quot;}\" data-image-title=\"Stippich&amp;Stippich\u00a9\ufe0fStephan Mussil\" data-image-description=\"\" data-medium-file=\"https:\/\/www.weanhean.at\/content\/wp-content\/uploads\/2026\/02\/MariaHelmut_Stippich_c_Stephan_Mussil-300x200.jpg\" data-large-file=\"https:\/\/www.weanhean.at\/content\/wp-content\/uploads\/2026\/02\/MariaHelmut_Stippich_c_Stephan_Mussil-1024x683.jpg\" src=\"https:\/\/www.weanhean.at\/content\/wp-content\/uploads\/2026\/02\/MariaHelmut_Stippich_c_Stephan_Mussil.jpg\" width=\"666\" height=\"444\" align=\"left\" title=\"Stippich&amp;Stippich\u00a9\ufe0fStephan Mussil\" \/><\/a><\/div><\/div><div class=\"gallery-group images-2\" style=\"width: 315px; height: 448px;\"><div class=\"tiled-gallery-item tiled-gallery-item-full\"><a href=\"https:\/\/www.weanhean.at\/content\/ernst_kovacic_c_pia_klawatsch\/\"><img loading=\"lazy\" decoding=\"async\" data-attachment-id=\"3823\" data-orig-file=\"https:\/\/www.weanhean.at\/content\/wp-content\/uploads\/2026\/02\/Ernst_Kovacic_c_Pia_Klawatsch-scaled.jpg\" data-orig-size=\"2560,1920\" data-comments-opened=\"0\" data-image-meta=\"{&quot;aperture&quot;:&quot;5.6&quot;,&quot;credit&quot;:&quot;&quot;,&quot;camera&quot;:&quot;COOLPIX B700&quot;,&quot;caption&quot;:&quot;&quot;,&quot;created_timestamp&quot;:&quot;1503782090&quot;,&quot;copyright&quot;:&quot;&quot;,&quot;focal_length&quot;:&quot;98.5&quot;,&quot;iso&quot;:&quot;400&quot;,&quot;shutter_speed&quot;:&quot;0.01&quot;,&quot;title&quot;:&quot;&quot;,&quot;orientation&quot;:&quot;0&quot;}\" data-image-title=\"Ernst_Kovacic_c_Pia_Klawatsch\" data-image-description=\"\" data-medium-file=\"https:\/\/www.weanhean.at\/content\/wp-content\/uploads\/2026\/02\/Ernst_Kovacic_c_Pia_Klawatsch-300x225.jpg\" data-large-file=\"https:\/\/www.weanhean.at\/content\/wp-content\/uploads\/2026\/02\/Ernst_Kovacic_c_Pia_Klawatsch-1024x768.jpg\" src=\"https:\/\/www.weanhean.at\/content\/wp-content\/uploads\/2026\/02\/Ernst_Kovacic_c_Pia_Klawatsch-scaled.jpg\" width=\"311\" height=\"233\" align=\"left\" title=\"Ernst_Kovacic_c_Pia_Klawatsch\" \/><\/a><\/div><div class=\"tiled-gallery-item tiled-gallery-item-full\"><a href=\"https:\/\/www.weanhean.at\/content\/herbert_zotti_2025_c_matthaeus_anton_schmid-2\/\"><img loading=\"lazy\" decoding=\"async\" data-attachment-id=\"3895\" data-orig-file=\"https:\/\/www.weanhean.at\/content\/wp-content\/uploads\/2026\/02\/Herbert_Zotti_2025_c_Matthaeus_Anton_Schmid-1.jpg\" data-orig-size=\"800,533\" data-comments-opened=\"0\" data-image-meta=\"{&quot;aperture&quot;:&quot;0&quot;,&quot;credit&quot;:&quot;&quot;,&quot;camera&quot;:&quot;&quot;,&quot;caption&quot;:&quot;&quot;,&quot;created_timestamp&quot;:&quot;0&quot;,&quot;copyright&quot;:&quot;MATTHAEUS ANTON SCHMID&quot;,&quot;focal_length&quot;:&quot;0&quot;,&quot;iso&quot;:&quot;0&quot;,&quot;shutter_speed&quot;:&quot;0&quot;,&quot;title&quot;:&quot;&quot;,&quot;orientation&quot;:&quot;0&quot;}\" data-image-title=\"Herbert_Zotti_2025_c_Matthaeus_Anton_Schmid\" data-image-description=\"\" data-medium-file=\"https:\/\/www.weanhean.at\/content\/wp-content\/uploads\/2026\/02\/Herbert_Zotti_2025_c_Matthaeus_Anton_Schmid-1-300x200.jpg\" data-large-file=\"https:\/\/www.weanhean.at\/content\/wp-content\/uploads\/2026\/02\/Herbert_Zotti_2025_c_Matthaeus_Anton_Schmid-1.jpg\" src=\"https:\/\/www.weanhean.at\/content\/wp-content\/uploads\/2026\/02\/Herbert_Zotti_2025_c_Matthaeus_Anton_Schmid-1.jpg\" width=\"311\" height=\"207\" align=\"left\" title=\"Herbert_Zotti_2025_c_Matthaeus_Anton_Schmid\" \/><\/a><\/div><\/div><\/div><div class=\"gallery-row\" style=\"width: 985px; height: 1472px;\"><div class=\"gallery-group images-1\" style=\"width: 985px; height: 1476px;\"><div class=\"tiled-gallery-item tiled-gallery-item-full\"><a href=\"https:\/\/www.weanhean.at\/content\/oliver_maar_c_herbert_zotti\/\"><img loading=\"lazy\" decoding=\"async\" data-attachment-id=\"4192\" data-orig-file=\"https:\/\/www.weanhean.at\/content\/wp-content\/uploads\/2026\/03\/Oliver_Maar_c_Herbert_Zotti.jpg\" data-orig-size=\"1280,1920\" data-comments-opened=\"0\" data-image-meta=\"{&quot;aperture&quot;:&quot;5.6&quot;,&quot;credit&quot;:&quot;&quot;,&quot;camera&quot;:&quot;NIKON D5&quot;,&quot;caption&quot;:&quot;&quot;,&quot;created_timestamp&quot;:&quot;1628448054&quot;,&quot;copyright&quot;:&quot;&quot;,&quot;focal_length&quot;:&quot;110&quot;,&quot;iso&quot;:&quot;400&quot;,&quot;shutter_speed&quot;:&quot;0.0025&quot;,&quot;title&quot;:&quot;&quot;,&quot;orientation&quot;:&quot;1&quot;}\" data-image-title=\"Oliver_Maar_c_Herbert_Zotti\" data-image-description=\"\" data-medium-file=\"https:\/\/www.weanhean.at\/content\/wp-content\/uploads\/2026\/03\/Oliver_Maar_c_Herbert_Zotti-200x300.jpg\" data-large-file=\"https:\/\/www.weanhean.at\/content\/wp-content\/uploads\/2026\/03\/Oliver_Maar_c_Herbert_Zotti-683x1024.jpg\" src=\"https:\/\/www.weanhean.at\/content\/wp-content\/uploads\/2026\/03\/Oliver_Maar_c_Herbert_Zotti.jpg\" width=\"981\" height=\"1472\" align=\"left\" title=\"Oliver_Maar_c_Herbert_Zotti\" \/><\/a><\/div><\/div><\/div><\/div>\n\n\n<p><\/p>\n","protected":false},"excerpt":{"rendered":"<p>FESTIVALER\u00d6FFNUNG: OWA JETZT! Der Festivalauftakt verschl\u00e4gt uns wieder aufs Otto Wagner Areal (OWA), wo sich wean hean bereits 2024 ganz wunderbar er\u00f6ffnen lie\u00df. Diesmal wird es noch festlicher, denn das<a href=\"https:\/\/www.weanhean.at\/content\/dienstag-21-april-2026\/\" class=\"more-link\"><span class=\"readmore\">Continue reading<span class=\"screen-reader-text\">DIENSTAG, 21. APRIL 2026<\/span><\/span><\/a><\/p>\n","protected":false},"author":1,"featured_media":0,"parent":0,"menu_order":0,"comment_status":"closed","ping_status":"closed","template":"","meta":{"footnotes":""},"class_list":["post-3789","page","type-page","status-publish","hentry"],"_links":{"self":[{"href":"https:\/\/www.weanhean.at\/content\/wp-json\/wp\/v2\/pages\/3789","targetHints":{"allow":["GET"]}}],"collection":[{"href":"https:\/\/www.weanhean.at\/content\/wp-json\/wp\/v2\/pages"}],"about":[{"href":"https:\/\/www.weanhean.at\/content\/wp-json\/wp\/v2\/types\/page"}],"author":[{"embeddable":true,"href":"https:\/\/www.weanhean.at\/content\/wp-json\/wp\/v2\/users\/1"}],"replies":[{"embeddable":true,"href":"https:\/\/www.weanhean.at\/content\/wp-json\/wp\/v2\/comments?post=3789"}],"version-history":[{"count":22,"href":"https:\/\/www.weanhean.at\/content\/wp-json\/wp\/v2\/pages\/3789\/revisions"}],"predecessor-version":[{"id":4209,"href":"https:\/\/www.weanhean.at\/content\/wp-json\/wp\/v2\/pages\/3789\/revisions\/4209"}],"wp:attachment":[{"href":"https:\/\/www.weanhean.at\/content\/wp-json\/wp\/v2\/media?parent=3789"}],"curies":[{"name":"wp","href":"https:\/\/api.w.org\/{rel}","templated":true}]}}