{"id":3837,"date":"2026-02-10T14:02:23","date_gmt":"2026-02-10T13:02:23","guid":{"rendered":"https:\/\/www.weanhean.at\/content\/?page_id=3837"},"modified":"2026-03-31T13:26:56","modified_gmt":"2026-03-31T11:26:56","slug":"sonntag-26-april-2026","status":"publish","type":"page","link":"https:\/\/www.weanhean.at\/content\/sonntag-26-april-2026\/","title":{"rendered":"SONNTAG, 26. APRIL 2026"},"content":{"rendered":"\n<h2 class=\"wp-block-heading\">SAGEN AUS WIEN. EINE MATIN\u00c9E <\/h2>\n\n\n\n<p>Sagen klingen, f\u00fcr unsere modernen Ohren, wie obsoletes Vergangenheits-Zeugs. Vielleicht haben uns auch Heldensagen in der Jugend schon genervt. Gegen unsere Bat-, Super- und Spidermans sind diese gro\u00dfen historischen Gestalten ohnehin nur Armutschkerln.<\/p>\n\n\n\n<p>Die Wiener Sagenhelden sind bescheidener. Oft nur durch \u00e4u\u00dfere Umst\u00e4nde, wie Verf\u00fchrung durch den Teufel, in besondere Rollen gedr\u00e4ngt. Wenn sie von Michael K\u00f6hlmeier vorgestellt werden, verschwindet die zeitliche Distanz zu diesen Erz\u00e4hlungen und sie wirken aktuell, selbst wenn der Erz\u00e4hler mit \u201evor vielen, vielen Jahren\u201c beginnt.<\/p>\n\n\n\n<p>Das neu gegr\u00fcndete <strong>wean hean<\/strong> Orchester, geleitet von Helmut T. Stippich, wird die Wiener Sagenwelt sensibel musikalisch einbetten. Das sollte man unbedingt sehen und h\u00f6ren!<\/p>\n\n\n\n<p><\/p>\n\n\n\n<blockquote class=\"wp-block-quote is-layout-flow wp-block-quote-is-layout-flow\">\n<p>MICHAEL K\u00d6HLMEIER<br>WEAN HEAN ORCHESTER (LEITUNG: HELMUT T. STIPPICH) <\/p>\n<\/blockquote>\n\n\n\n<h4 class=\"wp-block-heading\">Orchester-Besetzung<\/h4>\n\n\n\n<p class=\"has-text-align-left\"><strong>Violinen:<\/strong> Peter Uhler, Monika Uhler, Magdalena Schlatterbeck, Clemens Fabry, Juliane Pehm, Theresa Aranya Aigner, C\u00e4cilia Uhler, Michaela Lehner, Ignatius K\u00f6stler, Alexander Schachner, Yvo Otelli, Laurens Weinhold<br><strong>Cello:<\/strong> Hayato Graff , Karin Hopferwieser, Marielena Stippich<br><strong>Schrammelharmonika:<\/strong> Ingrid Eder, Angelika Hudler<br><strong>Fl\u00f6ten, Piccolo:<\/strong> Cordula B\u00f6sze, Bertha Semeleder<br><strong>Klarinette (hohe G\/Bb): <\/strong>David Stippich<br><strong>Horn:<\/strong> Samuel Kunz<br><strong>Zither: <\/strong>Astrid Hofmann<br><strong>Kontragitarre: <\/strong>Maria Stippich<br><strong>Kontrabass: <\/strong>Werner Fleischmann<br><strong>Trompeten:<\/strong> Markus Pechmann, Andrea Marino, Joy Rodler-Bork<br><strong>Schlagwerk:<\/strong> Gabriel Falger<br><strong>Tuba:<\/strong> Severin Pacher<br><strong>Dirigent: <\/strong>Helmut T. Stippich<\/p>\n\n\n\n<p>Eine Veranstaltung in Kooperation mit der <strong><a href=\"https:\/\/wien.arbeiterkammer.at\/index.html\">Arbeiterkammer Wien<\/a><\/strong>.<\/p>\n\n\n\n<p><\/p>\n\n\n\n<div class=\"wp-block-buttons is-layout-flex wp-block-buttons-is-layout-flex\">\n<div class=\"wp-block-button\"><a class=\"wp-block-button__link wp-element-button\" href=\"https:\/\/shop.akzent.at\/SelectSeats?ret=2&amp;e=8409\" target=\"_blank\" rel=\"noreferrer noopener\">TICKETS<\/a><\/div>\n<\/div>\n\n\n\n<p><\/p>\n\n\n\n<p>\u20ac 30 \/ 26 \/ 22 \/ 18<\/p>\n\n\n\n<p>Karten <strong>ausschlie\u00dflich im Theater Akzent<\/strong> erh\u00e4ltlich: <a href=\"http:\/\/www.akzent.at\" data-type=\"link\" data-id=\"www.akzent.at\" target=\"_blank\" rel=\"noreferrer noopener\">www.akzent.at,<\/a> +43 1 501 65&nbsp;133 06<br>Erm\u00e4\u00dfigungen: AK-AktivKarte, Service-Karte AKN\u00d6, \u00d61 Club, G\u00d6D Karte<\/p>\n\n\n\n<h4 class=\"wp-block-heading\">Uhrzeit<\/h4>\n\n\n\n<p>Beginn 11:00 Uhr | Einlass 10:00 Uhr<\/p>\n\n\n\n<h4 class=\"wp-block-heading\">Theater Akzent<\/h4>\n\n\n\n<p>1040 Wien | Theresianumgasse 18 | U1 Taubstummengasse | 1 Mayerhofgasse | D Pl\u00f6\u00dflgasse | 13A Belvederegasse<\/p>\n\n\n\n<div class=\"wp-block-columns is-layout-flex wp-container-core-columns-is-layout-9d6595d7 wp-block-columns-is-layout-flex\">\n<div class=\"wp-block-column is-layout-flow wp-block-column-is-layout-flow\" style=\"flex-basis:100%\"><\/div>\n<\/div>\n\n\n<div data-carousel-extra='{\"blog_id\":1,\"permalink\":\"https:\\\/\\\/www.weanhean.at\\\/content\\\/sonntag-26-april-2026\\\/\"}' class=\"tiled-gallery type-rectangular\" data-original-width=\"990\"><div class=\"gallery-row\" style=\"width: 985px; height: 773px;\"><div class=\"gallery-group images-1\" style=\"width: 520px; height: 777px;\"><div class=\"tiled-gallery-item tiled-gallery-item-full\"><a href=\"https:\/\/www.weanhean.at\/content\/sonntag-26-april-2026\/michael_koehlmeier_c_peter_hassiepen\/\"><img loading=\"lazy\" decoding=\"async\" data-attachment-id=\"3841\" data-orig-file=\"https:\/\/www.weanhean.at\/content\/wp-content\/uploads\/2026\/02\/Michael_Koehlmeier_c_Peter_Hassiepen-scaled.jpg\" data-orig-size=\"1707,2560\" data-comments-opened=\"0\" data-image-meta=\"{&quot;aperture&quot;:&quot;0&quot;,&quot;credit&quot;:&quot;&quot;,&quot;camera&quot;:&quot;&quot;,&quot;caption&quot;:&quot;&quot;,&quot;created_timestamp&quot;:&quot;0&quot;,&quot;copyright&quot;:&quot;&quot;,&quot;focal_length&quot;:&quot;0&quot;,&quot;iso&quot;:&quot;0&quot;,&quot;shutter_speed&quot;:&quot;0&quot;,&quot;title&quot;:&quot;&quot;,&quot;orientation&quot;:&quot;0&quot;}\" data-image-title=\"Michael_K\u00f6hlmeier_c_Peter_Hassiepen\" data-image-description=\"\" data-medium-file=\"https:\/\/www.weanhean.at\/content\/wp-content\/uploads\/2026\/02\/Michael_Koehlmeier_c_Peter_Hassiepen-200x300.jpg\" data-large-file=\"https:\/\/www.weanhean.at\/content\/wp-content\/uploads\/2026\/02\/Michael_Koehlmeier_c_Peter_Hassiepen-683x1024.jpg\" src=\"https:\/\/www.weanhean.at\/content\/wp-content\/uploads\/2026\/02\/Michael_Koehlmeier_c_Peter_Hassiepen-scaled.jpg\" width=\"516\" height=\"773\" align=\"left\" title=\"Michael_K\u00f6hlmeier_c_Peter_Hassiepen\" \/><\/a><\/div><\/div><div class=\"gallery-group images-2\" style=\"width: 465px; height: 777px;\"><div class=\"tiled-gallery-item tiled-gallery-item-full\"><a href=\"https:\/\/www.weanhean.at\/content\/sonntag-26-april-2026\/helmut_t_stippich_c_stephan_mussil\/\"><img loading=\"lazy\" decoding=\"async\" data-attachment-id=\"3840\" data-orig-file=\"https:\/\/www.weanhean.at\/content\/wp-content\/uploads\/2026\/02\/Helmut_T_Stippich_c_Stephan_Mussil.jpg\" data-orig-size=\"2200,1469\" data-comments-opened=\"0\" data-image-meta=\"{&quot;aperture&quot;:&quot;0&quot;,&quot;credit&quot;:&quot;Stephan Mussil&quot;,&quot;camera&quot;:&quot;&quot;,&quot;caption&quot;:&quot;&quot;,&quot;created_timestamp&quot;:&quot;1709281254&quot;,&quot;copyright&quot;:&quot;(c)2020 www.mussil.eu&quot;,&quot;focal_length&quot;:&quot;0&quot;,&quot;iso&quot;:&quot;0&quot;,&quot;shutter_speed&quot;:&quot;0&quot;,&quot;title&quot;:&quot;&quot;,&quot;orientation&quot;:&quot;1&quot;}\" data-image-title=\"Helmut_T_Stippich_c_Stephan_Mussil\" data-image-description=\"\" data-medium-file=\"https:\/\/www.weanhean.at\/content\/wp-content\/uploads\/2026\/02\/Helmut_T_Stippich_c_Stephan_Mussil-300x200.jpg\" data-large-file=\"https:\/\/www.weanhean.at\/content\/wp-content\/uploads\/2026\/02\/Helmut_T_Stippich_c_Stephan_Mussil-1024x684.jpg\" src=\"https:\/\/www.weanhean.at\/content\/wp-content\/uploads\/2026\/02\/Helmut_T_Stippich_c_Stephan_Mussil.jpg\" width=\"461\" height=\"308\" align=\"left\" title=\"Helmut_T_Stippich_c_Stephan_Mussil\" \/><\/a><\/div><div class=\"tiled-gallery-item tiled-gallery-item-full\"><a href=\"https:\/\/www.weanhean.at\/content\/sonntag-26-april-2026\/sujet_sagen_basiliskenhaus_c_herbert_zotti\/\"><img loading=\"lazy\" decoding=\"async\" data-attachment-id=\"3888\" data-orig-file=\"https:\/\/www.weanhean.at\/content\/wp-content\/uploads\/2026\/02\/Sujet_Sagen_Basiliskenhaus_c_Herbert_Zotti.jpg\" data-orig-size=\"1920,1920\" data-comments-opened=\"0\" data-image-meta=\"{&quot;aperture&quot;:&quot;8&quot;,&quot;credit&quot;:&quot;Artist H.Zotti&quot;,&quot;camera&quot;:&quot;LEICA SL (Typ 601)&quot;,&quot;caption&quot;:&quot;&quot;,&quot;created_timestamp&quot;:&quot;1749480376&quot;,&quot;copyright&quot;:&quot;Info&quot;,&quot;focal_length&quot;:&quot;89&quot;,&quot;iso&quot;:&quot;200&quot;,&quot;shutter_speed&quot;:&quot;0.004&quot;,&quot;title&quot;:&quot;&quot;,&quot;orientation&quot;:&quot;0&quot;}\" data-image-title=\"Sujet_Sagen_Basiliskenhaus_c_Herbert_Zotti\" data-image-description=\"\" data-medium-file=\"https:\/\/www.weanhean.at\/content\/wp-content\/uploads\/2026\/02\/Sujet_Sagen_Basiliskenhaus_c_Herbert_Zotti-300x300.jpg\" data-large-file=\"https:\/\/www.weanhean.at\/content\/wp-content\/uploads\/2026\/02\/Sujet_Sagen_Basiliskenhaus_c_Herbert_Zotti-1024x1024.jpg\" src=\"https:\/\/www.weanhean.at\/content\/wp-content\/uploads\/2026\/02\/Sujet_Sagen_Basiliskenhaus_c_Herbert_Zotti.jpg\" width=\"461\" height=\"461\" align=\"left\" title=\"Sujet_Sagen_Basiliskenhaus_c_Herbert_Zotti\" \/><\/a><\/div><\/div><\/div><\/div>","protected":false},"excerpt":{"rendered":"<p>SAGEN AUS WIEN. EINE MATIN\u00c9E Sagen klingen, f\u00fcr unsere modernen Ohren, wie obsoletes Vergangenheits-Zeugs. Vielleicht haben uns auch Heldensagen in der Jugend schon genervt. Gegen unsere Bat-, Super- und Spidermans<a href=\"https:\/\/www.weanhean.at\/content\/sonntag-26-april-2026\/\" class=\"more-link\"><span class=\"readmore\">Continue reading<span class=\"screen-reader-text\">SONNTAG, 26. APRIL 2026<\/span><\/span><\/a><\/p>\n","protected":false},"author":1,"featured_media":0,"parent":0,"menu_order":0,"comment_status":"closed","ping_status":"closed","template":"","meta":{"footnotes":""},"class_list":["post-3837","page","type-page","status-publish","hentry"],"_links":{"self":[{"href":"https:\/\/www.weanhean.at\/content\/wp-json\/wp\/v2\/pages\/3837","targetHints":{"allow":["GET"]}}],"collection":[{"href":"https:\/\/www.weanhean.at\/content\/wp-json\/wp\/v2\/pages"}],"about":[{"href":"https:\/\/www.weanhean.at\/content\/wp-json\/wp\/v2\/types\/page"}],"author":[{"embeddable":true,"href":"https:\/\/www.weanhean.at\/content\/wp-json\/wp\/v2\/users\/1"}],"replies":[{"embeddable":true,"href":"https:\/\/www.weanhean.at\/content\/wp-json\/wp\/v2\/comments?post=3837"}],"version-history":[{"count":18,"href":"https:\/\/www.weanhean.at\/content\/wp-json\/wp\/v2\/pages\/3837\/revisions"}],"predecessor-version":[{"id":4220,"href":"https:\/\/www.weanhean.at\/content\/wp-json\/wp\/v2\/pages\/3837\/revisions\/4220"}],"wp:attachment":[{"href":"https:\/\/www.weanhean.at\/content\/wp-json\/wp\/v2\/media?parent=3837"}],"curies":[{"name":"wp","href":"https:\/\/api.w.org\/{rel}","templated":true}]}}