{"id":3901,"date":"2026-02-10T15:22:13","date_gmt":"2026-02-10T14:22:13","guid":{"rendered":"https:\/\/www.weanhean.at\/content\/?page_id=3901"},"modified":"2026-03-31T09:25:54","modified_gmt":"2026-03-31T07:25:54","slug":"donnerstag-30-april-2026","status":"publish","type":"page","link":"https:\/\/www.weanhean.at\/content\/donnerstag-30-april-2026\/","title":{"rendered":"DONNERSTAG, 30. APRIL 2026"},"content":{"rendered":"\n<h2 class=\"wp-block-heading\">EXTRA HUNGARIAM NON EST VITA<br>MULATSCHAG (KLEINES) \u00dcBER LANGE, GEMEINSAME GESCHICHTE<\/h2>\n\n\n\n<p>Ungarn lebt im Bewusstsein der \u00d6sterreicher*innen haupts\u00e4chlich in Klischees: Paprika, Cs\u00e1rd\u00e1s, Operette, Balaton und Gulasch. Die etwa 400-j\u00e4hrige Schicksalsgemeinschaft des Habsburgerreiches mit Ungarn, die mit der Schlacht von Moh\u00e1cs&nbsp;vor 500 Jahren begann, ist hingegen gro\u00dfteils vergessen.<\/p>\n\n\n\n<p>Nat\u00fcrlich werden wir an diesem Abend auch Klischees bem\u00fchen. Etwa mit einem kleinen Cs\u00e1rd\u00e1s-Tanzkurs und mit ein paar Operetten-Publikumsliedern. Dazu kommen aber historischer Hintergrund und Texte von und \u00fcber Ungarn. Keine Angst! Es wird nicht zu ernst oder melancholisch. Monarchistisch auch nicht. Interessant allemal, wie eben h\u00e4ufig bei Nachbarschaftstratsch.<\/p>\n\n\n\n<blockquote class=\"wp-block-quote is-layout-flow wp-block-quote-is-layout-flow\">\n<p>MERA BANDA &amp; HERMANN HAERTEL JUN. <br><a href=\"http:\/\/www.robertkolar.com\/\" target=\"_blank\" rel=\"noreferrer noopener\">ROBERT KOLAR<\/a><br><a href=\"https:\/\/otmarbinder.com\/\" data-type=\"link\" data-id=\"https:\/\/otmarbinder.com\/\" target=\"_blank\" rel=\"noreferrer noopener\">OTMAR BINDER<\/a> <br>BENCE H\u00c9JJAS &amp; VIR\u00c1G ORB\u00c1N (CS\u00c1RD\u00c1S-TANZKURS) <br>DR.<sup>IN<\/sup> KRISZTINA ARANY <br>IDEE, KONZEPT &amp; RECHERCHE: HERBERT ZOTTI<\/p>\n<\/blockquote>\n\n\n\n<p><\/p>\n\n\n\n<div class=\"wp-block-buttons is-layout-flex wp-block-buttons-is-layout-flex\">\n<div class=\"wp-block-button\"><a class=\"wp-block-button__link wp-element-button\" href=\"https:\/\/wienervolksliedwerk.reservix.at\/tickets-wean-hean-2026-extra-hungariam-non-est-vita-in-wien-collegium-hungaricum-am-30-4-2026\/e2528778\" target=\"_blank\" rel=\"noreferrer noopener\">TICKETS<\/a><\/div>\n<\/div>\n\n\n\n<p><\/p>\n\n\n\n<p><strong>Vorverkaufskarten<\/strong> <strong>(Tanzkurs &amp; Konzert)<\/strong>:<br>\u20ac 25,- \/ 22,- (wvlw- und \u00d61-Club Mitglieder) \/ 20,- (Sch\u00fcler*innen und Studierende, \u00d61 Intro Mitglieder)<br><\/p>\n\n\n\n<p><strong>Karten an der Abendkassa (Tanzkurs &amp; Konzert)<\/strong>:<br>\u20ac 30,- \/ 26,- (wvlw- und \u00d61-Club Mitglieder) \/ 23,- (Sch\u00fcler*innen und Studierende, \u00d61 Intro Mitglieder)<br><\/p>\n\n\n\n<p><strong><strong>Informationen zum Kartenverkauf<\/strong><\/strong>\u00a0unter karten@weanhean.at | +43 1 416 23 66<\/p>\n\n\n\n<h4 class=\"wp-block-heading\">Uhrzeit<\/h4>\n\n\n\n<p>Beginn 18:00 Uhr | Einlass 17:30 Uhr<\/p>\n\n\n\n<h4 class=\"wp-block-heading\">COLLEGIUM HUNGARICUM <\/h4>\n\n\n\n<p>1020 Wien | Hollandstra\u00dfe 4 | U1 \/ U4 Schwedenplatz | U2 \/ U4 Schottenring | 1 \/ 2 \/ 2A Salztorbr\u00fccke<\/p>\n\n\n<div data-carousel-extra='{\"blog_id\":1,\"permalink\":\"https:\\\/\\\/www.weanhean.at\\\/content\\\/donnerstag-30-april-2026\\\/\"}' class=\"tiled-gallery type-rectangular\" data-original-width=\"990\"><div class=\"gallery-row\" style=\"width: 985px; height: 807px;\"><div class=\"gallery-group images-1\" style=\"width: 638px; height: 811px;\"><div class=\"tiled-gallery-item tiled-gallery-item-full\"><a href=\"https:\/\/www.weanhean.at\/content\/hermann_haertel_jun_c_herbert_zotti\/\"><img loading=\"lazy\" decoding=\"async\" data-attachment-id=\"3847\" data-orig-file=\"https:\/\/www.weanhean.at\/content\/wp-content\/uploads\/2026\/02\/Hermann_Haertel_jun_c_Herbert_Zotti-scaled.jpg\" data-orig-size=\"2013,2560\" data-comments-opened=\"0\" data-image-meta=\"{&quot;aperture&quot;:&quot;5.6&quot;,&quot;credit&quot;:&quot;H.Zotti&quot;,&quot;camera&quot;:&quot;NIKON D5&quot;,&quot;caption&quot;:&quot;&quot;,&quot;created_timestamp&quot;:&quot;1665516922&quot;,&quot;copyright&quot;:&quot;&quot;,&quot;focal_length&quot;:&quot;290&quot;,&quot;iso&quot;:&quot;3200&quot;,&quot;shutter_speed&quot;:&quot;0.005&quot;,&quot;title&quot;:&quot;&quot;,&quot;orientation&quot;:&quot;1&quot;}\" data-image-title=\"Hermann_Haertel_jun_c_Herbert_Zotti\" data-image-description=\"\" data-medium-file=\"https:\/\/www.weanhean.at\/content\/wp-content\/uploads\/2026\/02\/Hermann_Haertel_jun_c_Herbert_Zotti-236x300.jpg\" data-large-file=\"https:\/\/www.weanhean.at\/content\/wp-content\/uploads\/2026\/02\/Hermann_Haertel_jun_c_Herbert_Zotti-805x1024.jpg\" src=\"https:\/\/www.weanhean.at\/content\/wp-content\/uploads\/2026\/02\/Hermann_Haertel_jun_c_Herbert_Zotti-scaled.jpg\" width=\"634\" height=\"807\" align=\"left\" title=\"Hermann_Haertel_jun_c_Herbert_Zotti\" \/><\/a><\/div><\/div><div class=\"gallery-group images-3\" style=\"width: 347px; height: 811px;\"><div class=\"tiled-gallery-item tiled-gallery-item-full\"><a href=\"https:\/\/www.weanhean.at\/content\/otmar-binder\/\"><img loading=\"lazy\" decoding=\"async\" data-attachment-id=\"3849\" data-orig-file=\"https:\/\/www.weanhean.at\/content\/wp-content\/uploads\/2026\/02\/Otmar_Binder_c_Christoph_A._Hellhake-scaled.jpg\" data-orig-size=\"2560,1703\" data-comments-opened=\"0\" data-image-meta=\"{&quot;aperture&quot;:&quot;2.8&quot;,&quot;credit&quot;:&quot;C.A.HELLHAKE      DIETRAMSZELL 2&quot;,&quot;camera&quot;:&quot;NIKON D700&quot;,&quot;caption&quot;:&quot;Otmar Binder&quot;,&quot;created_timestamp&quot;:&quot;1321806679&quot;,&quot;copyright&quot;:&quot;\\u00a92012_C.A.Hellhake_www.bilderlesung.de&quot;,&quot;focal_length&quot;:&quot;70&quot;,&quot;iso&quot;:&quot;2000&quot;,&quot;shutter_speed&quot;:&quot;0.0015625&quot;,&quot;title&quot;:&quot;Otmar Binder&quot;,&quot;orientation&quot;:&quot;1&quot;}\" data-image-title=\"\" data-image-description=\"\" data-medium-file=\"https:\/\/www.weanhean.at\/content\/wp-content\/uploads\/2026\/02\/Otmar_Binder_c_Christoph_A._Hellhake-300x200.jpg\" data-large-file=\"https:\/\/www.weanhean.at\/content\/wp-content\/uploads\/2026\/02\/Otmar_Binder_c_Christoph_A._Hellhake-1024x681.jpg\" src=\"https:\/\/www.weanhean.at\/content\/wp-content\/uploads\/2026\/02\/Otmar_Binder_c_Christoph_A._Hellhake-scaled.jpg\" width=\"343\" height=\"228\" align=\"left\" title=\"\" \/><\/a><\/div><div class=\"tiled-gallery-item tiled-gallery-item-full\"><a href=\"https:\/\/www.weanhean.at\/content\/sujet_extra_hungariam_tabula_hungariae_gemeinfrei\/\"><img loading=\"lazy\" decoding=\"async\" data-attachment-id=\"3892\" data-orig-file=\"https:\/\/www.weanhean.at\/content\/wp-content\/uploads\/2026\/02\/Sujet_Extra_Hungariam_tabula_hungariae_gemeinfrei-scaled.jpg\" data-orig-size=\"2560,2560\" data-comments-opened=\"0\" data-image-meta=\"{&quot;aperture&quot;:&quot;0&quot;,&quot;credit&quot;:&quot;&quot;,&quot;camera&quot;:&quot;&quot;,&quot;caption&quot;:&quot;&quot;,&quot;created_timestamp&quot;:&quot;0&quot;,&quot;copyright&quot;:&quot;&quot;,&quot;focal_length&quot;:&quot;0&quot;,&quot;iso&quot;:&quot;0&quot;,&quot;shutter_speed&quot;:&quot;0&quot;,&quot;title&quot;:&quot;&quot;,&quot;orientation&quot;:&quot;1&quot;}\" data-image-title=\"Sujet_Extra_Hungariam_tabula_hungariae_gemeinfrei\" data-image-description=\"\" data-medium-file=\"https:\/\/www.weanhean.at\/content\/wp-content\/uploads\/2026\/02\/Sujet_Extra_Hungariam_tabula_hungariae_gemeinfrei-300x300.jpg\" data-large-file=\"https:\/\/www.weanhean.at\/content\/wp-content\/uploads\/2026\/02\/Sujet_Extra_Hungariam_tabula_hungariae_gemeinfrei-1024x1024.jpg\" src=\"https:\/\/www.weanhean.at\/content\/wp-content\/uploads\/2026\/02\/Sujet_Extra_Hungariam_tabula_hungariae_gemeinfrei-scaled.jpg\" width=\"343\" height=\"343\" align=\"left\" title=\"Sujet_Extra_Hungariam_tabula_hungariae_gemeinfrei\" \/><\/a><\/div><div class=\"tiled-gallery-item tiled-gallery-item-full\"><a href=\"https:\/\/www.weanhean.at\/content\/herbert_zotti_2025_c_matthaeus_anton_schmid\/\"><img loading=\"lazy\" decoding=\"async\" data-attachment-id=\"3893\" data-orig-file=\"https:\/\/www.weanhean.at\/content\/wp-content\/uploads\/2026\/02\/Herbert_Zotti_2025_c_Matthaeus_Anton_Schmid.jpg\" data-orig-size=\"800,533\" data-comments-opened=\"0\" data-image-meta=\"{&quot;aperture&quot;:&quot;0&quot;,&quot;credit&quot;:&quot;&quot;,&quot;camera&quot;:&quot;&quot;,&quot;caption&quot;:&quot;&quot;,&quot;created_timestamp&quot;:&quot;0&quot;,&quot;copyright&quot;:&quot;MATTHAEUS ANTON SCHMID&quot;,&quot;focal_length&quot;:&quot;0&quot;,&quot;iso&quot;:&quot;0&quot;,&quot;shutter_speed&quot;:&quot;0&quot;,&quot;title&quot;:&quot;&quot;,&quot;orientation&quot;:&quot;0&quot;}\" data-image-title=\"Herbert_Zotti_2025_c_Matthaeus_Anton_Schmid\" data-image-description=\"\" data-medium-file=\"https:\/\/www.weanhean.at\/content\/wp-content\/uploads\/2026\/02\/Herbert_Zotti_2025_c_Matthaeus_Anton_Schmid-300x200.jpg\" data-large-file=\"https:\/\/www.weanhean.at\/content\/wp-content\/uploads\/2026\/02\/Herbert_Zotti_2025_c_Matthaeus_Anton_Schmid.jpg\" src=\"https:\/\/www.weanhean.at\/content\/wp-content\/uploads\/2026\/02\/Herbert_Zotti_2025_c_Matthaeus_Anton_Schmid.jpg\" width=\"343\" height=\"228\" align=\"left\" title=\"Herbert_Zotti_2025_c_Matthaeus_Anton_Schmid\" \/><\/a><\/div><\/div><\/div><div class=\"gallery-row\" style=\"width: 985px; height: 736px;\"><div class=\"gallery-group images-1\" style=\"width: 985px; height: 740px;\"><div class=\"tiled-gallery-item tiled-gallery-item-full\"><a href=\"https:\/\/www.weanhean.at\/content\/mera_banda_c_privat\/\"><img loading=\"lazy\" decoding=\"async\" data-attachment-id=\"3848\" data-orig-file=\"https:\/\/www.weanhean.at\/content\/wp-content\/uploads\/2026\/02\/Mera_Banda_c_privat.jpg\" data-orig-size=\"1024,768\" data-comments-opened=\"0\" data-image-meta=\"{&quot;aperture&quot;:&quot;0&quot;,&quot;credit&quot;:&quot;Picasa&quot;,&quot;camera&quot;:&quot;&quot;,&quot;caption&quot;:&quot;&quot;,&quot;created_timestamp&quot;:&quot;1726217086&quot;,&quot;copyright&quot;:&quot;&quot;,&quot;focal_length&quot;:&quot;0&quot;,&quot;iso&quot;:&quot;0&quot;,&quot;shutter_speed&quot;:&quot;0&quot;,&quot;title&quot;:&quot;&quot;,&quot;orientation&quot;:&quot;0&quot;}\" data-image-title=\"Mera_Banda_c_privat\" data-image-description=\"\" data-medium-file=\"https:\/\/www.weanhean.at\/content\/wp-content\/uploads\/2026\/02\/Mera_Banda_c_privat-300x225.jpg\" data-large-file=\"https:\/\/www.weanhean.at\/content\/wp-content\/uploads\/2026\/02\/Mera_Banda_c_privat.jpg\" src=\"https:\/\/www.weanhean.at\/content\/wp-content\/uploads\/2026\/02\/Mera_Banda_c_privat.jpg\" width=\"981\" height=\"736\" align=\"left\" title=\"Mera_Banda_c_privat\" \/><\/a><\/div><\/div><\/div><\/div>","protected":false},"excerpt":{"rendered":"<p>EXTRA HUNGARIAM NON EST VITAMULATSCHAG (KLEINES) \u00dcBER LANGE, GEMEINSAME GESCHICHTE Ungarn lebt im Bewusstsein der \u00d6sterreicher*innen haupts\u00e4chlich in Klischees: Paprika, Cs\u00e1rd\u00e1s, Operette, Balaton und Gulasch. Die etwa 400-j\u00e4hrige Schicksalsgemeinschaft des<a href=\"https:\/\/www.weanhean.at\/content\/donnerstag-30-april-2026\/\" class=\"more-link\"><span class=\"readmore\">Continue reading<span class=\"screen-reader-text\">DONNERSTAG, 30. APRIL 2026<\/span><\/span><\/a><\/p>\n","protected":false},"author":1,"featured_media":0,"parent":0,"menu_order":0,"comment_status":"closed","ping_status":"closed","template":"","meta":{"footnotes":""},"class_list":["post-3901","page","type-page","status-publish","hentry"],"_links":{"self":[{"href":"https:\/\/www.weanhean.at\/content\/wp-json\/wp\/v2\/pages\/3901","targetHints":{"allow":["GET"]}}],"collection":[{"href":"https:\/\/www.weanhean.at\/content\/wp-json\/wp\/v2\/pages"}],"about":[{"href":"https:\/\/www.weanhean.at\/content\/wp-json\/wp\/v2\/types\/page"}],"author":[{"embeddable":true,"href":"https:\/\/www.weanhean.at\/content\/wp-json\/wp\/v2\/users\/1"}],"replies":[{"embeddable":true,"href":"https:\/\/www.weanhean.at\/content\/wp-json\/wp\/v2\/comments?post=3901"}],"version-history":[{"count":18,"href":"https:\/\/www.weanhean.at\/content\/wp-json\/wp\/v2\/pages\/3901\/revisions"}],"predecessor-version":[{"id":4211,"href":"https:\/\/www.weanhean.at\/content\/wp-json\/wp\/v2\/pages\/3901\/revisions\/4211"}],"wp:attachment":[{"href":"https:\/\/www.weanhean.at\/content\/wp-json\/wp\/v2\/media?parent=3901"}],"curies":[{"name":"wp","href":"https:\/\/api.w.org\/{rel}","templated":true}]}}