{"id":3905,"date":"2026-02-11T13:23:30","date_gmt":"2026-02-11T12:23:30","guid":{"rendered":"https:\/\/www.weanhean.at\/content\/?page_id=3905"},"modified":"2026-03-31T09:27:13","modified_gmt":"2026-03-31T07:27:13","slug":"samstag-2-mai-2026","status":"publish","type":"page","link":"https:\/\/www.weanhean.at\/content\/samstag-2-mai-2026\/","title":{"rendered":"SAMSTAG, 2. MAI 2026"},"content":{"rendered":"\n<h2 class=\"wp-block-heading\">ZWISCHENPROST. EIN WEAN HEAN STAMMTISCH <\/h2>\n\n\n\n<p>Schon zu Kaiserzeiten trafen sich die Menschen zum Essen und Trinken, zum Feiern und Singen \u2013 beim Heurigen. Und wenn dieser auch noch, im Herzen von Alt-Ottakring liegend, in sechster Generation betrieben wird, steht einem z\u00fcnftigen Stammtisch wohl nichts mehr im Wege!<\/p>\n\n\n\n<p>Zumal zur Feier des Tages \u2013 und des Lebens \u2013 gleich zwei Partien aufspielen werden: Tesak &amp; Blazek sorgen f\u00fcr humorvolle Unterhaltung in bester Wienerlied-Tradition, Knopf &amp; Streich erfreuen die G\u00e4ste mit alpenl\u00e4ndischer Volksmusik, burgenlandkroatischen Liedern, Jodlern und viel guter Laune.&nbsp;<\/p>\n\n\n\n<blockquote class=\"wp-block-quote is-layout-flow wp-block-quote-is-layout-flow\">\n<p>TESAK &amp; BLAZEK <br>KNOPF &amp; STREICH<\/p>\n<\/blockquote>\n\n\n\n<p><\/p>\n\n\n\n<div class=\"wp-block-buttons is-layout-flex wp-block-buttons-is-layout-flex\">\n<div class=\"wp-block-button\"><a class=\"wp-block-button__link wp-element-button\" href=\"https:\/\/wienervolksliedwerk.reservix.at\/tickets-wean-hean-2026-zwischenprost-in-wien-heuriger-stippert-am-2-5-2026\/e2528784\" target=\"_blank\" rel=\"noreferrer noopener\">TICKETS<\/a><\/div>\n<\/div>\n\n\n\n<p><\/p>\n\n\n\n<p><strong>Vorverkaufskarten:<\/strong><br>\u20ac 16,- \/ 13,- (wvlw- und \u00d61-Club Mitglieder) \/ 12,- (Sch\u00fcler*innen und Studierende, \u00d61 Intro Mitglieder)<\/p>\n\n\n\n<p><strong>Karten an der Abendkassa:<\/strong><br>\u20ac 18,- \/ 15,- (wvlw- und \u00d61-Club Mitglieder) \/ 12,- (Sch\u00fcler*innen und Studierende, \u00d61 Intro Mitglieder)<\/p>\n\n\n\n<p><strong><strong>Informationen zum Kartenverkauf<\/strong><\/strong>\u00a0unter karten@weanhean.at | +43 1 416 23 66<\/p>\n\n\n\n<h4 class=\"wp-block-heading\">Uhrzeit<\/h4>\n\n\n\n<p>Beginn 19:00 Uhr | Einlass 18:00 Uhr<\/p>\n\n\n\n<h4 class=\"wp-block-heading\">Heuriger Stippert<\/h4>\n\n\n\n<p>1160 Wien | Ottakringer Stra\u00dfe 225 | U3 Ottakring | 2 Ottakringer Stra\u00dfe \/ Erdbrustgasse | 44 \/ 46 Maroltingergasse<\/p>\n\n\n\n<div class=\"wp-block-columns is-layout-flex wp-container-core-columns-is-layout-9d6595d7 wp-block-columns-is-layout-flex\">\n<div class=\"wp-block-column is-layout-flow wp-block-column-is-layout-flow\" style=\"flex-basis:100%\">\n<div data-carousel-extra='{\"blog_id\":1,\"permalink\":\"https:\\\/\\\/www.weanhean.at\\\/content\\\/samstag-2-mai-2026\\\/\"}' class=\"tiled-gallery type-rectangular\" data-original-width=\"990\"><div class=\"gallery-row\" style=\"width: 985px; height: 562px;\"><div class=\"gallery-group images-2\" style=\"width: 419px; height: 566px;\"><div class=\"tiled-gallery-item tiled-gallery-item-full\"><a href=\"https:\/\/www.weanhean.at\/content\/tesakblazek_c_nikolaus_strecha\/\"><img loading=\"lazy\" decoding=\"async\" data-attachment-id=\"3851\" data-orig-file=\"https:\/\/www.weanhean.at\/content\/wp-content\/uploads\/2026\/02\/TesakBlazek_c_Nikolaus_Strecha-scaled.png\" data-orig-size=\"2560,1525\" data-comments-opened=\"0\" data-image-meta=\"{&quot;aperture&quot;:&quot;0&quot;,&quot;credit&quot;:&quot;&quot;,&quot;camera&quot;:&quot;&quot;,&quot;caption&quot;:&quot;&quot;,&quot;created_timestamp&quot;:&quot;0&quot;,&quot;copyright&quot;:&quot;&quot;,&quot;focal_length&quot;:&quot;0&quot;,&quot;iso&quot;:&quot;0&quot;,&quot;shutter_speed&quot;:&quot;0&quot;,&quot;title&quot;:&quot;&quot;,&quot;orientation&quot;:&quot;0&quot;}\" data-image-title=\"Tesak&#038;Blazek_c_Nikolaus_Strecha\" data-image-description=\"\" data-medium-file=\"https:\/\/www.weanhean.at\/content\/wp-content\/uploads\/2026\/02\/TesakBlazek_c_Nikolaus_Strecha-300x179.png\" data-large-file=\"https:\/\/www.weanhean.at\/content\/wp-content\/uploads\/2026\/02\/TesakBlazek_c_Nikolaus_Strecha-1024x610.png\" src=\"https:\/\/www.weanhean.at\/content\/wp-content\/uploads\/2026\/02\/TesakBlazek_c_Nikolaus_Strecha-scaled.png\" width=\"415\" height=\"247\" align=\"left\" title=\"Tesak&amp;Blazek_c_Nikolaus_Strecha\" \/><\/a><\/div><div class=\"tiled-gallery-item tiled-gallery-item-full\"><a href=\"https:\/\/www.weanhean.at\/content\/olympus-digital-camera\/\"><img loading=\"lazy\" decoding=\"async\" data-attachment-id=\"3850\" data-orig-file=\"https:\/\/www.weanhean.at\/content\/wp-content\/uploads\/2026\/02\/KnopfStreich_c_Philipp_Zach-scaled.jpg\" data-orig-size=\"2560,1920\" data-comments-opened=\"0\" data-image-meta=\"{&quot;aperture&quot;:&quot;2.8&quot;,&quot;credit&quot;:&quot;&quot;,&quot;camera&quot;:&quot;E-M5MarkII&quot;,&quot;caption&quot;:&quot;OLYMPUS DIGITAL CAMERA&quot;,&quot;created_timestamp&quot;:&quot;0&quot;,&quot;copyright&quot;:&quot;&quot;,&quot;focal_length&quot;:&quot;25&quot;,&quot;iso&quot;:&quot;320&quot;,&quot;shutter_speed&quot;:&quot;0.0025&quot;,&quot;title&quot;:&quot;OLYMPUS DIGITAL CAMERA&quot;,&quot;orientation&quot;:&quot;0&quot;}\" data-image-title=\"OLYMPUS DIGITAL CAMERA\" data-image-description=\"\" data-medium-file=\"https:\/\/www.weanhean.at\/content\/wp-content\/uploads\/2026\/02\/KnopfStreich_c_Philipp_Zach-300x225.jpg\" data-large-file=\"https:\/\/www.weanhean.at\/content\/wp-content\/uploads\/2026\/02\/KnopfStreich_c_Philipp_Zach-1024x768.jpg\" src=\"https:\/\/www.weanhean.at\/content\/wp-content\/uploads\/2026\/02\/KnopfStreich_c_Philipp_Zach-scaled.jpg\" width=\"415\" height=\"311\" align=\"left\" title=\"OLYMPUS DIGITAL CAMERA\" \/><\/a><\/div><\/div><div class=\"gallery-group images-1\" style=\"width: 566px; height: 566px;\"><div class=\"tiled-gallery-item tiled-gallery-item-full\"><a href=\"https:\/\/www.weanhean.at\/content\/sujet_stammtisch_stippert_c_herbert_zotti\/\"><img loading=\"lazy\" decoding=\"async\" data-attachment-id=\"3896\" data-orig-file=\"https:\/\/www.weanhean.at\/content\/wp-content\/uploads\/2026\/02\/Sujet_Stammtisch_Stippert_c_Herbert_Zotti.jpg\" data-orig-size=\"1920,1920\" data-comments-opened=\"0\" data-image-meta=\"{&quot;aperture&quot;:&quot;4.5&quot;,&quot;credit&quot;:&quot;&quot;,&quot;camera&quot;:&quot;NIKON Z 7_2&quot;,&quot;caption&quot;:&quot;&quot;,&quot;created_timestamp&quot;:&quot;1769010158&quot;,&quot;copyright&quot;:&quot;&quot;,&quot;focal_length&quot;:&quot;20&quot;,&quot;iso&quot;:&quot;2500&quot;,&quot;shutter_speed&quot;:&quot;0.005&quot;,&quot;title&quot;:&quot;&quot;,&quot;orientation&quot;:&quot;1&quot;}\" data-image-title=\"Sujet_Stammtisch_Stippert_c_Herbert_Zotti\" data-image-description=\"\" data-medium-file=\"https:\/\/www.weanhean.at\/content\/wp-content\/uploads\/2026\/02\/Sujet_Stammtisch_Stippert_c_Herbert_Zotti-300x300.jpg\" data-large-file=\"https:\/\/www.weanhean.at\/content\/wp-content\/uploads\/2026\/02\/Sujet_Stammtisch_Stippert_c_Herbert_Zotti-1024x1024.jpg\" src=\"https:\/\/www.weanhean.at\/content\/wp-content\/uploads\/2026\/02\/Sujet_Stammtisch_Stippert_c_Herbert_Zotti.jpg\" width=\"562\" height=\"562\" align=\"left\" title=\"Sujet_Stammtisch_Stippert_c_Herbert_Zotti\" \/><\/a><\/div><\/div><\/div><\/div>\n<\/div>\n<\/div>\n\n\n\n<p><\/p>\n","protected":false},"excerpt":{"rendered":"<p>ZWISCHENPROST. EIN WEAN HEAN STAMMTISCH Schon zu Kaiserzeiten trafen sich die Menschen zum Essen und Trinken, zum Feiern und Singen \u2013 beim Heurigen. Und wenn dieser auch noch, im Herzen<a href=\"https:\/\/www.weanhean.at\/content\/samstag-2-mai-2026\/\" class=\"more-link\"><span class=\"readmore\">Continue reading<span class=\"screen-reader-text\">SAMSTAG, 2. MAI 2026<\/span><\/span><\/a><\/p>\n","protected":false},"author":1,"featured_media":0,"parent":0,"menu_order":0,"comment_status":"closed","ping_status":"closed","template":"","meta":{"footnotes":""},"class_list":["post-3905","page","type-page","status-publish","hentry"],"_links":{"self":[{"href":"https:\/\/www.weanhean.at\/content\/wp-json\/wp\/v2\/pages\/3905","targetHints":{"allow":["GET"]}}],"collection":[{"href":"https:\/\/www.weanhean.at\/content\/wp-json\/wp\/v2\/pages"}],"about":[{"href":"https:\/\/www.weanhean.at\/content\/wp-json\/wp\/v2\/types\/page"}],"author":[{"embeddable":true,"href":"https:\/\/www.weanhean.at\/content\/wp-json\/wp\/v2\/users\/1"}],"replies":[{"embeddable":true,"href":"https:\/\/www.weanhean.at\/content\/wp-json\/wp\/v2\/comments?post=3905"}],"version-history":[{"count":10,"href":"https:\/\/www.weanhean.at\/content\/wp-json\/wp\/v2\/pages\/3905\/revisions"}],"predecessor-version":[{"id":4212,"href":"https:\/\/www.weanhean.at\/content\/wp-json\/wp\/v2\/pages\/3905\/revisions\/4212"}],"wp:attachment":[{"href":"https:\/\/www.weanhean.at\/content\/wp-json\/wp\/v2\/media?parent=3905"}],"curies":[{"name":"wp","href":"https:\/\/api.w.org\/{rel}","templated":true}]}}