{"id":3908,"date":"2026-02-11T13:36:27","date_gmt":"2026-02-11T12:36:27","guid":{"rendered":"https:\/\/www.weanhean.at\/content\/?page_id=3908"},"modified":"2026-03-31T09:30:12","modified_gmt":"2026-03-31T07:30:12","slug":"montag-4-mai-2026","status":"publish","type":"page","link":"https:\/\/www.weanhean.at\/content\/montag-4-mai-2026\/","title":{"rendered":"MONTAG, 4. MAI 2026"},"content":{"rendered":"\n<h2 class=\"wp-block-heading\">SCHRAMMEL-MONTAG <br>GEBURTSTAGST\u00c4NZE. 140 JAHRE JOSEF MIKULAS <\/h2>\n\n\n\n<p>Haben Sie ein Bild zum Namen Josef Mikulas? Viele haben das nicht \u2013 und genau das macht diesen Abend notwendig.<\/p>\n\n\n\n<p>Josef Mikulas, der \u201eBeethoven der Wiener Volksmusik\u201c, war einer der bedeutendsten Virtuosen der Schrammelharmonika. Trotz fortschreitender Taubheit und sp\u00e4terer Erblindung arbeitete er unerm\u00fcdlich als Komponist, Arrangeur und Lehrer. Er entwickelte eigenst\u00e4ndige Spieltechniken und hinterlie\u00df ein Repertoire von au\u00dfergew\u00f6hnlicher Pr\u00e4zision und Schwierigkeit. Seine Harmonika-Kadenzen waren so anspruchsvoll, dass man sie sp\u00e4ter oft k\u00fcrzte oder vereinfachte, um sie \u00fcberhaupt auff\u00fchren zu k\u00f6nnen.<\/p>\n\n\n\n<p>Dieser Portraitabend widmet sich seinem Werk in originaler Gestalt: Harmonika-Soli, T\u00e4nze, M\u00e4rsche und Charakterst\u00fccke, die lange nicht erklungen sind.<\/p>\n\n\n\n<p>Die Bravour Schrammeln n\u00e4hern sich seiner Musik aus jahrelanger intensiver Besch\u00e4ftigung mit historischen Quellen und Auff\u00fchrungspraxis.<\/p>\n\n\n\n<blockquote class=\"wp-block-quote is-layout-flow wp-block-quote-is-layout-flow\">\n<p><a href=\"https:\/\/www.stippichs.com\/stippich-uhler\" data-type=\"link\" data-id=\"https:\/\/www.stippichs.com\/stippich-uhler\" target=\"_blank\" rel=\"noreferrer noopener\">STIPPICH &amp; UHLER :: BRAVOUR SCHRAMMELN &amp; G\u00c4STE <\/a><\/p>\n<\/blockquote>\n\n\n\n<p><\/p>\n\n\n\n<div class=\"wp-block-buttons is-layout-flex wp-block-buttons-is-layout-flex\">\n<div class=\"wp-block-button\"><a class=\"wp-block-button__link wp-element-button\" href=\"https:\/\/wienervolksliedwerk.reservix.at\/tickets-wean-hean-2026-schrammel-montag-geburtstagstaenze-in-wien-liebhartstaler-bockkeller-am-4-5-2026\/e2528794\" target=\"_blank\" rel=\"noreferrer noopener\">TICKETS<\/a><\/div>\n<\/div>\n\n\n\n<p><\/p>\n\n\n\n<p><strong>Vorverkaufskarten:<\/strong><br>\u20ac 16,- \/ 13,- (wvlw- und \u00d61-Club Mitglieder) \/ 12,- (Sch\u00fcler*innen und Studierende, \u00d61 Intro Mitglieder)<\/p>\n\n\n\n<p><strong>Karten an der Abendkassa:<\/strong><br>\u20ac 18,- \/ 15,- (wvlw- und \u00d61-Club Mitglieder) \/ 12,- (Sch\u00fcler*innen und Studierende, \u00d61 Intro Mitglieder)<\/p>\n\n\n\n<p><strong><strong>Informationen zum Kartenverkauf<\/strong><\/strong>\u00a0unter karten@weanhean.at | +43 1 416 23 66<\/p>\n\n\n\n<h4 class=\"wp-block-heading\">Uhrzeit<\/h4>\n\n\n\n<p>Beginn 19:00 Uhr | Einlass 18:00 Uhr<\/p>\n\n\n\n<h4 class=\"wp-block-heading\">Liebhartstaler Bockkeller<\/h4>\n\n\n\n<p>1160 Wien | Gallitzinstra\u00dfe 1 | U3 Ottakring + 45A \/ 46B Ottakringer Friedhof<\/p>\n\n\n<div data-carousel-extra='{\"blog_id\":1,\"permalink\":\"https:\\\/\\\/www.weanhean.at\\\/content\\\/montag-4-mai-2026\\\/\"}' class=\"tiled-gallery type-rectangular\" data-original-width=\"990\"><div class=\"gallery-row\" style=\"width: 985px; height: 408px;\"><div class=\"gallery-group images-1\" style=\"width: 417px; height: 412px;\"><div class=\"tiled-gallery-item tiled-gallery-item-full\"><a href=\"https:\/\/www.weanhean.at\/content\/sujet_josef_mikulas_quer_c_archiv_wvlw_pp_lena_appl\/\"><img loading=\"lazy\" decoding=\"async\" data-attachment-id=\"3940\" data-orig-file=\"https:\/\/www.weanhean.at\/content\/wp-content\/uploads\/2026\/02\/Sujet_Josef_Mikulas_quer_c_Archiv_wvlw_pp_Lena_Appl-scaled.jpg\" data-orig-size=\"2560,2528\" data-comments-opened=\"0\" data-image-meta=\"{&quot;aperture&quot;:&quot;0&quot;,&quot;credit&quot;:&quot;&quot;,&quot;camera&quot;:&quot;&quot;,&quot;caption&quot;:&quot;&quot;,&quot;created_timestamp&quot;:&quot;0&quot;,&quot;copyright&quot;:&quot;&quot;,&quot;focal_length&quot;:&quot;0&quot;,&quot;iso&quot;:&quot;0&quot;,&quot;shutter_speed&quot;:&quot;0&quot;,&quot;title&quot;:&quot;&quot;,&quot;orientation&quot;:&quot;1&quot;}\" data-image-title=\"Sujet_Josef_Mikulas_quer_c_Archiv_wvlw_pp_Lena_Appl\" data-image-description=\"\" data-medium-file=\"https:\/\/www.weanhean.at\/content\/wp-content\/uploads\/2026\/02\/Sujet_Josef_Mikulas_quer_c_Archiv_wvlw_pp_Lena_Appl-300x296.jpg\" data-large-file=\"https:\/\/www.weanhean.at\/content\/wp-content\/uploads\/2026\/02\/Sujet_Josef_Mikulas_quer_c_Archiv_wvlw_pp_Lena_Appl-1024x1011.jpg\" src=\"https:\/\/www.weanhean.at\/content\/wp-content\/uploads\/2026\/02\/Sujet_Josef_Mikulas_quer_c_Archiv_wvlw_pp_Lena_Appl-scaled.jpg\" width=\"413\" height=\"408\" align=\"left\" title=\"Sujet_Josef_Mikulas_quer_c_Archiv_wvlw_pp_Lena_Appl\" \/><\/a><\/div><\/div><div class=\"gallery-group images-1\" style=\"width: 568px; height: 412px;\"><div class=\"tiled-gallery-item tiled-gallery-item-full\"><a href=\"https:\/\/www.weanhean.at\/content\/stippich-uhler-bravour-schrammeln\/\"><img loading=\"lazy\" decoding=\"async\" data-attachment-id=\"3854\" data-orig-file=\"https:\/\/www.weanhean.at\/content\/wp-content\/uploads\/2026\/02\/Bravour_Schrammeln_c_Nancy_Horowitz-scaled.jpg\" data-orig-size=\"2560,1851\" data-comments-opened=\"0\" data-image-meta=\"{&quot;aperture&quot;:&quot;2.8&quot;,&quot;credit&quot;:&quot;nancy horowitz&quot;,&quot;camera&quot;:&quot;ILCE-7RM2&quot;,&quot;caption&quot;:&quot;&quot;,&quot;created_timestamp&quot;:&quot;1706618398&quot;,&quot;copyright&quot;:&quot;&quot;,&quot;focal_length&quot;:&quot;40&quot;,&quot;iso&quot;:&quot;800&quot;,&quot;shutter_speed&quot;:&quot;0.00625&quot;,&quot;title&quot;:&quot;Stippich:: Uhler Bravour Schrammeln&quot;,&quot;orientation&quot;:&quot;1&quot;}\" data-image-title=\"Stippich:: Uhler Bravour Schrammeln\" data-image-description=\"\" data-medium-file=\"https:\/\/www.weanhean.at\/content\/wp-content\/uploads\/2026\/02\/Bravour_Schrammeln_c_Nancy_Horowitz-300x217.jpg\" data-large-file=\"https:\/\/www.weanhean.at\/content\/wp-content\/uploads\/2026\/02\/Bravour_Schrammeln_c_Nancy_Horowitz-1024x741.jpg\" src=\"https:\/\/www.weanhean.at\/content\/wp-content\/uploads\/2026\/02\/Bravour_Schrammeln_c_Nancy_Horowitz-scaled.jpg\" width=\"564\" height=\"408\" align=\"left\" title=\"Stippich:: Uhler Bravour Schrammeln\" \/><\/a><\/div><\/div><\/div><\/div>\n\n\n<p><\/p>\n","protected":false},"excerpt":{"rendered":"<p>SCHRAMMEL-MONTAG GEBURTSTAGST\u00c4NZE. 140 JAHRE JOSEF MIKULAS Haben Sie ein Bild zum Namen Josef Mikulas? Viele haben das nicht \u2013 und genau das macht diesen Abend notwendig. Josef Mikulas, der \u201eBeethoven<a href=\"https:\/\/www.weanhean.at\/content\/montag-4-mai-2026\/\" class=\"more-link\"><span class=\"readmore\">Continue reading<span class=\"screen-reader-text\">MONTAG, 4. MAI 2026<\/span><\/span><\/a><\/p>\n","protected":false},"author":1,"featured_media":0,"parent":0,"menu_order":0,"comment_status":"closed","ping_status":"closed","template":"","meta":{"footnotes":""},"class_list":["post-3908","page","type-page","status-publish","hentry"],"_links":{"self":[{"href":"https:\/\/www.weanhean.at\/content\/wp-json\/wp\/v2\/pages\/3908","targetHints":{"allow":["GET"]}}],"collection":[{"href":"https:\/\/www.weanhean.at\/content\/wp-json\/wp\/v2\/pages"}],"about":[{"href":"https:\/\/www.weanhean.at\/content\/wp-json\/wp\/v2\/types\/page"}],"author":[{"embeddable":true,"href":"https:\/\/www.weanhean.at\/content\/wp-json\/wp\/v2\/users\/1"}],"replies":[{"embeddable":true,"href":"https:\/\/www.weanhean.at\/content\/wp-json\/wp\/v2\/comments?post=3908"}],"version-history":[{"count":11,"href":"https:\/\/www.weanhean.at\/content\/wp-json\/wp\/v2\/pages\/3908\/revisions"}],"predecessor-version":[{"id":4213,"href":"https:\/\/www.weanhean.at\/content\/wp-json\/wp\/v2\/pages\/3908\/revisions\/4213"}],"wp:attachment":[{"href":"https:\/\/www.weanhean.at\/content\/wp-json\/wp\/v2\/media?parent=3908"}],"curies":[{"name":"wp","href":"https:\/\/api.w.org\/{rel}","templated":true}]}}