{"id":3913,"date":"2026-02-11T13:56:37","date_gmt":"2026-02-11T12:56:37","guid":{"rendered":"https:\/\/www.weanhean.at\/content\/?page_id=3913"},"modified":"2026-02-18T14:52:57","modified_gmt":"2026-02-18T13:52:57","slug":"mittwoch-6-mai-2026","status":"publish","type":"page","link":"https:\/\/www.weanhean.at\/content\/mittwoch-6-mai-2026\/","title":{"rendered":"MITTWOCH, 6. MAI 2026"},"content":{"rendered":"\n<h2 class=\"wp-block-heading\">FRANZL\u2019S SCHRAMMELN <br>EINE WEAN SCHB\u00dc\u00dcN VERANSTALTUNG IN KOOPERATION MIT DER MUK<\/h2>\n\n\n\n<p>Studierende der Musik und Kunst Privatuniversit\u00e4t der Stadt Wien (MUK), die am Wienermusik-Vermittlungsprojekt wean schb\u00fc\u00fcn teilnehmen, d\u00fcrfen im Rahmen dieses exklusiven Konzertabends gro\u00dfe B\u00fchnenluft schnuppern. <\/p>\n\n\n\n<p>Im Gl\u00e4sernen Saal des Musikvereins pr\u00e4sentieren sie unter der Leitung von Fr\u00e9d\u00e9ric Alvarado-Dupuy und Agnes Palmisano ein abwechslungsreiches Programm mit dem Titel \u201eFranzl\u2019s Schrammeln\u201c, welches das Publikum in die musikalische Welt von Franz Schubert und Johann Schrammel entf\u00fchrt. Wienerlieder mit Bezug zu Schubert sowie T\u00e4nze von Josef Mikulas und Alois Strohmayer runden die Titelliste ab, die auf der Musikverein-Website bereits vorab einsehbar ist. <\/p>\n\n\n\n<p>Wir freuen uns auf diese spannende Kombination aus Wiener Charme und jungem Talent!&nbsp;<\/p>\n\n\n\n<blockquote class=\"wp-block-quote is-layout-flow wp-block-quote-is-layout-flow\">\n<p>LEITUNG: FR\u00c9D\u00c9RIC ALVARADO-DUPUY &amp; <a href=\"https:\/\/agnes-palmisano.at\/\" data-type=\"link\" data-id=\"https:\/\/agnes-palmisano.at\/\" target=\"_blank\" rel=\"noreferrer noopener\">AGNES PALMISANO <\/a><\/p>\n<\/blockquote>\n\n\n\n<p><\/p>\n\n\n\n<div class=\"wp-block-buttons is-layout-flex wp-block-buttons-is-layout-flex\">\n<div class=\"wp-block-button\"><a class=\"wp-block-button__link wp-element-button\" href=\"https:\/\/musikverein.at\/konzert\/?id=0006be14\" target=\"_blank\" rel=\"noreferrer noopener\">TICKETS<\/a><\/div>\n<\/div>\n\n\n\n<p><\/p>\n\n\n\n<p>\u20ac 27 \/ 15 (Erm\u00e4\u00dfigung f\u00fcr Musikverein-Mitglieder unter 30)<\/p>\n\n\n\n<p>Karten <strong>ausschlie\u00dflich im Musikverein<\/strong> erh\u00e4ltlich: <a href=\"http:\/\/www.musikverein.at\" data-type=\"link\" data-id=\"www.musikverein.at\" target=\"_blank\" rel=\"noreferrer noopener\">musikverein.at<\/a>, +43 1 505 81 90 <br>VVK f\u00fcr Musikverein-Mitglieder ab 6.3.2026 | allgemeiner VVK ab 13.3.2026<\/p>\n\n\n\n<h4 class=\"wp-block-heading\">Uhrzeit<\/h4>\n\n\n\n<p>Beginn 20:00 Uhr | Einlass: 19:00 Uhr<\/p>\n\n\n\n<h4 class=\"wp-block-heading\">MUSIKVEREIN &#8211; GL\u00c4SERNER SAAL <\/h4>\n\n\n\n<p>1010 Wien | Musikvereinsplatz 1 | U1 \/ U2 \/ U4 Karlsplatz | 1 \/ 2 \/ 62 \/ 59A \/ Badner Bahn Oper, Karlsplatz | <br>71 \/ D Schwarzenbergplatz<\/p>\n\n\n<div data-carousel-extra='{\"blog_id\":1,\"permalink\":\"https:\\\/\\\/www.weanhean.at\\\/content\\\/mittwoch-6-mai-2026\\\/\"}' class=\"tiled-gallery type-rectangular\" data-original-width=\"990\"><div class=\"gallery-row\" style=\"width: 985px; height: 513px;\"><div class=\"gallery-group images-1\" style=\"width: 639px; height: 517px;\"><div class=\"tiled-gallery-item tiled-gallery-item-full\"><a href=\"https:\/\/www.weanhean.at\/content\/agnes_palmisano_c_stephan_mussil\/\"><img loading=\"lazy\" decoding=\"async\" data-attachment-id=\"3855\" data-orig-file=\"https:\/\/www.weanhean.at\/content\/wp-content\/uploads\/2026\/02\/Agnes_Palmisano_c_Stephan_Mussil.jpg\" data-orig-size=\"495,400\" data-comments-opened=\"0\" data-image-meta=\"{&quot;aperture&quot;:&quot;2.8&quot;,&quot;credit&quot;:&quot;stephan mussil&quot;,&quot;camera&quot;:&quot;ILCE-7RM5&quot;,&quot;caption&quot;:&quot;&quot;,&quot;created_timestamp&quot;:&quot;1702992950&quot;,&quot;copyright&quot;:&quot;(c) 2023 Stephan Mussil&quot;,&quot;focal_length&quot;:&quot;156&quot;,&quot;iso&quot;:&quot;500&quot;,&quot;shutter_speed&quot;:&quot;0.01&quot;,&quot;title&quot;:&quot;&quot;,&quot;orientation&quot;:&quot;1&quot;}\" data-image-title=\"Agnes_Palmisano_c_Stephan_Mussil\" data-image-description=\"\" data-medium-file=\"https:\/\/www.weanhean.at\/content\/wp-content\/uploads\/2026\/02\/Agnes_Palmisano_c_Stephan_Mussil-300x242.jpg\" data-large-file=\"https:\/\/www.weanhean.at\/content\/wp-content\/uploads\/2026\/02\/Agnes_Palmisano_c_Stephan_Mussil.jpg\" src=\"https:\/\/www.weanhean.at\/content\/wp-content\/uploads\/2026\/02\/Agnes_Palmisano_c_Stephan_Mussil.jpg\" width=\"635\" height=\"513\" align=\"left\" title=\"Agnes_Palmisano_c_Stephan_Mussil\" \/><\/a><\/div><\/div><div class=\"gallery-group images-1\" style=\"width: 346px; height: 517px;\"><div class=\"tiled-gallery-item tiled-gallery-item-full\"><a href=\"https:\/\/www.weanhean.at\/content\/frederic_alvarado-dupuy_c_elodie_grethen\/\"><img loading=\"lazy\" decoding=\"async\" data-attachment-id=\"3856\" data-orig-file=\"https:\/\/www.weanhean.at\/content\/wp-content\/uploads\/2026\/02\/Frederic_Alvarado-Dupuy_c_Elodie_Grethen.jpg\" data-orig-size=\"427,640\" data-comments-opened=\"0\" data-image-meta=\"{&quot;aperture&quot;:&quot;0&quot;,&quot;credit&quot;:&quot;&quot;,&quot;camera&quot;:&quot;&quot;,&quot;caption&quot;:&quot;&quot;,&quot;created_timestamp&quot;:&quot;0&quot;,&quot;copyright&quot;:&quot;&quot;,&quot;focal_length&quot;:&quot;0&quot;,&quot;iso&quot;:&quot;0&quot;,&quot;shutter_speed&quot;:&quot;0&quot;,&quot;title&quot;:&quot;&quot;,&quot;orientation&quot;:&quot;1&quot;}\" data-image-title=\"Fr\u00e9d\u00e9ric_Alvarado-Dupuy_c_Elodie_Grethen\" data-image-description=\"\" data-medium-file=\"https:\/\/www.weanhean.at\/content\/wp-content\/uploads\/2026\/02\/Frederic_Alvarado-Dupuy_c_Elodie_Grethen-200x300.jpg\" data-large-file=\"https:\/\/www.weanhean.at\/content\/wp-content\/uploads\/2026\/02\/Frederic_Alvarado-Dupuy_c_Elodie_Grethen.jpg\" src=\"https:\/\/www.weanhean.at\/content\/wp-content\/uploads\/2026\/02\/Frederic_Alvarado-Dupuy_c_Elodie_Grethen.jpg\" width=\"342\" height=\"513\" align=\"left\" title=\"Fr\u00e9d\u00e9ric_Alvarado-Dupuy_c_Elodie_Grethen\" \/><\/a><\/div><\/div><\/div><div class=\"gallery-row\" style=\"width: 985px; height: 981px;\"><div class=\"gallery-group images-1\" style=\"width: 985px; height: 985px;\"><div class=\"tiled-gallery-item tiled-gallery-item-full\"><a href=\"https:\/\/www.weanhean.at\/content\/sujet_schubertschrammel_c_michaela_lehner_pp_lena_appl\/\"><img loading=\"lazy\" decoding=\"async\" data-attachment-id=\"3941\" data-orig-file=\"https:\/\/www.weanhean.at\/content\/wp-content\/uploads\/2026\/02\/Sujet_SchubertSchrammel_c_Michaela_Lehner_pp_Lena_Appl-scaled.jpg\" data-orig-size=\"2560,2560\" data-comments-opened=\"0\" data-image-meta=\"{&quot;aperture&quot;:&quot;5&quot;,&quot;credit&quot;:&quot;&quot;,&quot;camera&quot;:&quot;NIKON Z 7_2&quot;,&quot;caption&quot;:&quot;&quot;,&quot;created_timestamp&quot;:&quot;1769513806&quot;,&quot;copyright&quot;:&quot;&quot;,&quot;focal_length&quot;:&quot;97&quot;,&quot;iso&quot;:&quot;3200&quot;,&quot;shutter_speed&quot;:&quot;0.004&quot;,&quot;title&quot;:&quot;&quot;,&quot;orientation&quot;:&quot;0&quot;}\" data-image-title=\"Sujet_Schubert&#038;Schrammel_c_Michaela_Lehner_pp_Lena_Appl\" data-image-description=\"\" data-medium-file=\"https:\/\/www.weanhean.at\/content\/wp-content\/uploads\/2026\/02\/Sujet_SchubertSchrammel_c_Michaela_Lehner_pp_Lena_Appl-300x300.jpg\" data-large-file=\"https:\/\/www.weanhean.at\/content\/wp-content\/uploads\/2026\/02\/Sujet_SchubertSchrammel_c_Michaela_Lehner_pp_Lena_Appl-1024x1024.jpg\" src=\"https:\/\/www.weanhean.at\/content\/wp-content\/uploads\/2026\/02\/Sujet_SchubertSchrammel_c_Michaela_Lehner_pp_Lena_Appl-scaled.jpg\" width=\"981\" height=\"981\" align=\"left\" title=\"Sujet_Schubert&amp;Schrammel_c_Michaela_Lehner_pp_Lena_Appl\" \/><\/a><\/div><\/div><\/div><\/div>","protected":false},"excerpt":{"rendered":"<p>FRANZL\u2019S SCHRAMMELN EINE WEAN SCHB\u00dc\u00dcN VERANSTALTUNG IN KOOPERATION MIT DER MUK Studierende der Musik und Kunst Privatuniversit\u00e4t der Stadt Wien (MUK), die am Wienermusik-Vermittlungsprojekt wean schb\u00fc\u00fcn teilnehmen, d\u00fcrfen im Rahmen<a href=\"https:\/\/www.weanhean.at\/content\/mittwoch-6-mai-2026\/\" class=\"more-link\"><span class=\"readmore\">Continue reading<span class=\"screen-reader-text\">MITTWOCH, 6. MAI 2026<\/span><\/span><\/a><\/p>\n","protected":false},"author":1,"featured_media":0,"parent":0,"menu_order":0,"comment_status":"closed","ping_status":"closed","template":"","meta":{"footnotes":""},"class_list":["post-3913","page","type-page","status-publish","hentry"],"_links":{"self":[{"href":"https:\/\/www.weanhean.at\/content\/wp-json\/wp\/v2\/pages\/3913","targetHints":{"allow":["GET"]}}],"collection":[{"href":"https:\/\/www.weanhean.at\/content\/wp-json\/wp\/v2\/pages"}],"about":[{"href":"https:\/\/www.weanhean.at\/content\/wp-json\/wp\/v2\/types\/page"}],"author":[{"embeddable":true,"href":"https:\/\/www.weanhean.at\/content\/wp-json\/wp\/v2\/users\/1"}],"replies":[{"embeddable":true,"href":"https:\/\/www.weanhean.at\/content\/wp-json\/wp\/v2\/comments?post=3913"}],"version-history":[{"count":11,"href":"https:\/\/www.weanhean.at\/content\/wp-json\/wp\/v2\/pages\/3913\/revisions"}],"predecessor-version":[{"id":4117,"href":"https:\/\/www.weanhean.at\/content\/wp-json\/wp\/v2\/pages\/3913\/revisions\/4117"}],"wp:attachment":[{"href":"https:\/\/www.weanhean.at\/content\/wp-json\/wp\/v2\/media?parent=3913"}],"curies":[{"name":"wp","href":"https:\/\/api.w.org\/{rel}","templated":true}]}}