{"id":3916,"date":"2026-02-11T15:19:08","date_gmt":"2026-02-11T14:19:08","guid":{"rendered":"https:\/\/www.weanhean.at\/content\/?page_id=3916"},"modified":"2026-03-31T09:30:45","modified_gmt":"2026-03-31T07:30:45","slug":"sonntag-10-mai-2026","status":"publish","type":"page","link":"https:\/\/www.weanhean.at\/content\/sonntag-10-mai-2026\/","title":{"rendered":"SONNTAG, 10. MAI 2026"},"content":{"rendered":"\n<h2 class=\"wp-block-heading\">ALS OB\u2019S GESTERN G\u2019WESEN W\u00c4R<br>30 JAHRE KOLLEGIUM KALKSBURG<\/h2>\n\n\n\n<p>\u201eJazzmusiker spielen Wienerlieder. Drei eingeborene S\u00f6hne interpretieren gebenedeites Liedgut im Geiste Heinz Conrads oder drei reuige Menschen musizieren \u00c4lteres und Neueres in zeitloser Manier: So dilettieren die drei Musiker ihre kapellmeisterhaften F\u00e4higkeiten.\u201c<\/p>\n\n\n\n<p>Mit diesen Worten wurde die Urauff\u00fchrung des Trios f\u00fcr den 9. M\u00e4rz 1996 im Rahmen des Herz Ton # Wien Festivals &#8211; quasi ein Vorl\u00e4ufer von <strong>wean hean<\/strong> &#8211; angek\u00fcndigt. Einen Tag vorher spielten die Br\u00fcder Rehm aus Bayern mit Trude Mally und Pepi Matauschek, einen Tag danach Kurt Girk, Hojsa-Schaffer, Willi Lehner, Rudi Koschelu &#8230;<\/p>\n\n\n\n<p>Bewirkte auch diese kulturelle Zange das \u201ewienerliederische\u201c Fortbestehen der drei?<\/p>\n\n\n\n<p>Wir werden sie fragen, da im Schutzhaus, wo alles anfing!<\/p>\n\n\n\n<blockquote class=\"wp-block-quote is-layout-flow wp-block-quote-is-layout-flow\">\n<p><a href=\"https:\/\/www.kollegiumkalksburg.at\/\" data-type=\"link\" data-id=\"https:\/\/www.kollegiumkalksburg.at\/\" target=\"_blank\" rel=\"noreferrer noopener\">HEINZ DITSCH, PAUL SKREPEK, WOLFGANG VINCENZ WIZLSPERGER<\/a><\/p>\n<\/blockquote>\n\n\n\n<div class=\"wp-block-buttons is-layout-flex wp-block-buttons-is-layout-flex\">\n<div class=\"wp-block-button\"><a class=\"wp-block-button__link wp-element-button\" href=\"https:\/\/wienervolksliedwerk.reservix.at\/tickets-wean-hean-2026-als-obs-gestern-gwesen-waer-in-wien-schutzhaus-zukunft-am-10-5-2026\/e2528788\" target=\"_blank\" rel=\"noreferrer noopener\">TICKETS<\/a><\/div>\n<\/div>\n\n\n\n<p><\/p>\n\n\n\n<p><strong>Vorverkaufskarten:<\/strong><br>\u20ac 25,- \/ 22,- (wvlw- und \u00d61-Club Mitglieder) \/ 20,- (Sch\u00fcler*innen und Studierende, \u00d61 Intro Mitglieder)<\/p>\n\n\n\n<p><strong>Karten an der Abendkassa:<\/strong><br>\u20ac 30,- \/ 26,- (wvlw- und \u00d61-Club Mitglieder) \/ 23,- (Sch\u00fcler*innen und Studierende, \u00d61 Intro Mitglieder)<\/p>\n\n\n\n<p><strong><strong>Informationen zum Kartenverkauf<\/strong><\/strong>\u00a0unter karten@weanhean.at | +43 1 416 23 66<\/p>\n\n\n\n<h4 class=\"wp-block-heading\">Uhrzeit<\/h4>\n\n\n\n<p>Beginn 19:30 Uhr | Einlass: 18:30 Uhr<\/p>\n\n\n\n<h4 class=\"wp-block-heading\">SCHUTZHAUS ZUKUNFT<\/h4>\n\n\n\n<p>1150 Wien | Verl\u00e4ngerte Guntherstra\u00dfe | U3 Johnstra\u00dfe | 9 Guntherstra\u00dfe | 10A \/ 12A Auf der Schmelz<\/p>\n\n\n<div data-carousel-extra='{\"blog_id\":1,\"permalink\":\"https:\\\/\\\/www.weanhean.at\\\/content\\\/sonntag-10-mai-2026\\\/\"}' class=\"tiled-gallery type-rectangular\" data-original-width=\"990\"><div class=\"gallery-row\" style=\"width: 985px; height: 385px;\"><div class=\"gallery-group images-1\" style=\"width: 389px; height: 389px;\"><div class=\"tiled-gallery-item tiled-gallery-item-full\"><a href=\"https:\/\/www.weanhean.at\/content\/sujet_kollegium_kalksburg_c_orig_peter_kubelka\/\"><img loading=\"lazy\" decoding=\"async\" data-attachment-id=\"3897\" data-orig-file=\"https:\/\/www.weanhean.at\/content\/wp-content\/uploads\/2026\/02\/Sujet_Kollegium_Kalksburg_c_orig_Peter_Kubelka-scaled.jpg\" data-orig-size=\"2560,2560\" data-comments-opened=\"0\" data-image-meta=\"{&quot;aperture&quot;:&quot;0&quot;,&quot;credit&quot;:&quot;&quot;,&quot;camera&quot;:&quot;&quot;,&quot;caption&quot;:&quot;&quot;,&quot;created_timestamp&quot;:&quot;0&quot;,&quot;copyright&quot;:&quot;&quot;,&quot;focal_length&quot;:&quot;0&quot;,&quot;iso&quot;:&quot;0&quot;,&quot;shutter_speed&quot;:&quot;0&quot;,&quot;title&quot;:&quot;&quot;,&quot;orientation&quot;:&quot;0&quot;}\" data-image-title=\"Sujet_Kollegium_Kalksburg_c_orig_Peter_Kubelka\" data-image-description=\"\" data-medium-file=\"https:\/\/www.weanhean.at\/content\/wp-content\/uploads\/2026\/02\/Sujet_Kollegium_Kalksburg_c_orig_Peter_Kubelka-300x300.jpg\" data-large-file=\"https:\/\/www.weanhean.at\/content\/wp-content\/uploads\/2026\/02\/Sujet_Kollegium_Kalksburg_c_orig_Peter_Kubelka-1024x1024.jpg\" src=\"https:\/\/www.weanhean.at\/content\/wp-content\/uploads\/2026\/02\/Sujet_Kollegium_Kalksburg_c_orig_Peter_Kubelka-scaled.jpg\" width=\"385\" height=\"385\" align=\"left\" title=\"Sujet_Kollegium_Kalksburg_c_orig_Peter_Kubelka\" \/><\/a><\/div><\/div><div class=\"gallery-group images-1\" style=\"width: 596px; height: 389px;\"><div class=\"tiled-gallery-item tiled-gallery-item-full\"><a href=\"https:\/\/www.weanhean.at\/content\/kollegium_kalksburg_c_stephan_mussil-2\/\"><img loading=\"lazy\" decoding=\"async\" data-attachment-id=\"3857\" data-orig-file=\"https:\/\/www.weanhean.at\/content\/wp-content\/uploads\/2026\/02\/Kollegium_Kalksburg_c_Stephan_Mussil.jpg\" data-orig-size=\"2362,1536\" data-comments-opened=\"0\" data-image-meta=\"{&quot;aperture&quot;:&quot;0&quot;,&quot;credit&quot;:&quot;stephan mussil&quot;,&quot;camera&quot;:&quot;&quot;,&quot;caption&quot;:&quot;&quot;,&quot;created_timestamp&quot;:&quot;0&quot;,&quot;copyright&quot;:&quot;c2018 www.mussil.eu&quot;,&quot;focal_length&quot;:&quot;0&quot;,&quot;iso&quot;:&quot;0&quot;,&quot;shutter_speed&quot;:&quot;0&quot;,&quot;title&quot;:&quot;&quot;,&quot;orientation&quot;:&quot;1&quot;}\" data-image-title=\"Kollegium_Kalksburg_c_Stephan_Mussil\" data-image-description=\"\" data-medium-file=\"https:\/\/www.weanhean.at\/content\/wp-content\/uploads\/2026\/02\/Kollegium_Kalksburg_c_Stephan_Mussil-300x195.jpg\" data-large-file=\"https:\/\/www.weanhean.at\/content\/wp-content\/uploads\/2026\/02\/Kollegium_Kalksburg_c_Stephan_Mussil-1024x666.jpg\" src=\"https:\/\/www.weanhean.at\/content\/wp-content\/uploads\/2026\/02\/Kollegium_Kalksburg_c_Stephan_Mussil.jpg\" width=\"592\" height=\"385\" align=\"left\" title=\"Kollegium_Kalksburg_c_Stephan_Mussil\" \/><\/a><\/div><\/div><\/div><\/div>","protected":false},"excerpt":{"rendered":"<p>ALS OB\u2019S GESTERN G\u2019WESEN W\u00c4R30 JAHRE KOLLEGIUM KALKSBURG \u201eJazzmusiker spielen Wienerlieder. Drei eingeborene S\u00f6hne interpretieren gebenedeites Liedgut im Geiste Heinz Conrads oder drei reuige Menschen musizieren \u00c4lteres und Neueres in<a href=\"https:\/\/www.weanhean.at\/content\/sonntag-10-mai-2026\/\" class=\"more-link\"><span class=\"readmore\">Continue reading<span class=\"screen-reader-text\">SONNTAG, 10. MAI 2026<\/span><\/span><\/a><\/p>\n","protected":false},"author":1,"featured_media":0,"parent":0,"menu_order":0,"comment_status":"closed","ping_status":"closed","template":"","meta":{"footnotes":""},"class_list":["post-3916","page","type-page","status-publish","hentry"],"_links":{"self":[{"href":"https:\/\/www.weanhean.at\/content\/wp-json\/wp\/v2\/pages\/3916","targetHints":{"allow":["GET"]}}],"collection":[{"href":"https:\/\/www.weanhean.at\/content\/wp-json\/wp\/v2\/pages"}],"about":[{"href":"https:\/\/www.weanhean.at\/content\/wp-json\/wp\/v2\/types\/page"}],"author":[{"embeddable":true,"href":"https:\/\/www.weanhean.at\/content\/wp-json\/wp\/v2\/users\/1"}],"replies":[{"embeddable":true,"href":"https:\/\/www.weanhean.at\/content\/wp-json\/wp\/v2\/comments?post=3916"}],"version-history":[{"count":10,"href":"https:\/\/www.weanhean.at\/content\/wp-json\/wp\/v2\/pages\/3916\/revisions"}],"predecessor-version":[{"id":4214,"href":"https:\/\/www.weanhean.at\/content\/wp-json\/wp\/v2\/pages\/3916\/revisions\/4214"}],"wp:attachment":[{"href":"https:\/\/www.weanhean.at\/content\/wp-json\/wp\/v2\/media?parent=3916"}],"curies":[{"name":"wp","href":"https:\/\/api.w.org\/{rel}","templated":true}]}}