{"id":58,"date":"2023-01-31T17:41:18","date_gmt":"2023-01-31T16:41:18","guid":{"rendered":"https:\/\/www.weanhean.at\/content\/?page_id=58"},"modified":"2023-02-28T14:52:30","modified_gmt":"2023-02-28T13:52:30","slug":"sonntag-23-april-2023","status":"publish","type":"page","link":"https:\/\/www.weanhean.at\/content\/weanhean2023\/programm2023\/sonntag-23-april-2023\/","title":{"rendered":"SONNTAG,\u00a023. APRIL 2023"},"content":{"rendered":"\n<h2 class=\"wp-block-heading\">SCHWOAZZ HEAN<br>WIENERLIED IN FINSTAN<\/h2>\n\n\n<p>Stellen Sie sich einmal vor, es wird finster im Konzertsaal. Was kommt Ihnen da alles in den Sinn? Strom-Sparma\u00dfnahme? Blackout? Oder denken Sie eher an hemmungsloses In-der-Nase-bohren? Schmusen? Grimassen? An gesellschaftlich verp\u00f6nte Sitzhaltungen? In welche Richtung ihre Gedanken und Vorlieben auch schweifen m\u00f6gen, wir laden herzlich und wortw\u00f6rtlich zu einem Blind-Date mit den Strottern. Ein Konzert im lichtleeren Raum sprengt jegliche Vorstellungskraft und l\u00e4sst Sie noch tiefer in die Strottern\u2019sche Wienerliedkunst eintauchen. Wir schicken Ihre &#8211; permanent reiz\u00fcberfluteten &#8211; Augen auf Pause und bringen trotz visueller Stille Ihre Herzen zum Leuchten. Verpassen Sie dieses einzigartige sensorische Abenteuer keinesfalls!<\/p>\n\n\n<blockquote class=\"wp-block-quote is-layout-flow wp-block-quote-is-layout-flow\">\n<p><a href=\"http:\/\/diestrottern.at\/\" data-type=\"URL\" data-id=\"http:\/\/diestrottern.at\/\" target=\"_blank\" rel=\"noreferrer noopener\">Die Strottern<\/a><\/p>\n<\/blockquote>\n\n\n\n<h4 class=\"wp-block-heading\">Tickets | Uhrzeit<\/h4>\n\n\n<p>\u20ac 23,- | 20,-* | 17,-**<\/p>\n<p>Karten f\u00fcr <span style=\"color: #a81417;\"><strong>16:00-17:00<\/strong><\/span>\u00a0gibts <a href=\"https:\/\/wienervolksliedwerk.reservix.at\/p\/reservix\/event\/2065390\" target=\"_blank\" rel=\"noopener\"><strong>HIER<\/strong><\/a>. <br \/>Einlass: 15:30<\/p>\n<p>Karten f\u00fcr <span style=\"color: #a81417;\"><strong>18:00-19:00<\/strong><\/span><strong><span style=\"color: #a81417;\">\u00a0<\/span><\/strong>gibts <a href=\"https:\/\/wienervolksliedwerk.reservix.at\/p\/reservix\/event\/2065392\" target=\"_blank\" rel=\"noopener\"><strong>HIER<\/strong><\/a>. <br \/>Einlass: 17:30<\/p>\n<p>Erm\u00e4\u00dfigungen: <br data-rich-text-line-break=\"true\" \/>* wvlw- und \u00d61 Club Mitglieder<br data-rich-text-line-break=\"true\" \/>** Sch\u00fcler:innen und Studierende, \u00d61 Intro Mitglieder<\/p>\n<p>Wir bitten Sie, ihre Karten im Vorverkauf online zu erwerben, um die organisatorische Abwicklung vor Ort zu Erleichtern. Die Konzerte beginnen p\u00fcnktlich. Es gibt keinen Nacheinlass!<\/p>\n<p><span style=\"color: #a81417;\">Ein gelungenes Konzerterlebnis &#8222;in Finstan&#8220; ist nur m\u00f6glich, wenn alle Leuchtk\u00f6rper (Handy, Uhr etc.)<\/span><br \/><span style=\"color: #a81417;\">verl\u00e4sslich ausgeschaltet bleiben. Vielen Dank f\u00fcr Ihre Mithilfe!<\/span><\/p>\n\n\n<h4 class=\"wp-block-heading\"><a href=\"https:\/\/imdunkeln.at\/\" data-type=\"URL\" data-id=\"https:\/\/imdunkeln.at\/\" target=\"_blank\" rel=\"noreferrer noopener\">Dialog im Dunkeln<\/a><\/h4>\n\n\n<p>1010 Wien | Freyung 6 | U3 Herrengasse, U2, 1, 71, D, 37, 38, 40-44 Schottentor<\/p>\n\n\n<figure class=\"wp-block-gallery has-nested-images columns-default is-cropped wp-block-gallery-1 is-layout-flex wp-block-gallery-is-layout-flex\">\n<figure class=\"wp-block-image size-large\"><img loading=\"lazy\" decoding=\"async\" width=\"1024\" height=\"683\" data-id=\"301\" src=\"https:\/\/www.weanhean.at\/content\/wp-content\/uploads\/2023\/02\/Die-Strottern2_c_Peter-Mayr-1024x683.jpg\" alt=\"\" class=\"wp-image-301\" srcset=\"https:\/\/www.weanhean.at\/content\/wp-content\/uploads\/2023\/02\/Die-Strottern2_c_Peter-Mayr-1024x683.jpg 1024w, https:\/\/www.weanhean.at\/content\/wp-content\/uploads\/2023\/02\/Die-Strottern2_c_Peter-Mayr-300x200.jpg 300w, https:\/\/www.weanhean.at\/content\/wp-content\/uploads\/2023\/02\/Die-Strottern2_c_Peter-Mayr-768x512.jpg 768w, https:\/\/www.weanhean.at\/content\/wp-content\/uploads\/2023\/02\/Die-Strottern2_c_Peter-Mayr-1536x1024.jpg 1536w, https:\/\/www.weanhean.at\/content\/wp-content\/uploads\/2023\/02\/Die-Strottern2_c_Peter-Mayr-2048x1365.jpg 2048w\" sizes=\"auto, (max-width: 1024px) 100vw, 1024px\" \/><\/figure>\n<\/figure>\n","protected":false},"excerpt":{"rendered":"<p>SCHWOAZZ HEANWIENERLIED IN FINSTAN Stellen Sie sich einmal vor, es wird finster im Konzertsaal. Was kommt Ihnen da alles in den Sinn? Strom-Sparma\u00dfnahme? Blackout? Oder denken Sie eher an hemmungsloses<a href=\"https:\/\/www.weanhean.at\/content\/weanhean2023\/programm2023\/sonntag-23-april-2023\/\" class=\"more-link\"><span class=\"readmore\">Continue reading<span class=\"screen-reader-text\">SONNTAG,\u00a023. APRIL 2023<\/span><\/span><\/a><\/p>\n","protected":false},"author":1,"featured_media":847,"parent":16,"menu_order":0,"comment_status":"closed","ping_status":"closed","template":"","meta":{"footnotes":""},"class_list":["post-58","page","type-page","status-publish","has-post-thumbnail","hentry"],"_links":{"self":[{"href":"https:\/\/www.weanhean.at\/content\/wp-json\/wp\/v2\/pages\/58","targetHints":{"allow":["GET"]}}],"collection":[{"href":"https:\/\/www.weanhean.at\/content\/wp-json\/wp\/v2\/pages"}],"about":[{"href":"https:\/\/www.weanhean.at\/content\/wp-json\/wp\/v2\/types\/page"}],"author":[{"embeddable":true,"href":"https:\/\/www.weanhean.at\/content\/wp-json\/wp\/v2\/users\/1"}],"replies":[{"embeddable":true,"href":"https:\/\/www.weanhean.at\/content\/wp-json\/wp\/v2\/comments?post=58"}],"version-history":[{"count":36,"href":"https:\/\/www.weanhean.at\/content\/wp-json\/wp\/v2\/pages\/58\/revisions"}],"predecessor-version":[{"id":938,"href":"https:\/\/www.weanhean.at\/content\/wp-json\/wp\/v2\/pages\/58\/revisions\/938"}],"up":[{"embeddable":true,"href":"https:\/\/www.weanhean.at\/content\/wp-json\/wp\/v2\/pages\/16"}],"wp:featuredmedia":[{"embeddable":true,"href":"https:\/\/www.weanhean.at\/content\/wp-json\/wp\/v2\/media\/847"}],"wp:attachment":[{"href":"https:\/\/www.weanhean.at\/content\/wp-json\/wp\/v2\/media?parent=58"}],"curies":[{"name":"wp","href":"https:\/\/api.w.org\/{rel}","templated":true}]}}