{"id":88,"date":"2023-02-01T13:00:31","date_gmt":"2023-02-01T12:00:31","guid":{"rendered":"https:\/\/www.weanhean.at\/content\/?page_id=88"},"modified":"2023-03-27T11:11:13","modified_gmt":"2023-03-27T09:11:13","slug":"dienstag-18-april-2023","status":"publish","type":"page","link":"https:\/\/www.weanhean.at\/content\/weanhean2023\/programm2023\/dienstag-18-april-2023\/","title":{"rendered":"DIENSTAG, 18. APRIL 2023"},"content":{"rendered":"\n<h2 class=\"wp-block-heading\">I HOB DI GAR SO GERN<br>70 JAHRE RUDI KOSCHELU<\/h2>\n\n\n<p>Er ist ein Stiller. Geh\u00f6rt haben Sie ihn trotzdem schon oft. Und zuh\u00f6ren tut man ihm gar so gern, dem Rudi Koschelu, weil er n\u00e4mlich etwas zu erz\u00e4hlen hat. Auf seinem Instrument, der Kontragitarre, und mit seiner Stimme, als Mensch und Musiker. In seinen 20ern bei einem Heurigenkonzert mit dem Wienerlied-Virus infiziert, ist Rudi Koschelu \u00fcber die Lebensspanne von einem halben Jahrhundert verbandelt mit allem, was in der einschl\u00e4gigen Szene Rang und Namen hat. Gemeinsam mit ausgew\u00e4hlten Lieblingskolleg:innen wird der \u201eWeana Spatz\u201c bei uns im Liebhartstaler Bockkeller seinen 70. Geburtstag mit einem Konzert feiern. Ein Dudel-Jubel sondergleichen!<\/p>\n\n\n<p><\/p>\n\n\n\n<blockquote class=\"wp-block-quote is-layout-flow wp-block-quote-is-layout-flow\">\n<p><strong>Rudi Koschelu<\/strong><br><strong>Gerhard Heger<\/strong><br>Constanze Hojsa<br>Tommy Hojsa<br>Tini Kainrath<br>Willi Lehner<br>Marie-Theres Stickler<\/p>\n<\/blockquote>\n\n\n\n<h4 class=\"wp-block-heading\"><a href=\"https:\/\/wienervolksliedwerk.reservix.at\/p\/reservix\/event\/2065387\" data-type=\"URL\" data-id=\"https:\/\/wienervolksliedwerk.reservix.at\/p\/reservix\/event\/2065387\">Tickets<\/a><\/h4>\n\n\n<p><span style=\"color: #a81417;\">DIE VERANSTALTUNG IST AUSVERKAUFT!<\/span><\/p>\n\n\n<h4 class=\"wp-block-heading\">Uhrzeit<\/h4>\n\n\n<p><span style=\"font-size: revert;\">Beginn 19:30 | Einlass 18:30<\/span><\/p>\n\n\n<h4 class=\"wp-block-heading\"><a href=\"https:\/\/wienervolksliedwerk.at\/\" data-type=\"URL\" data-id=\"https:\/\/wienervolksliedwerk.at\/\" target=\"_blank\" rel=\"noreferrer noopener\">Liebhartstaler Bockkeller<\/a><\/h4>\n\n\n<p>1160 Wien | Gallitzinstra\u00dfe 1 | U3 Ottakring + 45A\/46B Ottakringer Friedhof | 44 Maroltingergasse<\/p>\n\n\n<figure class=\"wp-block-gallery has-nested-images columns-default is-cropped wp-block-gallery-1 is-layout-flex wp-block-gallery-is-layout-flex\">\n<figure class=\"wp-block-image size-large\"><img loading=\"lazy\" decoding=\"async\" width=\"1024\" height=\"1024\" data-id=\"290\" src=\"https:\/\/www.weanhean.at\/content\/wp-content\/uploads\/2023\/02\/18042023_I-hob-di-gar-so-gern_c_Herbert-Zotti-1024x1024.jpg\" alt=\"\" class=\"wp-image-290\" srcset=\"https:\/\/www.weanhean.at\/content\/wp-content\/uploads\/2023\/02\/18042023_I-hob-di-gar-so-gern_c_Herbert-Zotti-1024x1024.jpg 1024w, https:\/\/www.weanhean.at\/content\/wp-content\/uploads\/2023\/02\/18042023_I-hob-di-gar-so-gern_c_Herbert-Zotti-300x300.jpg 300w, https:\/\/www.weanhean.at\/content\/wp-content\/uploads\/2023\/02\/18042023_I-hob-di-gar-so-gern_c_Herbert-Zotti-150x150.jpg 150w, https:\/\/www.weanhean.at\/content\/wp-content\/uploads\/2023\/02\/18042023_I-hob-di-gar-so-gern_c_Herbert-Zotti-768x768.jpg 768w, https:\/\/www.weanhean.at\/content\/wp-content\/uploads\/2023\/02\/18042023_I-hob-di-gar-so-gern_c_Herbert-Zotti-1536x1536.jpg 1536w, https:\/\/www.weanhean.at\/content\/wp-content\/uploads\/2023\/02\/18042023_I-hob-di-gar-so-gern_c_Herbert-Zotti-640x640.jpg 640w, https:\/\/www.weanhean.at\/content\/wp-content\/uploads\/2023\/02\/18042023_I-hob-di-gar-so-gern_c_Herbert-Zotti-180x180.jpg 180w, https:\/\/www.weanhean.at\/content\/wp-content\/uploads\/2023\/02\/18042023_I-hob-di-gar-so-gern_c_Herbert-Zotti-50x50.jpg 50w, https:\/\/www.weanhean.at\/content\/wp-content\/uploads\/2023\/02\/18042023_I-hob-di-gar-so-gern_c_Herbert-Zotti.jpg 1920w\" sizes=\"auto, (max-width: 1024px) 100vw, 1024px\" \/><\/figure>\n\n\n\n<figure class=\"wp-block-image size-large\"><img loading=\"lazy\" decoding=\"async\" width=\"764\" height=\"1024\" data-id=\"279\" src=\"https:\/\/www.weanhean.at\/content\/wp-content\/uploads\/2023\/02\/Tini-Kainrath2_c_Stella-764x1024.jpg\" alt=\"\" class=\"wp-image-279\" srcset=\"https:\/\/www.weanhean.at\/content\/wp-content\/uploads\/2023\/02\/Tini-Kainrath2_c_Stella-764x1024.jpg 764w, https:\/\/www.weanhean.at\/content\/wp-content\/uploads\/2023\/02\/Tini-Kainrath2_c_Stella-224x300.jpg 224w, https:\/\/www.weanhean.at\/content\/wp-content\/uploads\/2023\/02\/Tini-Kainrath2_c_Stella-768x1030.jpg 768w, https:\/\/www.weanhean.at\/content\/wp-content\/uploads\/2023\/02\/Tini-Kainrath2_c_Stella.jpg 1000w\" sizes=\"auto, (max-width: 764px) 100vw, 764px\" \/><\/figure>\n\n\n\n<figure class=\"wp-block-image size-large\"><img loading=\"lazy\" decoding=\"async\" width=\"681\" height=\"1024\" data-id=\"280\" src=\"https:\/\/www.weanhean.at\/content\/wp-content\/uploads\/2023\/02\/Tommy-Hojsa_c_Herbert-Zotti-681x1024.jpg\" alt=\"\" class=\"wp-image-280\" srcset=\"https:\/\/www.weanhean.at\/content\/wp-content\/uploads\/2023\/02\/Tommy-Hojsa_c_Herbert-Zotti-681x1024.jpg 681w, https:\/\/www.weanhean.at\/content\/wp-content\/uploads\/2023\/02\/Tommy-Hojsa_c_Herbert-Zotti-200x300.jpg 200w, https:\/\/www.weanhean.at\/content\/wp-content\/uploads\/2023\/02\/Tommy-Hojsa_c_Herbert-Zotti-768x1155.jpg 768w, https:\/\/www.weanhean.at\/content\/wp-content\/uploads\/2023\/02\/Tommy-Hojsa_c_Herbert-Zotti-1022x1536.jpg 1022w, https:\/\/www.weanhean.at\/content\/wp-content\/uploads\/2023\/02\/Tommy-Hojsa_c_Herbert-Zotti.jpg 1277w\" sizes=\"auto, (max-width: 681px) 100vw, 681px\" \/><\/figure>\n\n\n\n<figure class=\"wp-block-image size-large\"><img loading=\"lazy\" decoding=\"async\" width=\"935\" height=\"625\" data-id=\"281\" src=\"https:\/\/www.weanhean.at\/content\/wp-content\/uploads\/2023\/02\/Willy-Lehner_c_Herbert-Zotti.jpg\" alt=\"\" class=\"wp-image-281\" srcset=\"https:\/\/www.weanhean.at\/content\/wp-content\/uploads\/2023\/02\/Willy-Lehner_c_Herbert-Zotti.jpg 935w, https:\/\/www.weanhean.at\/content\/wp-content\/uploads\/2023\/02\/Willy-Lehner_c_Herbert-Zotti-300x201.jpg 300w, https:\/\/www.weanhean.at\/content\/wp-content\/uploads\/2023\/02\/Willy-Lehner_c_Herbert-Zotti-768x513.jpg 768w\" sizes=\"auto, (max-width: 935px) 100vw, 935px\" \/><\/figure>\n\n\n\n<figure class=\"wp-block-image size-large\"><img loading=\"lazy\" decoding=\"async\" width=\"1024\" height=\"927\" data-id=\"282\" src=\"https:\/\/www.weanhean.at\/content\/wp-content\/uploads\/2023\/02\/Marie-Theres-Stickler_c_Alfred-Pany-1024x927.jpg\" alt=\"\" class=\"wp-image-282\" srcset=\"https:\/\/www.weanhean.at\/content\/wp-content\/uploads\/2023\/02\/Marie-Theres-Stickler_c_Alfred-Pany-1024x927.jpg 1024w, https:\/\/www.weanhean.at\/content\/wp-content\/uploads\/2023\/02\/Marie-Theres-Stickler_c_Alfred-Pany-300x272.jpg 300w, https:\/\/www.weanhean.at\/content\/wp-content\/uploads\/2023\/02\/Marie-Theres-Stickler_c_Alfred-Pany-768x695.jpg 768w, https:\/\/www.weanhean.at\/content\/wp-content\/uploads\/2023\/02\/Marie-Theres-Stickler_c_Alfred-Pany.jpg 1500w\" sizes=\"auto, (max-width: 1024px) 100vw, 1024px\" \/><\/figure>\n\n\n\n<figure class=\"wp-block-image size-large\"><img loading=\"lazy\" decoding=\"async\" width=\"637\" height=\"848\" data-id=\"783\" src=\"https:\/\/www.weanhean.at\/content\/wp-content\/uploads\/2023\/02\/gerhard-heger_c_privat.jpg\" alt=\"\" class=\"wp-image-783\" srcset=\"https:\/\/www.weanhean.at\/content\/wp-content\/uploads\/2023\/02\/gerhard-heger_c_privat.jpg 637w, https:\/\/www.weanhean.at\/content\/wp-content\/uploads\/2023\/02\/gerhard-heger_c_privat-225x300.jpg 225w\" sizes=\"auto, (max-width: 637px) 100vw, 637px\" \/><\/figure>\n\n\n\n<figure class=\"wp-block-image size-large\"><img loading=\"lazy\" decoding=\"async\" width=\"1024\" height=\"683\" data-id=\"283\" src=\"https:\/\/www.weanhean.at\/content\/wp-content\/uploads\/2023\/02\/Rudi-Koschelu_c_Herbert-Zotti-1024x683.jpg\" alt=\"\" class=\"wp-image-283\" srcset=\"https:\/\/www.weanhean.at\/content\/wp-content\/uploads\/2023\/02\/Rudi-Koschelu_c_Herbert-Zotti-1024x683.jpg 1024w, https:\/\/www.weanhean.at\/content\/wp-content\/uploads\/2023\/02\/Rudi-Koschelu_c_Herbert-Zotti-300x200.jpg 300w, https:\/\/www.weanhean.at\/content\/wp-content\/uploads\/2023\/02\/Rudi-Koschelu_c_Herbert-Zotti-768x512.jpg 768w, https:\/\/www.weanhean.at\/content\/wp-content\/uploads\/2023\/02\/Rudi-Koschelu_c_Herbert-Zotti-1536x1024.jpg 1536w, https:\/\/www.weanhean.at\/content\/wp-content\/uploads\/2023\/02\/Rudi-Koschelu_c_Herbert-Zotti.jpg 1920w\" sizes=\"auto, (max-width: 1024px) 100vw, 1024px\" \/><\/figure>\n\n\n\n<figure class=\"wp-block-image size-large\"><img loading=\"lazy\" decoding=\"async\" width=\"1024\" height=\"682\" data-id=\"278\" src=\"https:\/\/www.weanhean.at\/content\/wp-content\/uploads\/2023\/02\/Constanze-Hojsa2_c_Herbert-Zotti-1024x682.jpg\" alt=\"\" class=\"wp-image-278\" srcset=\"https:\/\/www.weanhean.at\/content\/wp-content\/uploads\/2023\/02\/Constanze-Hojsa2_c_Herbert-Zotti-1024x682.jpg 1024w, https:\/\/www.weanhean.at\/content\/wp-content\/uploads\/2023\/02\/Constanze-Hojsa2_c_Herbert-Zotti-300x200.jpg 300w, https:\/\/www.weanhean.at\/content\/wp-content\/uploads\/2023\/02\/Constanze-Hojsa2_c_Herbert-Zotti-768x511.jpg 768w, https:\/\/www.weanhean.at\/content\/wp-content\/uploads\/2023\/02\/Constanze-Hojsa2_c_Herbert-Zotti-1536x1022.jpg 1536w, https:\/\/www.weanhean.at\/content\/wp-content\/uploads\/2023\/02\/Constanze-Hojsa2_c_Herbert-Zotti.jpg 1920w\" sizes=\"auto, (max-width: 1024px) 100vw, 1024px\" \/><\/figure>\n<\/figure>\n","protected":false},"excerpt":{"rendered":"<p>I HOB DI GAR SO GERN70 JAHRE RUDI KOSCHELU Er ist ein Stiller. Geh\u00f6rt haben Sie ihn trotzdem schon oft. Und zuh\u00f6ren tut man ihm gar so gern, dem Rudi<a href=\"https:\/\/www.weanhean.at\/content\/weanhean2023\/programm2023\/dienstag-18-april-2023\/\" class=\"more-link\"><span class=\"readmore\">Continue reading<span class=\"screen-reader-text\">DIENSTAG, 18. APRIL 2023<\/span><\/span><\/a><\/p>\n","protected":false},"author":1,"featured_media":847,"parent":16,"menu_order":0,"comment_status":"closed","ping_status":"closed","template":"","meta":{"footnotes":""},"class_list":["post-88","page","type-page","status-publish","has-post-thumbnail","hentry"],"_links":{"self":[{"href":"https:\/\/www.weanhean.at\/content\/wp-json\/wp\/v2\/pages\/88","targetHints":{"allow":["GET"]}}],"collection":[{"href":"https:\/\/www.weanhean.at\/content\/wp-json\/wp\/v2\/pages"}],"about":[{"href":"https:\/\/www.weanhean.at\/content\/wp-json\/wp\/v2\/types\/page"}],"author":[{"embeddable":true,"href":"https:\/\/www.weanhean.at\/content\/wp-json\/wp\/v2\/users\/1"}],"replies":[{"embeddable":true,"href":"https:\/\/www.weanhean.at\/content\/wp-json\/wp\/v2\/comments?post=88"}],"version-history":[{"count":27,"href":"https:\/\/www.weanhean.at\/content\/wp-json\/wp\/v2\/pages\/88\/revisions"}],"predecessor-version":[{"id":1007,"href":"https:\/\/www.weanhean.at\/content\/wp-json\/wp\/v2\/pages\/88\/revisions\/1007"}],"up":[{"embeddable":true,"href":"https:\/\/www.weanhean.at\/content\/wp-json\/wp\/v2\/pages\/16"}],"wp:featuredmedia":[{"embeddable":true,"href":"https:\/\/www.weanhean.at\/content\/wp-json\/wp\/v2\/media\/847"}],"wp:attachment":[{"href":"https:\/\/www.weanhean.at\/content\/wp-json\/wp\/v2\/media?parent=88"}],"curies":[{"name":"wp","href":"https:\/\/api.w.org\/{rel}","templated":true}]}}